{"id":12,"date":"2025-08-19T08:27:10","date_gmt":"2025-08-19T08:27:10","guid":{"rendered":"https:\/\/localhost\/wordpress\/?page_id=12"},"modified":"2025-12-11T10:54:23","modified_gmt":"2025-12-11T10:54:23","slug":"fees","status":"publish","type":"page","link":"https:\/\/confidopay.com\/it\/fees\/","title":{"rendered":"Tasse"},"content":{"rendered":"<h1 class=\"wp-block-heading has-text-align-center\">Prezzi che mettono al primo posto il cliente<\/h1>\n\n\n\n<p class=\"has-text-align-center\">Crediamo nella trasparenza e nell'equit\u00e0. I nostri prezzi sono studiati per offrirvi il miglior valore e sbloccare il vero potere delle vostre criptovalute.<\/p>\n\n\n\n<div class=\"wp-block-buttons is-content-justification-center is-layout-flex wp-container-core-buttons-is-layout-16018d1d wp-block-buttons-is-layout-flex\">\n<div class=\"wp-block-button\"><a class=\"wp-block-button__link wp-element-button\" href=\"https:\/\/app.confidopay.com\/\">Ottenere la carta<\/a><\/div>\n<\/div>\n\n\n\n\n\n\n<!-- cards_list -->\n<div id=\"cards-block_46ccb1d7295f6319015bfba6a26ce16d\" class=\"cards_list\">\n    <ul>\n                    <li>\n                <h2 title=\"Crittografia\">Crittografia<\/h2>                <p>Commissione di scambio di criptovalute<strong>0,1% + 1 EUR<\/strong><\/p>\n                <p>Commissione di prelievo di criptovalute*<strong>0,1% + 1 EUR<\/strong><\/p>\n                <p>Commissione per il deposito di criptovalute<strong>0,1% + 1 EUR<\/strong><\/p>                <footer>*Questa commissione si aggiunge alla commissione basata sulla rete riscossa dal nostro fornitore terzo.<\/footer>            <\/li>\n                    <li>\n                <h2 title=\"Settore bancario\">Settore bancario<\/h2>                <p>Bonifico bancario in entrata<strong>0,1% + 1 EUR<\/strong><\/p>\n                <p>Bonifico bancario in uscita<strong>0,1% + 1 EUR<\/strong><\/p>\n                                            <\/li>\n                    <li>\n                <h2 title=\"Carte\">Carte<\/h2>                <p>Creazione della carta fisica<strong>0 EUR<\/strong><\/p>\n                <p>Creazione di carte virtuali<strong>0 EUR<\/strong><\/p>\n                                            <\/li>\n            <\/ul>\n<\/div>\n<!-- \/cards_list -->\n\n\n\n\n\n\n<!-- faq_list -->\n<div id=\"faq-block_f93a4882f9c053f81d9bf76410eae61d\" class=\"faq_list\">\n    <header>\n        <h2 title=\"Domande frequenti (FAQ)\">Domande frequenti (FAQ)<\/h2>        <p>Sappiamo che avete domande sull'utilizzo della nostra innovativa carta di debito in criptovaluta. Siamo qui per fornire risposte chiare, concise e affidabili, basate sui nostri processi operativi e sulle nostre caratteristiche.<\/p>\n    <\/header>\n    <dl>\n                        <dt><h3 class=\"is-style-alt\">Che cos'\u00e8 esattamente la carta Confidopay e come funziona?<\/h3><div class=\"plusminus\"><\/div><\/dt>\n            <dd>\n<p>Confidopay \u00e8 una soluzione di carta di debito per criptovalute che consente di convertire senza problemi le criptovalute in valuta fiat per le spese quotidiane. Utilizzando API avanzate e protocolli di transazione sicuri, la nostra piattaforma facilita conversioni quasi istantanee presso il punto vendita o di prelievo. Ci\u00f2 significa che potete utilizzare le vostre attivit\u00e0 in criptovaluta come la valuta tradizionale ovunque siano accettate le carte di debito, in tutto il mondo. Il nostro sistema opera su un modello di scambio in tempo reale, che vi garantisce di ricevere il valore di mercato corrente per le vostre conversioni di criptovalute, con commissioni minime e trasparenti, come indicato nella nostra struttura delle commissioni.<\/p>\n<\/dd>\n                    <dt><h3 class=\"is-style-alt\">Le mie transazioni sono sicure con Confidopay?<\/h3><div class=\"plusminus\"><\/div><\/dt>\n            <dd>\n<p>S\u00ec, la sicurezza \u00e8 la nostra preoccupazione principale. Utilizziamo protocolli di crittografia all'avanguardia e di autenticazione a pi\u00f9 fattori per proteggere i vostri fondi e le vostre informazioni personali. Tutte le transazioni vengono elaborate attraverso sistemi conformi agli standard PCI DSS. Inoltre, forniamo un monitoraggio delle transazioni in tempo reale e notifiche istantanee per aiutarvi a rimanere informati sull'attivit\u00e0 del vostro conto. Questo solido quadro di sicurezza \u00e8 stato creato per garantire la massima sicurezza dei vostri beni digitali e delle vostre interazioni finanziarie.<\/p>\n<\/dd>\n                    <dt><h3 class=\"is-style-alt\">Quali sono le commissioni associate all'utilizzo della carta Confidopay?<\/h3><div class=\"plusminus\"><\/div><\/dt>\n            <dd>\n<p>Siamo orgogliosi della trasparenza. La nostra struttura delle commissioni \u00e8 stata progettata per essere semplice e minima, assicurandovi il massimo valore dei vostri asset in cripto. Come documentato, applichiamo una commissione di 0,1% + 1 EUR per scambi di criptovalute, prelievi, depositi e trasferimenti bancari. In particolare, la creazione di carte virtuali e fisiche \u00e8 gratuita. Queste commissioni sono in linea con gli standard del settore per lo scambio di asset digitali e l'elaborazione delle transazioni. Rivediamo e ottimizziamo continuamente la nostra struttura di commissioni per offrire le tariffe pi\u00f9 competitive.<\/p>\n<\/dd>\n                    <dt><h3 class=\"is-style-alt\">Come posso scegliere tra la carta Confidopay virtuale e quella fisica?<\/h3><div class=\"plusminus\"><\/div><\/dt>\n            <dd>\n<p>La scelta dipende dalle vostre esigenze e preferenze individuali. La nostra carta virtuale \u00e8 ideale per lo shopping online sicuro e le transazioni digitali, e offre un'attivazione immediata e l'integrazione con portafogli digitali come Google Wallet e Apple Wallet. La carta fisica offre una maggiore versatilit\u00e0 per le spese quotidiane, i prelievi al bancomat e i pagamenti \"tap-and-go\", oltre all'integrazione con i portafogli mobili. \u00c8 possibile ottenere entrambe le carte e gestirle all'interno dello stesso conto per una flessibilit\u00e0 di spesa completa.<\/p>\n<\/dd>\n                    <dt><h3 class=\"is-style-alt\">In quanto tempo posso accedere e utilizzare la mia carta dopo la sottoscrizione?<\/h3><div class=\"plusminus\"><\/div><\/dt>\n            <dd>\n<p>Il nostro processo di onboarding \u00e8 progettato per garantire velocit\u00e0 ed efficienza. Dopo la registrazione e la verifica dell'account, \u00e8 possibile accedere immediatamente alla carta virtuale e iniziare a utilizzarla. La carta fisica pu\u00f2 essere ordinata e sar\u00e0 consegnata secondo i tempi di spedizione standard. La nostra piattaforma facilita il collegamento immediato della carta alla valuta e ai portafogli di criptovalute preferiti, consentendo transazioni quasi istantanee.<\/p>\n<\/dd>\n                    <dt><h3 class=\"is-style-alt\">Quali sono le valute supportate dalla carta Confidopay?<\/h3><div class=\"plusminus\"><\/div><\/dt>\n            <dd>\n<p>Confidopay supporta attualmente le seguenti criptovalute: Bitcoin. Bitcoin su Lightning Network. Ethereum. USDC su Ethereum (ERC20). USDC su Polygon (ERC20). BNB su BNB Smart Chain. Stiamo lavorando attivamente per ampliare le criptovalute supportate, in modo da offrire ai nostri utenti una flessibilit\u00e0 e una scelta ancora maggiori.<\/p>\n<\/dd>\n                    <dt><h3 class=\"is-style-alt\">Chi pu\u00f2 diventare un Utente finale dei Servizi?<\/h3><div class=\"plusminus\"><\/div><\/dt>\n            <dd>\n<p><br>Attualmente forniamo Servizi e mettiamo a disposizione Servizi di terzi agli Utenti finali che sono persone fisiche con cittadinanza o residenza in uno Stato contraente del SEE o in Svizzera.<br>We have currently suspended onboarding End Users residing in Hungary.<\/p>\n<\/dd>\n                    <dt><h3 class=\"is-style-alt\">Le carte di pagamento sono disponibili per tutti i clienti idonei?<\/h3><div class=\"plusminus\"><\/div><\/dt>\n            <dd>\n<p><br>Le carte di pagamento sono disponibili solo per i residenti nel SEE.<\/p>\n<\/dd>\n                    <dt><h3 class=\"is-style-alt\">Cosa \u00e8 necessario per creare un account utente finale (Tier 1)?<\/h3><div class=\"plusminus\"><\/div><\/dt>\n            <dd>\n<p>Un conto utente finale viene creato per le persone idonee che hanno completato il KYC. I requisiti principali per la creazione di un conto (Tier 1) sono:<\/p>\n\n\n\n<p><strong>Prova di identit\u00e0 (POI):<\/strong>&nbsp;Un documento valido per viaggiare all'interno del SEE (per i cittadini del SEE e della Svizzera, la carta d'identit\u00e0 nazionale o il passaporto; per i cittadini di altre giurisdizioni, il passaporto).<\/p>\n\n\n\n<p><strong>Selfie.<\/strong><\/p>\n<\/dd>\n                    <dt><h3 class=\"is-style-alt\">Quali sono i requisiti aggiuntivi per i cittadini di paesi terzi che risiedono nel SEE o in Svizzera?<\/h3><div class=\"plusminus\"><\/div><\/dt>\n            <dd>\n<p><br>I cittadini di Paesi terzi che risiedono nel SEE o in Svizzera necessitano di una seconda prova d'identit\u00e0 (POI2), ovvero un permesso di soggiorno valido rilasciato da uno Stato contraente del SEE o dalla Svizzera. In alcuni casi limitati, possiamo accettare come POI2 una carta d'identit\u00e0 rilasciata da uno Stato contraente del SEE.<\/p>\n<\/dd>\n                    <dt><h3 class=\"is-style-alt\">Quando \u00e8 richiesta una prova di indirizzo (POA)?<\/h3><div class=\"plusminus\"><\/div><\/dt>\n            <dd>\n<p><br>In alcuni casi, potremmo richiedere un documento di prova dell'indirizzo (POA) nel Tier 1 per approvare il KYC.<\/p>\n<\/dd>\n                    <dt><h3 class=\"is-style-alt\">Quando un utente finale passa alla verifica di livello 2?<\/h3><div class=\"plusminus\"><\/div><\/dt>\n            <dd>\n<p><br>L'Utente finale \u00e8 tenuto a fornire la documentazione di livello 2 quando il valore delle transazioni in entrata raggiunge i 15.000 euro di attivit\u00e0 virtuali o i 25.000 euro complessivi.<\/p>\n<\/dd>\n                    <dt><h3 class=\"is-style-alt\">Quali documenti sono necessari per la verifica del Tier 2?<\/h3><div class=\"plusminus\"><\/div><\/dt>\n            <dd>\n<p>I requisiti del livello 2 sono:<\/p>\n\n\n\n<p><strong>Documento di prova dell'indirizzo (POA)<\/strong>&nbsp;(se non \u00e8 stato fornito nel livello 1): Deve trattarsi di una bolletta (ad esempio di elettricit\u00e0, gas, acqua o linea fissa) o di un estratto conto (ad esempio di un istituto di pagamento o di una banca). Le bollette dei cellulari non sono accettate. Il documento deve essere intestato all'Utente finale, corrispondere all'indirizzo fornito e non deve essere pi\u00f9 vecchio di tre (3) mesi.<\/p>\n\n\n\n<p><strong>Informazioni e documenti sulla fonte dei fondi<\/strong>.<\/p>\n<\/dd>\n                    <dt><h3 class=\"is-style-alt\">Qual \u00e8 la scadenza per completare la verifica del Tier 2?<\/h3><div class=\"plusminus\"><\/div><\/dt>\n            <dd>\n<p><br>L'utente finale ha a disposizione un periodo di 30 giorni per completare la verifica di livello 2, durante il quale le funzionalit\u00e0 complete dell'account rimangono accessibili.<\/p>\n<\/dd>\n                    <dt><h3 class=\"is-style-alt\">Quali sono i limiti di transazione per i singoli clienti nel Tier 1 e nel Tier 2?<\/h3><div class=\"plusminus\"><\/div><\/dt>\n            <dd>\n<p>Si applicano i seguenti limiti\/soglie di transazione:<\/p>\n\n\n\n<figure class=\"wp-block-table\"><table class=\"has-fixed-layout\"><tbody><tr><td><strong>Livello<\/strong><\/td><td><strong>Transazioni in entrata<\/strong><\/td><td><strong>Transazioni in uscita<\/strong><\/td><\/tr><tr><td><strong>Livello 1<\/strong><\/td><td>Versamenti di attivit\u00e0 virtuali: meno di 15.000 euro in totale. Tutti i versamenti: meno di 25.000 euro in totale.<\/td><td>Tutte le transazioni in uscita\u00b9: 10.000 euro al mese. Pagamenti con carta\u00b2: 10.000 euro al mese \/ 10.000 euro al giorno. Prelievi da ATM\u00b3: 3.000 euro al mese \/ 350 euro al giorno.<\/td><\/tr><tr><td><strong>Livello 2<\/strong><\/td><td>N\/A (Nessun limite specificato).<\/td><td>Nessun limite per le transazioni in uscita, ad eccezione di: Pagamenti con carta: 15.000 euro al mese \/ 10.000 euro al giorno. Prelievi da ATM: 3.000 euro al mese \/ 350 euro al giorno.<\/td><\/tr><\/tbody><\/table><\/figure>\n\n\n\n<p>\u00b9I prelievi di attivit\u00e0 virtuali e di valuta fiat, i trasferimenti di attivit\u00e0 virtuali e le transazioni con carta vengono conteggiati nel limite complessivo delle transazioni in uscita.<\/p>\n\n\n\n<p>I pagamenti con carta sono inoltre soggetti al limite totale mensile di uscita.<\/p>\n\n\n\n<p>I prelievi ATM sono inoltre soggetti al limite totale mensile di uscita.<\/p>\n<\/dd>\n                    <dt><h3 class=\"is-style-alt\">Quali sono i Paesi limitati per i Servizi generali?<\/h3><div class=\"plusminus\"><\/div><\/dt>\n            <dd>\n<p>Currently, we are unable to provide or make Services available to residents of the following jurisdictions: Afghanistan, Albania, Algeria, Angola, Armenia, Azerbaijan, Barbados, Belarus, Bolivia, Botswana, Burkina Faso, Burundi, Cambodia, Cameroon, Cayman Islands, Central African Republic, Chad, China, C\u00f4te d&#8217;Ivoire (Ivory Coast), Cuba, Democratic Republic of Congo, Democratic People\u2019s Republic of Korea (North Korea), Egypt, Equatorial Guinea, Ghana, Gibraltar, Guinea, Guinea-Bissau, Haiti, Iran, Iraq, Jamaica, Japan, Jordan, Kazakhstan, Kenya, Kyrgyzstan, Laos, Lebanon, Libya, Mali, Mauritius, Moldova, Monaco, Morocco, Mozambique, Myanmar, Namibia, Nepal, Nicaragua, Niger, Nigeria, Pakistan, Palestinian Authority, Panama, Philippines, Russia, Saudi Arabia, Senegal, Somalia, South Africa, South Sudan, Sri Lanka, Sudan, Syria, Tajikistan, Tanzania, Trinidad and Tobago, Tunisia, Turkmenistan, T\u00fcrkiye, Uganda, Ukraine, United Arab Emirates, United Kingdom of Great Britain and Northern Ireland, United States of America, Uzbekistan, Vanuatu, Venezuela, Vietnam, Virgin Islands (UK), Yemen, Zimbabwe. Access to Services may be restricted in the countries, territories, regions, and jurisdictions provided above.<\/p>\n<\/dd>\n                    <dt><h3 class=\"is-style-alt\">I cittadini della Federazione Russa possono usufruire dei Servizi?<\/h3><div class=\"plusminus\"><\/div><\/dt>\n            <dd>\n<p><br>Per motivi normativi, attualmente non siamo in grado di offrire i Servizi ai cittadini della Federazione Russa, indipendentemente dalla loro residenza. Fanno eccezione i cittadini della Federazione Russa che possiedono anche la cittadinanza dell'UE\/SEE o della Svizzera, che possono usufruire dei nostri Servizi.<\/p>\n<\/dd>\n                    <dt><h3 class=\"is-style-alt\">Dove \u00e8 escluso l'uso della carta di pagamento?<\/h3><div class=\"plusminus\"><\/div><\/dt>\n            <dd>\n<p><br>Using the Payment Card is not possible within the following countries, territories, regions, or jurisdictions: Afghanistan, Algeria, Belarus, Burkina Faso, Cameroon, Cuba, Democratic Republic of Congo, Egypt, Guinea Bissau, Haiti, Iran, Iraq, Jordan, Kyrgyzstan, Lebanon, Libya, Mali, Morocco, Mozambique, Myanmar, Nicaragua, Niger, Nigeria, North Korea, Pakistan, Palestinian Authority, Russia, Saudi Arabia, Somalia, South Sudan, Sudan, Syria, Tajikistan, Tunisia, Turkmenistan, T\u00fcrkiye, Ukraine*, United Arab Emirates, Uzbekistan, Venezuela, Yemen, Zimbabwe.<\/p>\n<\/dd>\n                    <dt><h3 class=\"is-style-alt\">Ci sono limitazioni specifiche per le transazioni con carta in Ucraina?<\/h3><div class=\"plusminus\"><\/div><\/dt>\n            <dd>\n<p><br>Le transazioni con carta in Ucraina possono essere disponibili in alcune applicazioni. Tuttavia, non sono possibili nelle aree dell'Ucraina che non sono sotto il controllo del governo.<\/p>\n<\/dd>\n                <\/dl>\n<\/div>\n<!-- \/faq_list -->\n\n\n\n\n\n\n<!-- cta_block -->\n<div id=\"cta-block_249aedf291b0210d6ecf9b3dbe9cbac9\" class=\"cta_block\">\n    <header>\n\t\t        <h2><strong>Inizio<\/strong> Il vostro viaggio con Confidopay<\/h2>        <p>Siete pronti a sperimentare la libert\u00e0 di spendere senza fatica in criptovalute? Convertite i vostri beni digitali in fiat con commissioni prossime allo zero e utilizzate la vostra carta in tutto il mondo. Iscrivetevi in pochi minuti e sbloccate oggi stesso il vero potenziale delle vostre criptovalute.<\/p>\n\t\t        <a class=\"button\" href=\"https:\/\/app.confidopay.com\/\" title=\"Ottenere la carta\" target=\"\">Ottenere la carta<\/a>    <\/header>\n\t<span class=\"card_additional_text\"> *The final design of the card may be different.<\/span>\t<div class=\"get_it_on\"><h4>Vai su<\/h4><ul><li><a href=\"\/it\/\"><img decoding=\"async\" width=\"244\" height=\"72\" loading=\"lazy\" src=\"https:\/\/confidopay.com\/wp-content\/uploads\/2025\/08\/google_play.png\" alt=\"\" \/><\/a><\/li><li><a href=\"\/it\/\"><img decoding=\"async\" width=\"240\" height=\"72\" loading=\"lazy\" src=\"https:\/\/confidopay.com\/wp-content\/uploads\/2025\/08\/app_store.png\" alt=\"\" \/><\/a><\/li><\/ul><\/div><\/div>\n<!-- \/cta_block -->","protected":false},"excerpt":{"rendered":"<p>Pricing That Puts You First We believe in transparency and fairness. Our pricing is designed to give you the best value while unlocking the true power of your crypto.<\/p>","protected":false},"author":1,"featured_media":0,"parent":0,"menu_order":0,"comment_status":"closed","ping_status":"closed","template":"","meta":{"_acf_changed":false,"footnotes":""},"class_list":["post-12","page","type-page","status-publish","hentry"],"acf":[],"_links":{"self":[{"href":"https:\/\/confidopay.com\/it\/wp-json\/wp\/v2\/pages\/12","targetHints":{"allow":["GET"]}}],"collection":[{"href":"https:\/\/confidopay.com\/it\/wp-json\/wp\/v2\/pages"}],"about":[{"href":"https:\/\/confidopay.com\/it\/wp-json\/wp\/v2\/types\/page"}],"author":[{"embeddable":true,"href":"https:\/\/confidopay.com\/it\/wp-json\/wp\/v2\/users\/1"}],"replies":[{"embeddable":true,"href":"https:\/\/confidopay.com\/it\/wp-json\/wp\/v2\/comments?post=12"}],"version-history":[{"count":2,"href":"https:\/\/confidopay.com\/it\/wp-json\/wp\/v2\/pages\/12\/revisions"}],"predecessor-version":[{"id":415,"href":"https:\/\/confidopay.com\/it\/wp-json\/wp\/v2\/pages\/12\/revisions\/415"}],"wp:attachment":[{"href":"https:\/\/confidopay.com\/it\/wp-json\/wp\/v2\/media?parent=12"}],"curies":[{"name":"wp","href":"https:\/\/api.w.org\/{rel}","templated":true}]}}