{"id":268,"date":"2025-08-19T08:27:01","date_gmt":"2025-08-19T08:27:01","guid":{"rendered":"https:\/\/localhost\/wordpress\/?page_id=10"},"modified":"2025-12-11T10:54:08","modified_gmt":"2025-12-11T10:54:08","slug":"about-us","status":"publish","type":"page","link":"https:\/\/confidopay.com\/fr\/about-us\/","title":{"rendered":"A propos de nous"},"content":{"rendered":"<!-- heading_block -->\n<div id=\"heading-block_64d2aa882fb1f9226c412b2a9742c9ce\" class=\"heading_block alignfull\">\n    <figure class=\"wrapper\">\n        <figcaption>\n            <h1><strong>Beaucoup plus<\/strong> plus qu'une simple carte de paiement<\/h1>            <p>Construit par des crypto-croyants pour des crypto-croyants.<\/p>\n            <a class=\"button\" href=\"https:\/\/app.confidopay.com\/\" title=\"Obtenez votre carte\" target=\"\">Obtenez votre carte<\/a>                    <\/figcaption>\n        <div><img decoding=\"async\" width=\"1500\" height=\"1001\" loading=\"lazy\" srcset=\"https:\/\/confidopay.com\/wp-content\/uploads\/2025\/08\/img-768x513.jpg 480w, https:\/\/confidopay.com\/wp-content\/uploads\/2025\/08\/img-960x641.jpg 768w, https:\/\/confidopay.com\/wp-content\/uploads\/2025\/08\/img-1200x801.jpg 960w, https:\/\/confidopay.com\/wp-content\/uploads\/2025\/08\/img.jpg 1200w, https:\/\/confidopay.com\/wp-content\/uploads\/2025\/08\/img.jpg 2000w, https:\/\/confidopay.com\/wp-content\/uploads\/2025\/08\/img.jpg 3000w\" sizes=\"auto, (max-width:479px) 480px, (min-width: 480px) and (max-width: 767px) 768px, (min-width: 768px) and (max-width: 959px) 960px, (min-width: 960px) and (max-width: 1200px) 1200px, 100vw\" src=\"https:\/\/confidopay.com\/wp-content\/uploads\/2025\/08\/img-960x641.jpg\" alt=\"\" \/><span class=\"card_additional_text\"> *La conception finale de la carte peut \u00eatre diff\u00e9rente.<\/span><\/div>    <\/figure>\n<\/div>\n<!-- \/heading_block -->\n\n\n<div class=\"wp-block-columns is-layout-flex wp-container-core-columns-is-layout-9d6595d7 wp-block-columns-is-layout-flex\">\n<div class=\"wp-block-column is-layout-flow wp-block-column-is-layout-flow\">\n<h2 class=\"wp-block-heading\">Qui sommes-nous ?<\/h2>\n<\/div>\n\n\n\n<div class=\"wp-block-column is-layout-flow wp-block-column-is-layout-flow\">\n<p>Nous sommes une \u00e9quipe de passionn\u00e9s de crypto-monnaies, de technologues et d'utilisateurs quotidiens qui en ont assez des frictions entre les actifs num\u00e9riques et leur utilisation dans le monde r\u00e9el. Confidopay est n\u00e9 d'une id\u00e9e simple : et si d\u00e9penser des crypto-monnaies \u00e9tait aussi facile que de glisser une carte ?<\/p>\n\n\n\n<p>Nous avons v\u00e9cu la douleur des frais \u00e9lev\u00e9s, des conversions maladroites et de l'acc\u00e8s limit\u00e9. Nous avons donc construit quelque chose de mieux pour nous et pour vous. Confidopay n'est pas seulement un produit ; c'est un mouvement vers la libert\u00e9 financi\u00e8re, la simplicit\u00e9 et l'acc\u00e8s global.<\/p>\n<\/div>\n<\/div>\n\n\n\n<div class=\"wp-block-columns is-layout-flex wp-container-core-columns-is-layout-9d6595d7 wp-block-columns-is-layout-flex\">\n<div class=\"wp-block-column is-layout-flow wp-block-column-is-layout-flow\">\n<h2 class=\"wp-block-heading\">Notre mission<\/h2>\n<\/div>\n\n\n\n<div class=\"wp-block-column is-layout-flow wp-block-column-is-layout-flow\">\n<p>Rendre les d\u00e9penses en crypto-monnaie faciles, s\u00e9curis\u00e9es et accessibles partout dans le monde. Que vous achetiez un caf\u00e9, r\u00e9serviez un vol ou payiez des factures, nous pensons que vos actifs num\u00e9riques doivent vous servir dans la vie r\u00e9elle.<\/p>\n\n\n\n<div class=\"wp-block-buttons is-layout-flex wp-block-buttons-is-layout-flex\">\n<div class=\"wp-block-button\"><a class=\"wp-block-button__link wp-element-button\" href=\"https:\/\/app.confidopay.com\/\">Obtenez votre carte<\/a><\/div>\n<\/div>\n<\/div>\n<\/div>\n\n\n\n<div class=\"wp-block-cover\"><span aria-hidden=\"true\" class=\"wp-block-cover__background has-background-dim-100 has-background-dim has-background-gradient\" style=\"background:linear-gradient(135deg,rgb(11,57,90) 0%,rgb(24,26,38) 100%)\"><\/span><div class=\"wp-block-cover__inner-container is-layout-constrained wp-block-cover-is-layout-constrained\">\n<div class=\"wp-block-columns is-layout-flex wp-container-core-columns-is-layout-9d6595d7 wp-block-columns-is-layout-flex\">\n<div class=\"wp-block-column is-layout-flow wp-block-column-is-layout-flow\">\n<h2 class=\"wp-block-heading\"><strong>Ce qu'il faut faire <\/strong>Nous proposons<\/h2>\n<\/div>\n\n\n\n<div class=\"wp-block-column is-layout-flow wp-block-column-is-layout-flow\">\n<p>Notre carte de d\u00e9bit cryptographique est con\u00e7ue pour les personnes r\u00e9elles. Elle est rapide, flexible et con\u00e7ue pour s'adapter \u00e0 votre style de vie. Voici comment nous proc\u00e9dons :<\/p>\n\n\n\n<div class=\"wp-block-buttons is-layout-flex wp-block-buttons-is-layout-flex\">\n<div class=\"wp-block-button\"><a class=\"wp-block-button__link wp-element-button\" href=\"https:\/\/app.confidopay.com\/\">Obtenez votre carte<\/a><\/div>\n<\/div>\n<\/div>\n<\/div>\n\n\n\n<div class=\"wp-block-media-text is-stacked-on-mobile\" style=\"grid-template-columns:56% auto\"><figure class=\"wp-block-media-text__media\"><img loading=\"lazy\" decoding=\"async\" width=\"534\" height=\"464\" src=\"https:\/\/confidopay.com\/wp-content\/uploads\/2025\/08\/img2.jpg\" alt=\"\" class=\"wp-image-297 size-full\" srcset=\"https:\/\/confidopay.com\/wp-content\/uploads\/2025\/08\/img2.jpg 534w, https:\/\/confidopay.com\/wp-content\/uploads\/2025\/08\/img2-300x261.jpg 300w, https:\/\/confidopay.com\/wp-content\/uploads\/2025\/08\/img2-14x12.jpg 14w, https:\/\/confidopay.com\/wp-content\/uploads\/2025\/08\/img2-480x417.jpg 480w\" sizes=\"auto, (max-width: 534px) 100vw, 534px\" \/><\/figure><div class=\"wp-block-media-text__content\">\n\n\n\n<!-- focus_list -->\n<div id=\"focuslist-block_c7309ff96165174ae96d75ff26f0524f\" class=\"focus_list\">\n    <ul>\n                    <li>\n                <strong>Instant Card Access :\u00a0<\/strong>                <p>S'inscrire et v\u00e9rifier en quelques minutes.<\/p>\n            <\/li>\n                    <li>\n                <strong>Chargez et connectez facilement :\u00a0<\/strong>                <p>D\u00e9posez des crypto-monnaies, connectez votre carte et commencez \u00e0 d\u00e9penser.<\/p>\n            <\/li>\n                    <li>\n                <strong>Libert\u00e9 globale :\u00a0<\/strong>                <p>Utilisez votre carte en ligne, en magasin ou dans les distributeurs automatiques de billets du monde entier.<\/p>\n            <\/li>\n                    <li>\n                <strong>Votre crypto, \u00e0 votre fa\u00e7on :\u00a0<\/strong>                <p>D\u00e9pensez sans vous soucier des conversions constantes.<\/p>\n            <\/li>\n            <\/ul>\n<\/div>\n<!-- \/focus_list -->\n<\/div><\/div>\n<\/div><\/div>\n\n\n\n<div class=\"wp-block-columns is-layout-flex wp-container-core-columns-is-layout-9d6595d7 wp-block-columns-is-layout-flex\">\n<div class=\"wp-block-column is-layout-flow wp-block-column-is-layout-flow\">\n<h2 class=\"wp-block-heading\">Pourquoi Confidopay ?<\/h2>\n<\/div>\n\n\n\n<div class=\"wp-block-column is-layout-flow wp-block-column-is-layout-flow\">\n<p>Nous ne sommes pas une soci\u00e9t\u00e9 fintech sans visage, nous sommes des utilisateurs comme vous. Nous valorisons la transparence, le contr\u00f4le et la simplicit\u00e9. C'est pourquoi nous avons cr\u00e9\u00e9 une plateforme qui vous permet de g\u00e9rer votre argent.<\/p>\n\n\n\n<p>Ce qui nous distingue :<\/p>\n\n\n\n<div class=\"wp-block-buttons is-content-justification-left is-layout-flex wp-container-core-buttons-is-layout-fdcfc74e wp-block-buttons-is-layout-flex\">\n<div class=\"wp-block-button\"><a class=\"wp-block-button__link wp-element-button\" href=\"https:\/\/app.confidopay.com\/\">Obtenez votre carte<\/a><\/div>\n<\/div>\n<\/div>\n<\/div>\n\n\n\n<div class=\"wp-block-media-text is-stacked-on-mobile\"><figure class=\"wp-block-media-text__media\"><img loading=\"lazy\" decoding=\"async\" width=\"870\" height=\"756\" src=\"https:\/\/confidopay.com\/wp-content\/uploads\/2025\/08\/img4.jpg\" alt=\"\" class=\"wp-image-301 size-full\" srcset=\"https:\/\/confidopay.com\/wp-content\/uploads\/2025\/08\/img4.jpg 870w, https:\/\/confidopay.com\/wp-content\/uploads\/2025\/08\/img4-300x261.jpg 300w, https:\/\/confidopay.com\/wp-content\/uploads\/2025\/08\/img4-768x667.jpg 768w, https:\/\/confidopay.com\/wp-content\/uploads\/2025\/08\/img4-14x12.jpg 14w, https:\/\/confidopay.com\/wp-content\/uploads\/2025\/08\/img4-480x417.jpg 480w\" sizes=\"auto, (max-width: 870px) 100vw, 870px\" \/><\/figure><div class=\"wp-block-media-text__content\">\n\n\n\n<!-- why_list -->\n<div id=\"why-block_8343acf72d2a0a7c45e9a48fc5ef57b7\" class=\"why_list\">\n    <ul>\n                    <li>\n                <h3 title=\"Frais proches de z\u00e9ro :\">Frais proches de z\u00e9ro :<\/h3>                <p>Conservez une plus grande partie de votre argent.<\/p>\n            <\/li>\n                    <li>\n                <h3 title=\"Int\u00e9gration transparente :\">Int\u00e9gration transparente :<\/h3>                <p>G\u00e9rer les crypto-monnaies et les devises en un seul endroit.<\/p>\n            <\/li>\n                    <li>\n                <h3 title=\"Acceptation globale\">Acceptation globale<\/h3>                <p>Utilisez votre carte partout o\u00f9 les cartes de d\u00e9bit sont accept\u00e9es.<\/p>\n            <\/li>\n                    <li>\n                <h3 title=\"Transactions s\u00e9curis\u00e9es\">Transactions s\u00e9curis\u00e9es<\/h3>                <p>Des fonctions de s\u00e9curit\u00e9 avanc\u00e9es prot\u00e8gent vos fonds et vos informations personnelles.<\/p>\n            <\/li>\n            <\/ul>\n<\/div>\n<!-- \/why_list -->\n<\/div><\/div>\n\n\n\n<h2 class=\"wp-block-heading has-text-align-center\">Choisissez votre exp\u00e9rience Confidopay<\/h2>\n\n\n\n<div class=\"wp-block-buttons is-content-justification-center is-layout-flex wp-container-core-buttons-is-layout-16018d1d wp-block-buttons-is-layout-flex\">\n<div class=\"wp-block-button\"><a class=\"wp-block-button__link wp-element-button\" href=\"https:\/\/app.confidopay.com\/\">Obtenez votre carte<\/a><\/div>\n<\/div>\n\n\n\n<p><\/p>\n\n\n\n<p><\/p>\n\n\n\n<h3 class=\"wp-block-heading has-text-align-center\">Nous savons qu'il n'y a pas de taille unique. C'est pourquoi nous proposons deux types de cartes qui s'adaptent \u00e0 votre style de vie :<\/h3>\n\n\n\n\n\n\n<!-- experience_list -->\n<div id=\"experiencelist-block_632141578e293796da75fc2f164a03b4\" class=\"experience_list\">\n    <ul>\n                    <li>\n                <div><img decoding=\"async\" width=\"168\" height=\"110\" loading=\"lazy\" srcset=\"https:\/\/confidopay.com\/wp-content\/uploads\/2025\/08\/card4.png 480w, https:\/\/confidopay.com\/wp-content\/uploads\/2025\/08\/card4.png 768w, https:\/\/confidopay.com\/wp-content\/uploads\/2025\/08\/card4.png 960w, https:\/\/confidopay.com\/wp-content\/uploads\/2025\/08\/card4.png 1200w, https:\/\/confidopay.com\/wp-content\/uploads\/2025\/08\/card4.png 2000w, https:\/\/confidopay.com\/wp-content\/uploads\/2025\/08\/card4.png 3000w\" sizes=\"auto, (max-width:479px) 480px, (min-width: 480px) and (max-width: 767px) 768px, (min-width: 768px) and (max-width: 959px) 960px, (min-width: 960px) and (max-width: 1200px) 1200px, 100vw\" src=\"https:\/\/confidopay.com\/wp-content\/uploads\/2025\/08\/card4.png\" alt=\"\" \/><span class=\"card_additional_text\"> *La conception finale de la carte peut \u00eatre diff\u00e9rente.<\/span><\/div>                <h3 title=\"Carte virtuelle instantan\u00e9e\">Carte virtuelle instantan\u00e9e<\/h3>                                <ul>\n                                            <li>\n                            <h4 title=\"Id\u00e9al pour les achats en ligne et les abonnements\">Id\u00e9al pour les achats en ligne et les abonnements<\/h4>                                                    <\/li>\n                                            <li>\n                            <h4 title=\"Ajouter \u00e0 Google Wallet et Apple Wallet instantan\u00e9ment\">Ajouter \u00e0 Google Wallet et Apple Wallet instantan\u00e9ment<\/h4>                                                    <\/li>\n                                            <li>\n                            <h4 title=\"Activer en quelques secondes et commencer \u00e0 d\u00e9penser\">Activer en quelques secondes et commencer \u00e0 d\u00e9penser<\/h4>                                                    <\/li>\n                                            <li>\n                            <h4 title=\"Paiements num\u00e9riques s\u00e9curis\u00e9s et pratiques\">Paiements num\u00e9riques s\u00e9curis\u00e9s et pratiques<\/h4>                                                    <\/li>\n                                    <\/ul>\n                            <\/li>\n                    <li>\n                <div><img decoding=\"async\" width=\"168\" height=\"110\" loading=\"lazy\" srcset=\"https:\/\/confidopay.com\/wp-content\/uploads\/2025\/08\/card4.png 480w, https:\/\/confidopay.com\/wp-content\/uploads\/2025\/08\/card4.png 768w, https:\/\/confidopay.com\/wp-content\/uploads\/2025\/08\/card4.png 960w, https:\/\/confidopay.com\/wp-content\/uploads\/2025\/08\/card4.png 1200w, https:\/\/confidopay.com\/wp-content\/uploads\/2025\/08\/card4.png 2000w, https:\/\/confidopay.com\/wp-content\/uploads\/2025\/08\/card4.png 3000w\" sizes=\"auto, (max-width:479px) 480px, (min-width: 480px) and (max-width: 767px) 768px, (min-width: 768px) and (max-width: 959px) 960px, (min-width: 960px) and (max-width: 1200px) 1200px, 100vw\" src=\"https:\/\/confidopay.com\/wp-content\/uploads\/2025\/08\/card4.png\" alt=\"\" \/><span class=\"card_additional_text\"> *La conception finale de la carte peut \u00eatre diff\u00e9rente.<\/span><\/div>                <h3 title=\"Carte physique polyvalente\">Carte physique polyvalente<\/h3>                                <ul>\n                                            <li>\n                            <h4 title=\"Utilisation dans des millions d&#039;endroits dans le monde\">Utilisation dans des millions d'endroits dans le monde<\/h4>                                                    <\/li>\n                                            <li>\n                            <h4 title=\"Tapez et partez avec les paiements NFC\">Tapez et partez avec les paiements NFC<\/h4>                                                    <\/li>\n                                            <li>\n                            <h4 title=\"Retirer de l&#039;argent dans les distributeurs automatiques de billets du monde entier\">Retirer de l'argent dans les distributeurs automatiques de billets du monde entier<\/h4>                                                    <\/li>\n                                            <li>\n                            <h4 title=\"Parfait pour les achats en ligne et hors ligne\">Parfait pour les achats en ligne et hors ligne<\/h4>                                                    <\/li>\n                                    <\/ul>\n                            <\/li>\n            <\/ul>\n<\/div>\n<!-- \/experience_list -->\n\n\n\n<p class=\"has-text-align-center\">Nous avons cr\u00e9\u00e9 Confidopay pour que les d\u00e9penses en crypto-monnaies deviennent naturelles. Plus besoin d'attendre, plus besoin de deviner. Il vous suffit de vous inscrire, d'obtenir votre carte et de commencer \u00e0 vivre le style de vie cryptographique \u00e0 votre fa\u00e7on.<\/p>\n\n\n\n\n\n\n<!-- cta_block -->\n<div id=\"cta-block_06457b202c6611ed2d9f816e60f3408f\" class=\"cta_block\">\n    <header>\n\t\t        <h2><strong>D\u00e9marrage<\/strong> Votre voyage avec Confidopay<\/h2>        <p>Pr\u00eat \u00e0 d\u00e9couvrir la libert\u00e9 de d\u00e9penser des crypto-monnaies sans effort ? Convertissez vos actifs num\u00e9riques en monnaie fiduciaire avec des frais quasi nuls et utilisez votre carte dans le monde entier. Inscrivez-vous en quelques minutes et lib\u00e9rez le v\u00e9ritable potentiel de votre crypto d\u00e8s aujourd'hui.<\/p>\n\t\t        <a class=\"button\" href=\"https:\/\/app.confidopay.com\/\" title=\"Obtenez votre carte\" target=\"\">Obtenez votre carte<\/a>    <\/header>\n\t<span class=\"card_additional_text\"> *La conception finale de la carte peut \u00eatre diff\u00e9rente.<\/span>\t<div class=\"get_it_on\"><h4>Le faire sur<\/h4><ul><li><a href=\"\/fr\/\"><img decoding=\"async\" width=\"244\" height=\"72\" loading=\"lazy\" src=\"https:\/\/confidopay.com\/wp-content\/uploads\/2025\/08\/google_play.png\" alt=\"\" \/><\/a><\/li><li><a href=\"\/fr\/\"><img decoding=\"async\" width=\"240\" height=\"72\" loading=\"lazy\" src=\"https:\/\/confidopay.com\/wp-content\/uploads\/2025\/08\/app_store.png\" alt=\"\" \/><\/a><\/li><\/ul><\/div><\/div>\n<!-- \/cta_block -->\n\n\n<h2 class=\"wp-block-heading has-text-align-center\">Une tarification qui vous donne la priorit\u00e9&nbsp;<\/h2>\n\n\n\n<p class=\"has-text-align-center\">&nbsp;Nous croyons en la transparence et l'\u00e9quit\u00e9. Notre tarification est con\u00e7ue pour vous donner la meilleure valeur tout en d\u00e9bloquant la v\u00e9ritable puissance de votre crypto.&nbsp;&nbsp;<\/p>\n\n\n\n<div class=\"wp-block-buttons is-content-justification-center is-layout-flex wp-container-core-buttons-is-layout-16018d1d wp-block-buttons-is-layout-flex\">\n<div class=\"wp-block-button\"><a class=\"wp-block-button__link wp-element-button\" href=\"https:\/\/app.confidopay.com\/\">Obtenez votre carte<\/a><\/div>\n<\/div>\n\n\n\n\n\n\n<!-- cards_list -->\n<div id=\"cards-block_54d2cadfcf850e22a7be63f8803df781\" class=\"cards_list\">\n    <ul>\n                    <li>\n                <h2 title=\"Crypto\">Crypto<\/h2>                <p>Frais d'\u00e9change de crypto-monnaie<strong>0,1% + 1 EUR<\/strong><\/p>\n                <p>Frais de retrait de crypto-monnaie*<strong>0,1% + 1 EUR<\/strong><\/p>\n                <p>Frais de d\u00e9p\u00f4t Crypto<strong>0,1% + 1 EUR<\/strong><\/p>                <footer>*Cette redevance s'ajoute \u00e0 la redevance de r\u00e9seau per\u00e7ue par notre fournisseur tiers.<\/footer>            <\/li>\n                    <li>\n                <h2 title=\"Banque\">Banque<\/h2>                <p>Virement bancaire<strong>0,1% + 1 EUR<\/strong><\/p>\n                <p>Virement bancaire<strong>0,1% + 1 EUR<\/strong><\/p>\n                                            <\/li>\n                    <li>\n                <h2 title=\"Cartes\">Cartes<\/h2>                <p>Cr\u00e9ation de cartes physiques<strong>0 EUR<\/strong><\/p>\n                <p>Cr\u00e9ation de cartes virtuelles<strong>0 EUR<\/strong><\/p>\n                                            <\/li>\n            <\/ul>\n<\/div>\n<!-- \/cards_list -->\n\n\n\n<p class=\"has-text-align-center\">Chez Confidopay, nos utilisateurs sont toujours prioritaires. Nous nous effor\u00e7ons de maintenir les frais les plus bas possibles sur le march\u00e9, afin que vous puissiez tirer le meilleur parti de votre crypto-monnaie. Votre libert\u00e9 financi\u00e8re et votre satisfaction sont nos priorit\u00e9s.&nbsp;&nbsp;<\/p>\n\n\n\n<div class=\"wp-block-cover\"><span aria-hidden=\"true\" class=\"wp-block-cover__background has-background-dim-100 has-background-dim has-background-gradient\" style=\"background:linear-gradient(135deg,rgb(11,57,90) 0%,rgb(24,26,38) 100%)\"><\/span><div class=\"wp-block-cover__inner-container is-layout-constrained wp-block-cover-is-layout-constrained\">\n<h2 class=\"wp-block-heading has-text-align-center\"><strong>Nous sommes l\u00e0 pour vous aider - <\/strong>\u00e0 tout moment et en tout lieu.<\/h2>\n\n\n\n<p class=\"has-text-align-center\">Que vous ayez une question, que vous ayez besoin d'aide ou que vous souhaitiez explorer les possibilit\u00e9s de partenariat, l'\u00e9quipe de Confidopay est pr\u00eate \u00e0 vous aider.<\/p>\n<\/div><\/div>\n\n\n\n\n\n\n<!-- contact_list -->\n<div id=\"contactlist-block_7a467e9195b0eaaa74fcd8d8ad35348e\" class=\"contact_list\">\n    <ul>\n                    <li>\n                Soutien \u00e0 la client\u00e8le                <div><img decoding=\"async\" width=\"0\" height=\"0\" loading=\"lazy\" srcset=\"https:\/\/confidopay.com\/wp-content\/uploads\/2025\/11\/mail.svg 480w, https:\/\/confidopay.com\/wp-content\/uploads\/2025\/11\/mail.svg 768w, https:\/\/confidopay.com\/wp-content\/uploads\/2025\/11\/mail.svg 960w, https:\/\/confidopay.com\/wp-content\/uploads\/2025\/11\/mail.svg 1200w, https:\/\/confidopay.com\/wp-content\/uploads\/2025\/11\/mail.svg 2000w, https:\/\/confidopay.com\/wp-content\/uploads\/2025\/11\/mail.svg 3000w\" sizes=\"auto, (max-width:479px) 480px, (min-width: 480px) and (max-width: 767px) 768px, (min-width: 768px) and (max-width: 959px) 960px, (min-width: 960px) and (max-width: 1200px) 1200px, 100vw\" src=\"https:\/\/confidopay.com\/wp-content\/uploads\/2025\/11\/mail.svg\" alt=\"\" \/><\/div>\t\t\t\t<h3 class=\"is-style-alt\"><a href=\"mailto:support@confidopay.com\" title=\"support@confidopay.com\" target=\"\">support@confidopay.com<\/a><\/h3>            <\/li>\n                    <li>\n                Demandes de renseignements commerciaux                <div><img decoding=\"async\" width=\"0\" height=\"0\" loading=\"lazy\" srcset=\"https:\/\/confidopay.com\/wp-content\/uploads\/2025\/11\/mail.svg 480w, https:\/\/confidopay.com\/wp-content\/uploads\/2025\/11\/mail.svg 768w, https:\/\/confidopay.com\/wp-content\/uploads\/2025\/11\/mail.svg 960w, https:\/\/confidopay.com\/wp-content\/uploads\/2025\/11\/mail.svg 1200w, https:\/\/confidopay.com\/wp-content\/uploads\/2025\/11\/mail.svg 2000w, https:\/\/confidopay.com\/wp-content\/uploads\/2025\/11\/mail.svg 3000w\" sizes=\"auto, (max-width:479px) 480px, (min-width: 480px) and (max-width: 767px) 768px, (min-width: 768px) and (max-width: 959px) 960px, (min-width: 960px) and (max-width: 1200px) 1200px, 100vw\" src=\"https:\/\/confidopay.com\/wp-content\/uploads\/2025\/11\/mail.svg\" alt=\"\" \/><\/div>\t\t\t\t<h3 class=\"is-style-alt\"><a href=\"mailto:sales@confidopay.com\" title=\"sales@confidopay.com\" target=\"\">sales@confidopay.com<\/a><\/h3>            <\/li>\n                    <li>\n                Localisation du bureau                <div><img decoding=\"async\" width=\"0\" height=\"0\" loading=\"lazy\" srcset=\"https:\/\/confidopay.com\/wp-content\/uploads\/2025\/11\/location_on.svg 480w, https:\/\/confidopay.com\/wp-content\/uploads\/2025\/11\/location_on.svg 768w, https:\/\/confidopay.com\/wp-content\/uploads\/2025\/11\/location_on.svg 960w, https:\/\/confidopay.com\/wp-content\/uploads\/2025\/11\/location_on.svg 1200w, https:\/\/confidopay.com\/wp-content\/uploads\/2025\/11\/location_on.svg 2000w, https:\/\/confidopay.com\/wp-content\/uploads\/2025\/11\/location_on.svg 3000w\" sizes=\"auto, (max-width:479px) 480px, (min-width: 480px) and (max-width: 767px) 768px, (min-width: 768px) and (max-width: 959px) 960px, (min-width: 960px) and (max-width: 1200px) 1200px, 100vw\" src=\"https:\/\/confidopay.com\/wp-content\/uploads\/2025\/11\/location_on.svg\" alt=\"\" \/><\/div>\t\t\t\t<h3 class=\"is-style-alt\"><a href=\"\/fr\/\" title=\"M\u0117sini\u0173 g. 5, Vilnius\" target=\"\">M\u0117sini\u0173 g. 5, Vilnius<\/a><\/h3>            <\/li>\n            <\/ul>\n<\/div>\n<!-- \/contact_list -->","protected":false},"excerpt":{"rendered":"<p>Who We Are We\u2019re a team of crypto enthusiasts, technologists, and everyday spenders who got tired of the friction between digital assets and real-world use. Confidopay was born out of a simple idea: what if spending crypto could be as easy as swiping a card? We\u2019ve lived the pain of high fees, clunky conversions, and [&hellip;]<\/p>","protected":false},"author":1,"featured_media":0,"parent":0,"menu_order":0,"comment_status":"closed","ping_status":"closed","template":"","meta":{"_acf_changed":false,"footnotes":""},"class_list":["post-268","page","type-page","status-publish","hentry"],"acf":[],"_links":{"self":[{"href":"https:\/\/confidopay.com\/fr\/wp-json\/wp\/v2\/pages\/268","targetHints":{"allow":["GET"]}}],"collection":[{"href":"https:\/\/confidopay.com\/fr\/wp-json\/wp\/v2\/pages"}],"about":[{"href":"https:\/\/confidopay.com\/fr\/wp-json\/wp\/v2\/types\/page"}],"author":[{"embeddable":true,"href":"https:\/\/confidopay.com\/fr\/wp-json\/wp\/v2\/users\/1"}],"replies":[{"embeddable":true,"href":"https:\/\/confidopay.com\/fr\/wp-json\/wp\/v2\/comments?post=268"}],"version-history":[{"count":24,"href":"https:\/\/confidopay.com\/fr\/wp-json\/wp\/v2\/pages\/268\/revisions"}],"predecessor-version":[{"id":414,"href":"https:\/\/confidopay.com\/fr\/wp-json\/wp\/v2\/pages\/268\/revisions\/414"}],"wp:attachment":[{"href":"https:\/\/confidopay.com\/fr\/wp-json\/wp\/v2\/media?parent=268"}],"curies":[{"name":"wp","href":"https:\/\/api.w.org\/{rel}","templated":true}]}}