{"id":267,"date":"2025-08-19T08:24:32","date_gmt":"2025-08-19T08:24:32","guid":{"rendered":"https:\/\/localhost\/wordpress\/?page_id=3"},"modified":"2026-01-28T12:36:01","modified_gmt":"2026-01-28T12:36:01","slug":"privacy-policy-2","status":"publish","type":"page","link":"https:\/\/confidopay.com\/fr\/privacy-policy-2\/","title":{"rendered":"Politique de confidentialit\u00e9"},"content":{"rendered":"<h1 class=\"wp-block-heading\">Politique de confidentialit\u00e9 des clients<\/h1>\n\n\n\n<p>Last update: 28 January 2026<\/p>\n\n\n\n<p><strong>Nous nous engageons \u00e0 prot\u00e9ger et \u00e0 respecter votre vie priv\u00e9e.&nbsp;<br>Nous le ferons :&nbsp;<\/strong><\/p>\n\n\n\n<ul class=\"wp-block-list\">\n<li><strong>Pr\u00e9server la s\u00e9curit\u00e9 et la confidentialit\u00e9 de vos donn\u00e9es personnelles<\/strong>&nbsp;<\/li>\n\n\n\n<li><strong>Vos informations personnelles ne seront jamais vendues<\/strong><\/li>\n<\/ul>\n\n\n\n<hr class=\"wp-block-separator has-alpha-channel-opacity\"\/>\n\n\n\n<h2 class=\"wp-block-heading is-style-alt\">Informations g\u00e9n\u00e9rales<\/h2>\n\n\n\n<p>Confidopay UAB, situ\u00e9 \u00e0 M\u0117sini\u0173 g. 5, Vilnius, est responsable du traitement de vos donn\u00e9es \u00e0 caract\u00e8re personnel dans le cadre de la fourniture de son produit ou service. En cette qualit\u00e9, Confidopay agira en tant que \u2018responsable du traitement\u2019 de vos donn\u00e9es \u00e0 caract\u00e8re personnel.<\/p>\n\n\n\n<p>La pr\u00e9sente politique de confidentialit\u00e9 est \u00e9tablie conform\u00e9ment au R\u00e8glement g\u00e9n\u00e9ral sur la protection des donn\u00e9es 2017 (\u201c RGPD \u201d) et constitue un \u00e9l\u00e9ment int\u00e9gral de votre relation client initiale et continue avec nous et de notre engagement \u00e0 l'\u00e9gard de votre vie priv\u00e9e.<\/p>\n\n\n\n<p>Dans la pr\u00e9sente politique de confidentialit\u00e9, Confidopay (ci-apr\u00e8s : \u201cl'entreprise\u201d, \u201cConfidopay App\u201d, \u201cnous\u201d, \u201cnotre\u201d) vous informe de la collecte, de l'utilisation et du traitement des donn\u00e9es \u00e0 caract\u00e8re personnel lors de l'utilisation de notre site web https<a href=\"https:\/\/kvitka.gbhs.fr\/en\/kvitka-by-global-ukraine?hsLang=en\">:<\/a>\/\/confidopay.com (ci-apr\u00e8s : \u201cSite web\u201d) et notre application mobile (ci-apr\u00e8s : \u201cApp\u201d ; conjointement appel\u00e9s : \u201cServices\u201d).<\/p>\n\n\n\n<p>Nous indiquerons explicitement si une information de la pr\u00e9sente politique de confidentialit\u00e9 se r\u00e9f\u00e8re exclusivement \u00e0 notre site web ou \u00e0 notre App.<\/p>\n\n\n\n<p>Dans ce contexte, les donn\u00e9es personnelles d\u00e9signent toutes les informations d\u00e9taill\u00e9es sur les circonstances personnelles ou factuelles d'une personne physique sp\u00e9cifique ou identifiable, telles que le nom, le num\u00e9ro de t\u00e9l\u00e9phone ou l'adresse. Nous traitons vos donn\u00e9es personnelles soit dans le cadre de notre relation commerciale si vous \u00eates un client de Confidopay App, soit lorsque vous visitez notre site web \u00e0 des fins d'information.<\/p>\n\n\n\n<p>Cet avis de confidentialit\u00e9 d\u00e9crit nos pratiques en mati\u00e8re de collecte de donn\u00e9es, l'utilisation que nous faisons de vos renseignements personnels et les droits qui s'y rattachent.  De plus amples d\u00e9tails sur la mani\u00e8re dont ConfidoPay recueille, utilise et prot\u00e8ge vos donn\u00e9es lors de l'utilisation de produits ou services sp\u00e9cifiques seront disponibles :<\/p>\n\n\n\n<ul class=\"wp-block-list\">\n<li>Fourni par l'interm\u00e9diaire de notre application lors de la premi\u00e8re utilisation des produits ou services concern\u00e9s.<\/li>\n\n\n\n<li>Disponible \u00e0 tout moment sur notre site web :<a href=\"https:\/\/confidopay.com\/fr\/\"> https:\/\/confidopay.com<\/a><\/li>\n\n\n\n<li>Con\u00e7u pour fournir des informations compl\u00e8tes sur nos pratiques en mati\u00e8re de donn\u00e9es.<\/li>\n<\/ul>\n\n\n\n<p>Parfois, nous pouvons \u00e9galement vous fournir des explications sur la protection de la vie priv\u00e9e \u2018 juste \u00e0 temps \u2019 dans l'application Confidopay. Lorsque vous utilisez un nouveau produit ou service pour la premi\u00e8re fois :<\/p>\n\n\n\n<ul class=\"wp-block-list\">\n<li>Ces explications vous aideront \u00e0 comprendre quelles donn\u00e9es personnelles sp\u00e9cifiques la soci\u00e9t\u00e9 recueille, utilise ou partage \u00e0 votre sujet pour ce produit ou service.<\/li>\n\n\n\n<li>Le cas \u00e9ch\u00e9ant, vous serez invit\u00e9 \u00e0 revoir vos pr\u00e9f\u00e9rences en mati\u00e8re de protection de la vie priv\u00e9e dans l'application.<\/li>\n<\/ul>\n\n\n\n<p>Nous pouvons fournir des avis et des explications sur la protection de la vie priv\u00e9e dans des langues autres que l'anglais. En cas de divergence entre les versions en d'autres langues et la version anglaise, c'est cette derni\u00e8re qui fait foi. Si vous avez des doutes sur la mani\u00e8re dont nous utilisons vos donn\u00e9es \u00e0 caract\u00e8re personnel, vous pouvez contacter <a href=\"mailto:support@confidopay.com\">support@confidopay.com<\/a>.<\/p>\n\n\n\n<h2 class=\"wp-block-heading is-style-alt\">Services de tiers et politiques de confidentialit\u00e9<\/h2>\n\n\n\n<p>Notre application peut int\u00e9grer ou donner acc\u00e8s \u00e0 des services, des caract\u00e9ristiques ou des fonctionnalit\u00e9s offerts par des fournisseurs tiers. Veuillez noter que l'utilisation de ces services tiers est soumise \u00e0 leurs politiques de confidentialit\u00e9 et conditions de service respectives, qui peuvent diff\u00e9rer des n\u00f4tres. Nous n'avons aucun contr\u00f4le sur les pratiques de ces fournisseurs tiers en mati\u00e8re de protection de la vie priv\u00e9e et n'assumons aucune responsabilit\u00e9 \u00e0 cet \u00e9gard.<\/p>\n\n\n\n<p><strong>Nous vous recommandons vivement de consulter leurs politiques de confidentialit\u00e9 afin de comprendre comment vos donn\u00e9es personnelles sont collect\u00e9es, trait\u00e9es et prot\u00e9g\u00e9es lorsque vous utilisez leurs services par le biais de notre plateforme :<\/strong><\/p>\n\n\n\n<p><a href=\"https:\/\/storage.googleapis.com\/striga-public-docs\/Static%20Partner%20TCs\/Striga-PP.pdf\" target=\"_blank\" rel=\"noreferrer noopener\">Lightspark privacy policy<\/a><br><a href=\"https:\/\/wallester.com\/privacy\" target=\"_blank\" rel=\"noreferrer noopener\">Politique de confidentialit\u00e9 de Wallester<\/a><\/p>\n\n\n\n<p>Lors de l'utilisation de produits suppl\u00e9mentaires de Confidopay App ou de produits de nos partenaires commerciaux, des donn\u00e9es personnelles suppl\u00e9mentaires peuvent \u00eatre collect\u00e9es, trait\u00e9es et stock\u00e9es. Vous trouverez ci-dessous les d\u00e9tails concernant le traitement des donn\u00e9es suppl\u00e9mentaires dans les cat\u00e9gories de produits respectives.<\/p>\n\n\n\n<h2 class=\"wp-block-heading is-style-alt\">Quelles sont les donn\u00e9es personnelles que nous collectons ?<\/h2>\n\n\n\n<p>Le tableau ci-dessous explique quelles sont les donn\u00e9es personnelles que nous collectons et utilisons.<\/p>\n\n\n\n<figure class=\"wp-block-table\"><table class=\"has-fixed-layout\"><thead><tr><th>Type de donn\u00e9es personnelles<\/th><th>D\u00e9tails<\/th><\/tr><\/thead><tbody><tr><td>Informations que vous nous communiquez<\/td><td>Nous recueillons les informations que vous nous fournissez lorsque vous :<ul><li>Remplir les formulaires<\/li><li>Correspondre avec nous<\/li><li>R\u00e9pondre \u00e0 l'une de nos enqu\u00eates<\/li><li>S'inscrire pour utiliser l'application Confidopay<\/li><li>Ouvrir un compte ou utiliser l'un de nos services<\/li><li>Participer \u00e0 des discussions ou \u00e0 des promotions en ligne<\/li><li>Parler \u00e0 un membre de notre \u00e9quipe de m\u00e9dias sociaux ou de notre \u00e9quipe de soutien \u00e0 la client\u00e8le (par le biais de notre service d'assistance ou de l'application Confidopay).<\/li><li>Participer \u00e0 un concours ou partager des informations avec nous sur les m\u00e9dias sociaux<\/li><li>Contactez-nous pour d'autres raisons<\/li><\/ul>Nous collecterons les informations suivantes :<ul><li>Votre nom, votre adresse et votre date de naissance<\/li><li>Votre adresse \u00e9lectronique, votre num\u00e9ro de t\u00e9l\u00e9phone et les d\u00e9tails de l'appareil que vous utilisez (par exemple, votre t\u00e9l\u00e9phone, votre ordinateur ou votre tablette).<\/li><li>Votre code de r\u00e9f\u00e9rence Confidopay App<\/li><li>Vos informations d'inscription<\/li><li>D\u00e9tails de vos comptes financiers et cryptographiques d\u00e9di\u00e9s que vous ouvrez chez nous.<\/li><li>Votre pays de r\u00e9sidence<\/li><li>Informations que vous fournissez lorsque vous demandez l'ouverture d'un compte<\/li><li>les enregistrements de nos discussions, si vous nous contactez ou si nous vous contactons (y compris les enregistrements des appels t\u00e9l\u00e9phoniques), etc.<\/li><\/ul><\/td><\/tr><tr><td>Informations collect\u00e9es lors de votre utilisation de nos produits et services<\/td><td>Lorsque vous utilisez notre site web ou notre application mobile, nous recueillons les informations suivantes :<ul><li>Informations techniques, y compris l'adresse IP (Internet Protocol) utilis\u00e9e pour connecter votre ordinateur \u00e0 Internet, vos informations de connexion, le type et la version du navigateur, le r\u00e9glage du fuseau horaire, la langue de l'appareil, le syst\u00e8me d'exploitation et la plate-forme, le type d'appareil que vous utilisez, si votre appareil utilise un r\u00e9seau priv\u00e9 virtuel (VPN), un identifiant unique de l'appareil (par exemple, le num\u00e9ro IMEI de votre appareil ou le num\u00e9ro de t\u00e9l\u00e9phone mobile utilis\u00e9 par l'appareil), des informations sur le r\u00e9seau mobile, votre syst\u00e8me d'exploitation mobile et le type de navigateur mobile que vous utilisez.<\/li><li>Informations sur votre visite, y compris les liens sur lesquels vous avez cliqu\u00e9, \u00e0 travers et depuis notre site Web ou notre application (y compris la date et l'heure), les services que vous avez consult\u00e9s ou recherch\u00e9s, les temps de r\u00e9ponse des pages, les erreurs de t\u00e9l\u00e9chargement, la dur\u00e9e des visites sur certaines pages, les informations d'interaction avec les pages (telles que le d\u00e9filement et les clics) et les m\u00e9thodes utilis\u00e9es pour naviguer hors de la page.<\/li><li>des informations sur les transactions et votre utilisation des produits de l'application Confidopay (par exemple, les paiements vers et depuis votre compte), y compris la date, l'heure, le montant, les devises, le taux de change, les d\u00e9tails du b\u00e9n\u00e9ficiaire, les d\u00e9tails de l'appareil utilis\u00e9 pour organiser le paiement et la m\u00e9thode de paiement utilis\u00e9e<\/li><\/ul><\/td><\/tr><tr><td>Informations sur votre lieu de r\u00e9sidence<\/td><td>Lorsque les services de localisation sont activ\u00e9s dans l'application ConfidoPay, la plateforme utilise la technologie GPS pour surveiller et enregistrer la position g\u00e9ographique de l'utilisateur.<\/td><\/tr><tr><td>Informations partag\u00e9es avec des prestataires de services tiers<\/td><td>Lors de la fourniture de services \u00e0 notre client\u00e8le, il peut \u00eatre n\u00e9cessaire d'obtenir et de distribuer des informations \u00e0 des prestataires de services tiers engag\u00e9s pour faciliter la fourniture de ces services.<\/td><\/tr><tr><td>Informations sur le traitement des donn\u00e9es<\/td><td>Vos donn\u00e9es sont trait\u00e9es sur les serveurs de Google Cloud situ\u00e9s dans l'Union europ\u00e9enne.<\/td><\/tr><\/tbody><\/table><\/figure>\n\n\n\n<h2 class=\"wp-block-heading is-style-alt\">Utilisation des donn\u00e9es personnelles<\/h2>\n\n\n\n<p><em>Obligations l\u00e9gales<\/em><\/p>\n\n\n\n<p>Dans certaines circonstances, nous sommes l\u00e9galement tenus de recueillir et de conserver vos informations personnelles.<\/p>\n\n\n\n<p><em>Int\u00e9r\u00eats l\u00e9gitimes<\/em><\/p>\n\n\n\n<p>Occasionnellement, nous recueillons et utilisons vos donn\u00e9es \u00e0 caract\u00e8re personnel lorsqu'il existe un motif l\u00e9gitime pour une telle utilisation, et cette approche est consid\u00e9r\u00e9e comme justifiable lorsqu'elle est mise en balance avec vos droits de l'homme et libert\u00e9s fondamentales.<\/p>\n\n\n\n<p><em>Int\u00e9r\u00eat public substantiel<\/em><\/p>\n\n\n\n<p>Lorsque nous traitons vos donn\u00e9es personnelles, y compris les donn\u00e9es sensibles (\u00e9galement appel\u00e9es \"donn\u00e9es de cat\u00e9gorie sp\u00e9ciale\"), nous nous conformons aux r\u00e9glementations et lignes directrices gouvernementales. Cela inclut des obligations telles que la pr\u00e9vention de la fraude et l'assistance aux clients vuln\u00e9rables.<\/p>\n\n\n\n<p><em>Consentement<\/em><\/p>\n\n\n\n<p>ConfidoPay peut recueillir vos donn\u00e9es personnelles ou sensibles, en particulier lorsque vous y consentez activement, par exemple en cochant une case pour autoriser l'utilisation de donn\u00e9es sp\u00e9cifiques. De plus amples d\u00e9tails sur nos pratiques d'utilisation des donn\u00e9es sont pr\u00e9sent\u00e9s dans le tableau ci-dessous.<\/p>\n\n\n\n<figure class=\"wp-block-table\"><table class=\"has-fixed-layout\"><thead><tr><th>Objectif\/activit\u00e9<\/th><th>Type de donn\u00e9es<\/th><th>Base l\u00e9gale du traitement, y compris la base de l'int\u00e9r\u00eat l\u00e9gitime<\/th><\/tr><\/thead><tbody><tr><td>Pour ouvrir et maintenir votre compte.<\/td><td><ol><li>Donn\u00e9es de base<\/li><li>Donn\u00e9es clients KYC<\/li><li>Donn\u00e9es professionnelles<\/li><li>Donn\u00e9es biom\u00e9triques<\/li><\/ol><\/td><td><ol><li>Ex\u00e9cution d'un contrat avec vous.<\/li><li>N\u00e9cessaire pour se conformer \u00e0 une obligation l\u00e9gale.<\/li><li>N\u00e9cessaire pour nos int\u00e9r\u00eats l\u00e9gitimes (pour entamer une relation continue avec le client).<\/li><li>Vous y consentez express\u00e9ment lorsque vous cr\u00e9ez un compte.<\/li><\/ol><\/td><\/tr><tr><td>Pour vous vendre les produits et vous fournir des services<\/td><td><ol><li>Donn\u00e9es de base<\/li><li>Donn\u00e9es clients KYC<\/li><li>Donn\u00e9es de pr\u00e9f\u00e9rences<\/li><li>Donn\u00e9es du portefeuille<\/li><li>Donn\u00e9es de transaction<\/li><\/ol><\/td><td><ol><li>Ex\u00e9cution d'un contrat avec vous.<\/li><li>N\u00e9cessaire pour se conformer \u00e0 une obligation l\u00e9gale.<\/li><li>N\u00e9cessaire \u00e0 nos int\u00e9r\u00eats l\u00e9gitimes (pour mener \u00e0 bien nos activit\u00e9s).<\/li><li>Vous y consentez express\u00e9ment lorsque vous cr\u00e9ez un compte.<\/li><\/ol><\/td><\/tr><tr><td>Pour g\u00e9rer l'application Confidopay<\/td><td><ol><li>Donn\u00e9es de pr\u00e9f\u00e9rences<\/li><li>Donn\u00e9es de transaction<\/li><li>Donn\u00e9es relatives \u00e0 l'assistance \u00e0 la client\u00e8le<\/li><\/ol><\/td><td><ol><li>N\u00e9cessaire pour nos int\u00e9r\u00eats l\u00e9gitimes (gestion de notre entreprise, fourniture de services administratifs et informatiques, s\u00e9curit\u00e9 du r\u00e9seau, pr\u00e9vention de la fraude et dans le cadre d'une r\u00e9organisation de l'entreprise ou d'un exercice de restructuration du groupe) ;<\/li><li>N\u00e9cessaire pour se conformer \u00e0 une obligation l\u00e9gale.<\/li><li>Vous y consentez express\u00e9ment lorsque vous cr\u00e9ez un compte.<\/li><\/ol><\/td><\/tr><tr><td>Pour la publicit\u00e9, l'analyse des donn\u00e9es et la formulation de recommandations<\/td><td><ol><li>Donn\u00e9es analytiques<\/li><li>Donn\u00e9es publicitaires<\/li><li>Donn\u00e9es relatives \u00e0 l'appareil, au navigateur et \u00e0 l'application<\/li><li>Donn\u00e9es d'utilisation<\/li><li>Donn\u00e9es sur les contreparties<\/li><\/ol><\/td><td><ol><li>N\u00e9cessaire pour nos int\u00e9r\u00eats l\u00e9gitimes (\u00e9tudier la fa\u00e7on dont les utilisateurs utilisent nos services et notre site web, les d\u00e9velopper, faire cro\u00eetre notre entreprise et informer notre strat\u00e9gie de marketing). Ces donn\u00e9es ne sont pas partag\u00e9es\/vendues \u00e0 des tiers pour quelque raison que ce soit.<\/li><li>Vous y consentez express\u00e9ment lorsque vous cr\u00e9ez un compte.<\/li><\/ol><\/td><\/tr><tr><td>se conformer aux politiques, lignes directrices, r\u00e8gles et l\u00e9gislations internes et externes (par exemple, r\u00e9pondre aux demandes des autorit\u00e9s charg\u00e9es de l'application de la loi)<\/td><td><ol><li>Donn\u00e9es de base<\/li><li>Donn\u00e9es clients KYC<\/li><li>Donn\u00e9es professionnelles<\/li><li>Donn\u00e9es de transaction<\/li><li>Donn\u00e9es du portefeuille<\/li><li>Donn\u00e9es financi\u00e8res<\/li><li>Donn\u00e9es publiques<\/li><li>Donn\u00e9es sur les contreparties<\/li><li>Donn\u00e9es relatives \u00e0 l'appareil, au navigateur et \u00e0 l'application<\/li><\/ol><\/td><td><ol><li>N\u00e9cessaire pour se conformer \u00e0 une obligation l\u00e9gale<\/li><li>N\u00e9cessaire pour nos int\u00e9r\u00eats l\u00e9gitimes (garantir que nous g\u00e9rons une plateforme s\u00fbre et cr\u00e9dible)<\/li><\/ol><\/td><\/tr><\/tbody><\/table><\/figure>\n\n\n\n<h2 class=\"wp-block-heading is-style-alt\">Droits des consommateurs<\/h2>\n\n\n\n<p>Dans certaines circonstances, vous disposez des droits suivants en vertu des lois sur la protection des donn\u00e9es en ce qui concerne vos donn\u00e9es personnelles :<\/p>\n\n\n\n<ul class=\"wp-block-list\">\n<li>Droit d'acc\u00e8s, de rectification ou d'effacement de vos donn\u00e9es personnelles. Ce droit vous permet de recevoir une copie des donn\u00e9es personnelles que nous d\u00e9tenons \u00e0 votre sujet et de v\u00e9rifier que nous les traitons l\u00e9galement, de corriger toute inexactitude ou de demander (dans la mesure permise par la loi) l'effacement de vos donn\u00e9es.<\/li>\n\n\n\n<li>S'opposer au traitement de vos donn\u00e9es \u00e0 caract\u00e8re personnel lorsque nous nous appuyons sur un int\u00e9r\u00eat l\u00e9gitime (ou sur ceux d'un tiers) et qu'un \u00e9l\u00e9ment de votre situation vous incite \u00e0 vous opposer au traitement pour ce motif, car vous estimez qu'il a une incidence sur vos droits et libert\u00e9s fondamentaux.<\/li>\n\n\n\n<li>Demander la limitation du traitement de vos donn\u00e9es personnelles. Cela vous permet de nous demander de suspendre le traitement de vos donn\u00e9es personnelles dans les cas suivants :\n<ul class=\"wp-block-list\">\n<li>Si vous souhaitez que nous \u00e9tablissions l'exactitude des donn\u00e9es.<\/li>\n\n\n\n<li>Lorsque notre utilisation des donn\u00e9es est ill\u00e9gale, mais que vous ne souhaitez pas que nous les effacions.<\/li>\n\n\n\n<li>Lorsque vous avez besoin que nous conservions les donn\u00e9es m\u00eame si nous n'en avons plus besoin, car vous avez besoin de ces donn\u00e9es pour \u00e9tablir, exercer ou d\u00e9fendre des r\u00e9clamations l\u00e9gales.<\/li>\n\n\n\n<li>Vous vous \u00eates oppos\u00e9 \u00e0 l'utilisation de vos donn\u00e9es, mais nous devons v\u00e9rifier si nous avons des motifs l\u00e9gitimes imp\u00e9rieux de les utiliser.<\/li>\n<\/ul>\n<\/li>\n\n\n\n<li>Demander le transfert de vos donn\u00e9es \u00e0 caract\u00e8re personnel \u00e0 vous-m\u00eame ou \u00e0 un tiers.<\/li>\n\n\n\n<li>Retirer son consentement \u00e0 tout moment lorsque nous nous appuyons sur ce consentement pour traiter vos donn\u00e9es \u00e0 caract\u00e8re personnel.<\/li>\n<\/ul>\n\n\n\n<p>Si vous souhaitez exercer l'un des droits susmentionn\u00e9s, veuillez nous contacter par \u00e9crit \u00e0 l'adresse suivante <a href=\"mailto:support@confidopay.com\">support@confidopay.com<\/a>.<\/p>\n\n\n\n<p>Veuillez noter que lorsque des exceptions s'appliquent, tout ou partie de ces droits peuvent ne pas \u00eatre applicables. Ce sera le cas, par exemple, si nous avons des raisons de soup\u00e7onner que vous avez utilis\u00e9 notre plateforme \u00e0 des fins ill\u00e9gales. Dans ce cas, nous pouvons soit refuser, par exemple, d'effacer vos donn\u00e9es personnelles et votre historique de transactions, soit accepter de le faire dans un certain d\u00e9lai raisonnable qui nous permettrait de confirmer ou de lever nos soup\u00e7ons.<\/p>\n\n\n\n<p>Vous n'aurez pas \u00e0 payer de frais pour acc\u00e9der \u00e0 vos donn\u00e9es \u00e0 caract\u00e8re personnel (ou pour exercer l'un des autres droits). Toutefois, nous pouvons facturer des frais raisonnables si votre demande est d\u00e9raisonnable, r\u00e9p\u00e9titive ou excessive. Dans ce cas, nous pouvons \u00e9galement refuser de donner suite \u00e0 votre demande.<\/p>\n\n\n\n<p>Nous nous effor\u00e7ons de r\u00e9pondre \u00e0 toutes les demandes l\u00e9gitimes dans un d\u00e9lai d'un mois. Il peut arriver que nous ayons besoin de plus d'un mois si votre demande est particuli\u00e8rement complexe ou si vous avez formul\u00e9 plusieurs demandes. Dans ce cas, nous vous en informerons et vous tiendrons au courant.<\/p>\n\n\n\n<p>Nous ne conservons vos donn\u00e9es qu'aussi longtemps que n\u00e9cessaire et uniquement dans le but pour lequel nous les avons obtenues. Nos p\u00e9riodes de conservation sont bas\u00e9es sur les besoins commerciaux ou les obligations l\u00e9gales et vos informations qui ne sont plus n\u00e9cessaires sont soit anonymis\u00e9es de mani\u00e8re irr\u00e9versible, soit d\u00e9truites en toute s\u00e9curit\u00e9. Nous conserverons vos donn\u00e9es relatives \u00e0 l'exercice des droits susmentionn\u00e9s pendant une p\u00e9riode de 12 mois \u00e0 compter de l'exercice des droits en question.<\/p>\n\n\n\n<h2 class=\"wp-block-heading is-style-alt\">Restrictions d'\u00e2ge<\/h2>\n\n\n\n<p>Notre site web et nos services ne sont pas destin\u00e9s aux enfants de moins de 18 ans. <\/p>\n\n\n\n<p>Nous ne collectons pas sciemment d'informations personnelles aupr\u00e8s d'enfants de moins de 18 ans. Si vous avez moins de 18 ans, n'utilisez pas et ne nous fournissez pas d'informations sans le consentement de vos parents. Si nous apprenons que nous avons recueilli ou re\u00e7u des informations personnelles d'un enfant de moins de 18 ans sans v\u00e9rification du consentement parental, nous supprimerons ces informations.<\/p>\n\n\n\n<h2 class=\"wp-block-heading is-style-alt\">Autres mesures de s\u00e9curit\u00e9<\/h2>\n\n\n\n<p>Nous reconnaissons l'importance de la protection et de la gestion de vos donn\u00e9es personnelles. Toutes les donn\u00e9es personnelles que nous traitons le sont avec le plus grand soin et la plus grande s\u00e9curit\u00e9. Cette section pr\u00e9sente certaines des mesures de s\u00e9curit\u00e9 que nous avons mises en place.<\/p>\n\n\n\n<p>Nous utilisons une vari\u00e9t\u00e9 de mesures physiques et techniques pour :<\/p>\n\n\n\n<ul class=\"wp-block-list\">\n<li>Prot\u00e9gez vos donn\u00e9es personnelles<\/li>\n\n\n\n<li>Emp\u00eacher l'acc\u00e8s non autoris\u00e9 \u00e0 vos donn\u00e9es personnelles<\/li>\n\n\n\n<li>Veillez \u00e0 ce que vos donn\u00e9es personnelles ne soient pas utilis\u00e9es ou divulgu\u00e9es de mani\u00e8re inappropri\u00e9e.<\/li>\n<\/ul>\n\n\n\n<p>Les donn\u00e9es \u00e9lectroniques et les bases de donn\u00e9es sont stock\u00e9es sur des syst\u00e8mes informatiques s\u00e9curis\u00e9s dont l'acc\u00e8s \u00e0 l'information est contr\u00f4l\u00e9 par des moyens physiques et \u00e9lectroniques. Notre personnel re\u00e7oit une formation \u00e0 la protection des donn\u00e9es et \u00e0 la s\u00e9curit\u00e9 de l'information. Nous disposons de politiques d\u00e9taill\u00e9es en mati\u00e8re de s\u00e9curit\u00e9 et de protection des donn\u00e9es que le personnel est tenu de respecter lorsqu'il traite vos donn\u00e9es \u00e0 caract\u00e8re personnel.<\/p>\n\n\n\n<p>Si vous utilisez un mot de passe pour l'application Confidopay, vous devrez garder ce mot de passe confidentiel.<\/p>\n\n\n\n<p>Veuillez ne pas le partager avec qui que ce soit.<\/p>\n\n\n\n<p>Nous am\u00e9liorons et d\u00e9veloppons constamment nos produits et services. Cela peut entra\u00eener des changements dans le traitement des donn\u00e9es. Lorsque nous changeons quelque chose, nous adaptons nos d\u00e9clarations de confidentialit\u00e9 en cons\u00e9quence. Vous trouverez toujours la derni\u00e8re version sur notre site web et sur l'application.<\/p>\n\n\n\n<p>Si vous souhaitez obtenir de plus amples informations, veuillez nous contacter en envoyant un courrier \u00e9lectronique \u00e0 l'adresse suivante <a href=\"mailto:support@confidopay.com\">support@confidopay.com<\/a>.<\/p>\n\n\n\n<p>Afin de respecter notre engagement \u00e0 l'\u00e9gard de votre vie priv\u00e9e, nous vous demandons de bien vouloir prendre connaissance des politiques de confidentialit\u00e9 de nos partenaires commerciaux :<\/p>\n\n\n\n<p><a href=\"https:\/\/storage.googleapis.com\/striga-public-docs\/Static%20Partner%20TCs\/Striga-PP.pdf\" target=\"_blank\" rel=\"noreferrer noopener\">Lightspark privacy policy<\/a><br><a href=\"https:\/\/wallester.com\/privacy\" target=\"_blank\" rel=\"noreferrer noopener\">Politique de confidentialit\u00e9 de Wallester<\/a><\/p>\n\n\n\n<p><\/p>","protected":false},"excerpt":{"rendered":"<p>Customer privacy policy Last update: 28 January 2026 We\u2019re committed to protecting and respecting your privacy.&nbsp;We will:&nbsp; General information Confidopay UAB, located at M\u0117sini\u0173 g. 5, Vilnius, shall be responsible for the processing of your personal data pertaining to the provision of its product or service. In this capacity, Confidopay shall function as the designated [&hellip;]<\/p>","protected":false},"author":1,"featured_media":0,"parent":0,"menu_order":0,"comment_status":"closed","ping_status":"open","template":"","meta":{"_acf_changed":false,"footnotes":""},"class_list":["post-267","page","type-page","status-publish","hentry"],"acf":[],"_links":{"self":[{"href":"https:\/\/confidopay.com\/fr\/wp-json\/wp\/v2\/pages\/267","targetHints":{"allow":["GET"]}}],"collection":[{"href":"https:\/\/confidopay.com\/fr\/wp-json\/wp\/v2\/pages"}],"about":[{"href":"https:\/\/confidopay.com\/fr\/wp-json\/wp\/v2\/types\/page"}],"author":[{"embeddable":true,"href":"https:\/\/confidopay.com\/fr\/wp-json\/wp\/v2\/users\/1"}],"replies":[{"embeddable":true,"href":"https:\/\/confidopay.com\/fr\/wp-json\/wp\/v2\/comments?post=267"}],"version-history":[{"count":6,"href":"https:\/\/confidopay.com\/fr\/wp-json\/wp\/v2\/pages\/267\/revisions"}],"predecessor-version":[{"id":442,"href":"https:\/\/confidopay.com\/fr\/wp-json\/wp\/v2\/pages\/267\/revisions\/442"}],"wp:attachment":[{"href":"https:\/\/confidopay.com\/fr\/wp-json\/wp\/v2\/media?parent=267"}],"curies":[{"name":"wp","href":"https:\/\/api.w.org\/{rel}","templated":true}]}}