{"id":268,"date":"2025-08-19T08:27:01","date_gmt":"2025-08-19T08:27:01","guid":{"rendered":"https:\/\/localhost\/wordpress\/?page_id=10"},"modified":"2025-12-11T10:54:08","modified_gmt":"2025-12-11T10:54:08","slug":"about-us","status":"publish","type":"page","link":"https:\/\/confidopay.com\/es\/about-us\/","title":{"rendered":"Qui\u00e9nes somos"},"content":{"rendered":"<!-- heading_block -->\n<div id=\"heading-block_64d2aa882fb1f9226c412b2a9742c9ce\" class=\"heading_block alignfull\">\n    <figure class=\"wrapper\">\n        <figcaption>\n            <h1><strong>M\u00e1s informaci\u00f3n<\/strong> algo m\u00e1s que una tarjeta de pago<\/h1>            <p>Construido por criptocreyentes para criptocreyentes.<\/p>\n            <a class=\"button\" href=\"https:\/\/app.confidopay.com\/\" title=\"Obtenga su tarjeta\" target=\"\">Obtenga su tarjeta<\/a>                    <\/figcaption>\n        <div><img decoding=\"async\" width=\"1500\" height=\"1001\" loading=\"lazy\" srcset=\"https:\/\/confidopay.com\/wp-content\/uploads\/2025\/08\/img-768x513.jpg 480w, https:\/\/confidopay.com\/wp-content\/uploads\/2025\/08\/img-960x641.jpg 768w, https:\/\/confidopay.com\/wp-content\/uploads\/2025\/08\/img-1200x801.jpg 960w, https:\/\/confidopay.com\/wp-content\/uploads\/2025\/08\/img.jpg 1200w, https:\/\/confidopay.com\/wp-content\/uploads\/2025\/08\/img.jpg 2000w, https:\/\/confidopay.com\/wp-content\/uploads\/2025\/08\/img.jpg 3000w\" sizes=\"auto, (max-width:479px) 480px, (min-width: 480px) and (max-width: 767px) 768px, (min-width: 768px) and (max-width: 959px) 960px, (min-width: 960px) and (max-width: 1200px) 1200px, 100vw\" src=\"https:\/\/confidopay.com\/wp-content\/uploads\/2025\/08\/img-960x641.jpg\" alt=\"\" \/><span class=\"card_additional_text\"> *El dise\u00f1o final de la tarjeta puede ser diferente.<\/span><\/div>    <\/figure>\n<\/div>\n<!-- \/heading_block -->\n\n\n<div class=\"wp-block-columns is-layout-flex wp-container-core-columns-is-layout-9d6595d7 wp-block-columns-is-layout-flex\">\n<div class=\"wp-block-column is-layout-flow wp-block-column-is-layout-flow\">\n<h2 class=\"wp-block-heading\">Qui\u00e9nes somos<\/h2>\n<\/div>\n\n\n\n<div class=\"wp-block-column is-layout-flow wp-block-column-is-layout-flow\">\n<p>Somos un equipo de entusiastas de las criptomonedas, tecn\u00f3logos y gastadores cotidianos cansados de la fricci\u00f3n entre los activos digitales y el uso en el mundo real. Confidopay naci\u00f3 de una idea simple: \u00bfqu\u00e9 pasar\u00eda si gastar criptomonedas fuera tan f\u00e1cil como pasar una tarjeta?<\/p>\n\n\n\n<p>Hemos sufrido las elevadas comisiones, las conversiones complicadas y el acceso limitado. Por eso hemos creado algo mejor para nosotros y para usted. Confidopay no es solo un producto; es un movimiento hacia la libertad financiera, la simplicidad y el acceso global.<\/p>\n<\/div>\n<\/div>\n\n\n\n<div class=\"wp-block-columns is-layout-flex wp-container-core-columns-is-layout-9d6595d7 wp-block-columns-is-layout-flex\">\n<div class=\"wp-block-column is-layout-flow wp-block-column-is-layout-flow\">\n<h2 class=\"wp-block-heading\">Nuestra misi\u00f3n<\/h2>\n<\/div>\n\n\n\n<div class=\"wp-block-column is-layout-flow wp-block-column-is-layout-flow\">\n<p>Hacer que gastar criptomonedas sea f\u00e1cil, seguro y accesible en cualquier parte del mundo. Ya sea para comprar caf\u00e9, reservar vuelos o pagar facturas, creemos que sus activos digitales deber\u00edan funcionar para usted en la vida real.<\/p>\n\n\n\n<div class=\"wp-block-buttons is-layout-flex wp-block-buttons-is-layout-flex\">\n<div class=\"wp-block-button\"><a class=\"wp-block-button__link wp-element-button\" href=\"https:\/\/app.confidopay.com\/\">Obtenga su tarjeta<\/a><\/div>\n<\/div>\n<\/div>\n<\/div>\n\n\n\n<div class=\"wp-block-cover\"><span aria-hidden=\"true\" class=\"wp-block-cover__background has-background-dim-100 has-background-dim has-background-gradient\" style=\"background:linear-gradient(135deg,rgb(11,57,90) 0%,rgb(24,26,38) 100%)\"><\/span><div class=\"wp-block-cover__inner-container is-layout-constrained wp-block-cover-is-layout-constrained\">\n<div class=\"wp-block-columns is-layout-flex wp-container-core-columns-is-layout-9d6595d7 wp-block-columns-is-layout-flex\">\n<div class=\"wp-block-column is-layout-flow wp-block-column-is-layout-flow\">\n<h2 class=\"wp-block-heading\"><strong>Qu\u00e9 <\/strong>Ofrecemos<\/h2>\n<\/div>\n\n\n\n<div class=\"wp-block-column is-layout-flow wp-block-column-is-layout-flow\">\n<p>Nuestra tarjeta de d\u00e9bito criptogr\u00e1fica est\u00e1 dise\u00f1ada pensando en la gente real. Es r\u00e1pida, flexible y se adapta a tu estilo de vida. As\u00ed es como lo hacemos posible:<\/p>\n\n\n\n<div class=\"wp-block-buttons is-layout-flex wp-block-buttons-is-layout-flex\">\n<div class=\"wp-block-button\"><a class=\"wp-block-button__link wp-element-button\" href=\"https:\/\/app.confidopay.com\/\">Obtenga su tarjeta<\/a><\/div>\n<\/div>\n<\/div>\n<\/div>\n\n\n\n<div class=\"wp-block-media-text is-stacked-on-mobile\" style=\"grid-template-columns:56% auto\"><figure class=\"wp-block-media-text__media\"><img loading=\"lazy\" decoding=\"async\" width=\"534\" height=\"464\" src=\"https:\/\/confidopay.com\/wp-content\/uploads\/2025\/08\/img2.jpg\" alt=\"\" class=\"wp-image-297 size-full\" srcset=\"https:\/\/confidopay.com\/wp-content\/uploads\/2025\/08\/img2.jpg 534w, https:\/\/confidopay.com\/wp-content\/uploads\/2025\/08\/img2-300x261.jpg 300w, https:\/\/confidopay.com\/wp-content\/uploads\/2025\/08\/img2-14x12.jpg 14w, https:\/\/confidopay.com\/wp-content\/uploads\/2025\/08\/img2-480x417.jpg 480w\" sizes=\"auto, (max-width: 534px) 100vw, 534px\" \/><\/figure><div class=\"wp-block-media-text__content\">\n\n\n\n<!-- focus_list -->\n<div id=\"focuslist-block_c7309ff96165174ae96d75ff26f0524f\" class=\"focus_list\">\n    <ul>\n                    <li>\n                <strong>Acceso instant\u00e1neo con tarjeta:\u00a0<\/strong>                <p>Reg\u00edstrese y verifique en minutos.<\/p>\n            <\/li>\n                    <li>\n                <strong>Carga y conecta con facilidad:\u00a0<\/strong>                <p>Deposita criptomonedas, vincula tu tarjeta y empieza a gastar.<\/p>\n            <\/li>\n                    <li>\n                <strong>Libertad global:\u00a0<\/strong>                <p>Utilice su tarjeta en Internet, en tiendas o en cajeros autom\u00e1ticos de todo el mundo.<\/p>\n            <\/li>\n                    <li>\n                <strong>Tu cripto, a tu manera:\u00a0<\/strong>                <p>Gaste sin la molestia de las conversiones constantes.<\/p>\n            <\/li>\n            <\/ul>\n<\/div>\n<!-- \/focus_list -->\n<\/div><\/div>\n<\/div><\/div>\n\n\n\n<div class=\"wp-block-columns is-layout-flex wp-container-core-columns-is-layout-9d6595d7 wp-block-columns-is-layout-flex\">\n<div class=\"wp-block-column is-layout-flow wp-block-column-is-layout-flow\">\n<h2 class=\"wp-block-heading\">\u00bfPor qu\u00e9 Confidopay?<\/h2>\n<\/div>\n\n\n\n<div class=\"wp-block-column is-layout-flow wp-block-column-is-layout-flow\">\n<p>No somos una empresa fintech sin rostro, somos usuarios como t\u00fa. Valoramos la transparencia, el control y la sencillez. Por eso hemos creado una plataforma que te permite controlar tu dinero.<\/p>\n\n\n\n<p>Lo que nos diferencia:<\/p>\n\n\n\n<div class=\"wp-block-buttons is-content-justification-left is-layout-flex wp-container-core-buttons-is-layout-fdcfc74e wp-block-buttons-is-layout-flex\">\n<div class=\"wp-block-button\"><a class=\"wp-block-button__link wp-element-button\" href=\"https:\/\/app.confidopay.com\/\">Obtenga su tarjeta<\/a><\/div>\n<\/div>\n<\/div>\n<\/div>\n\n\n\n<div class=\"wp-block-media-text is-stacked-on-mobile\"><figure class=\"wp-block-media-text__media\"><img loading=\"lazy\" decoding=\"async\" width=\"870\" height=\"756\" src=\"https:\/\/confidopay.com\/wp-content\/uploads\/2025\/08\/img4.jpg\" alt=\"\" class=\"wp-image-301 size-full\" srcset=\"https:\/\/confidopay.com\/wp-content\/uploads\/2025\/08\/img4.jpg 870w, https:\/\/confidopay.com\/wp-content\/uploads\/2025\/08\/img4-300x261.jpg 300w, https:\/\/confidopay.com\/wp-content\/uploads\/2025\/08\/img4-768x667.jpg 768w, https:\/\/confidopay.com\/wp-content\/uploads\/2025\/08\/img4-14x12.jpg 14w, https:\/\/confidopay.com\/wp-content\/uploads\/2025\/08\/img4-480x417.jpg 480w\" sizes=\"auto, (max-width: 870px) 100vw, 870px\" \/><\/figure><div class=\"wp-block-media-text__content\">\n\n\n\n<!-- why_list -->\n<div id=\"why-block_8343acf72d2a0a7c45e9a48fc5ef57b7\" class=\"why_list\">\n    <ul>\n                    <li>\n                <h3 title=\"Cuotas casi nulas:\">Cuotas casi nulas:<\/h3>                <p>Conserve m\u00e1s dinero.<\/p>\n            <\/li>\n                    <li>\n                <h3 title=\"Integraci\u00f3n perfecta:\">Integraci\u00f3n perfecta:<\/h3>                <p>Gestione criptomonedas y dinero fiduciario en un solo lugar.<\/p>\n            <\/li>\n                    <li>\n                <h3 title=\"Aceptaci\u00f3n mundial\">Aceptaci\u00f3n mundial<\/h3>                <p>Utilice su tarjeta en cualquier lugar que acepte tarjetas de d\u00e9bito.<\/p>\n            <\/li>\n                    <li>\n                <h3 title=\"Transacciones seguras\">Transacciones seguras<\/h3>                <p>Las funciones de seguridad avanzadas protegen tus fondos e informaci\u00f3n personal.<\/p>\n            <\/li>\n            <\/ul>\n<\/div>\n<!-- \/why_list -->\n<\/div><\/div>\n\n\n\n<h2 class=\"wp-block-heading has-text-align-center\">Elija su experiencia Confidopay<\/h2>\n\n\n\n<div class=\"wp-block-buttons is-content-justification-center is-layout-flex wp-container-core-buttons-is-layout-16018d1d wp-block-buttons-is-layout-flex\">\n<div class=\"wp-block-button\"><a class=\"wp-block-button__link wp-element-button\" href=\"https:\/\/app.confidopay.com\/\">Obtenga su tarjeta<\/a><\/div>\n<\/div>\n\n\n\n<p><\/p>\n\n\n\n<p><\/p>\n\n\n\n<h3 class=\"wp-block-heading has-text-align-center\">Sabemos que una talla no sirve para todos. Por eso ofrecemos dos opciones de tarjeta que se adaptan a tu estilo de vida:<\/h3>\n\n\n\n\n\n\n<!-- experience_list -->\n<div id=\"experiencelist-block_632141578e293796da75fc2f164a03b4\" class=\"experience_list\">\n    <ul>\n                    <li>\n                <div><img decoding=\"async\" width=\"168\" height=\"110\" loading=\"lazy\" srcset=\"https:\/\/confidopay.com\/wp-content\/uploads\/2025\/08\/card4.png 480w, https:\/\/confidopay.com\/wp-content\/uploads\/2025\/08\/card4.png 768w, https:\/\/confidopay.com\/wp-content\/uploads\/2025\/08\/card4.png 960w, https:\/\/confidopay.com\/wp-content\/uploads\/2025\/08\/card4.png 1200w, https:\/\/confidopay.com\/wp-content\/uploads\/2025\/08\/card4.png 2000w, https:\/\/confidopay.com\/wp-content\/uploads\/2025\/08\/card4.png 3000w\" sizes=\"auto, (max-width:479px) 480px, (min-width: 480px) and (max-width: 767px) 768px, (min-width: 768px) and (max-width: 959px) 960px, (min-width: 960px) and (max-width: 1200px) 1200px, 100vw\" src=\"https:\/\/confidopay.com\/wp-content\/uploads\/2025\/08\/card4.png\" alt=\"\" \/><span class=\"card_additional_text\"> *El dise\u00f1o final de la tarjeta puede ser diferente.<\/span><\/div>                <h3 title=\"Tarjeta virtual instant\u00e1nea\">Tarjeta virtual instant\u00e1nea<\/h3>                                <ul>\n                                            <li>\n                            <h4 title=\"Ideal para compras en l\u00ednea y suscripciones\">Ideal para compras en l\u00ednea y suscripciones<\/h4>                                                    <\/li>\n                                            <li>\n                            <h4 title=\"A\u00f1adir a Google Wallet y Apple Wallet al instante\">A\u00f1adir a Google Wallet y Apple Wallet al instante<\/h4>                                                    <\/li>\n                                            <li>\n                            <h4 title=\"Activar en segundos y empezar a gastar\">Activar en segundos y empezar a gastar<\/h4>                                                    <\/li>\n                                            <li>\n                            <h4 title=\"Pagos digitales seguros y c\u00f3modos\">Pagos digitales seguros y c\u00f3modos<\/h4>                                                    <\/li>\n                                    <\/ul>\n                            <\/li>\n                    <li>\n                <div><img decoding=\"async\" width=\"168\" height=\"110\" loading=\"lazy\" srcset=\"https:\/\/confidopay.com\/wp-content\/uploads\/2025\/08\/card4.png 480w, https:\/\/confidopay.com\/wp-content\/uploads\/2025\/08\/card4.png 768w, https:\/\/confidopay.com\/wp-content\/uploads\/2025\/08\/card4.png 960w, https:\/\/confidopay.com\/wp-content\/uploads\/2025\/08\/card4.png 1200w, https:\/\/confidopay.com\/wp-content\/uploads\/2025\/08\/card4.png 2000w, https:\/\/confidopay.com\/wp-content\/uploads\/2025\/08\/card4.png 3000w\" sizes=\"auto, (max-width:479px) 480px, (min-width: 480px) and (max-width: 767px) 768px, (min-width: 768px) and (max-width: 959px) 960px, (min-width: 960px) and (max-width: 1200px) 1200px, 100vw\" src=\"https:\/\/confidopay.com\/wp-content\/uploads\/2025\/08\/card4.png\" alt=\"\" \/><span class=\"card_additional_text\"> *El dise\u00f1o final de la tarjeta puede ser diferente.<\/span><\/div>                <h3 title=\"Tarjeta f\u00edsica vers\u00e1til\">Tarjeta f\u00edsica vers\u00e1til<\/h3>                                <ul>\n                                            <li>\n                            <h4 title=\"Uso en millones de lugares de todo el mundo\">Uso en millones de lugares de todo el mundo<\/h4>                                                    <\/li>\n                                            <li>\n                            <h4 title=\"Pagos con NFC\">Pagos con NFC<\/h4>                                                    <\/li>\n                                            <li>\n                            <h4 title=\"Retirar dinero de cajeros autom\u00e1ticos de todo el mundo\">Retirar dinero de cajeros autom\u00e1ticos de todo el mundo<\/h4>                                                    <\/li>\n                                            <li>\n                            <h4 title=\"Perfecto tanto para compras en l\u00ednea como fuera de l\u00ednea\">Perfecto tanto para compras en l\u00ednea como fuera de l\u00ednea<\/h4>                                                    <\/li>\n                                    <\/ul>\n                            <\/li>\n            <\/ul>\n<\/div>\n<!-- \/experience_list -->\n\n\n\n<p class=\"has-text-align-center\">Hemos creado Confidopay para que gastar en criptomonedas sea algo natural. Se acabaron las esperas y las suposiciones. Simplemente reg\u00edstrese, obtenga su tarjeta y empiece a vivir el cripto estilo de vida a su manera.<\/p>\n\n\n\n\n\n\n<!-- cta_block -->\n<div id=\"cta-block_06457b202c6611ed2d9f816e60f3408f\" class=\"cta_block\">\n    <header>\n\t\t        <h2><strong>Inicio<\/strong> Su viaje con Confidopay<\/h2>        <p>\u00bfListo para experimentar la libertad de gastar criptomonedas sin esfuerzo? Convierta sus activos digitales en dinero fiduciario con comisiones cercanas a cero y utilice su tarjeta en todo el mundo. Reg\u00edstrate en minutos y libera el verdadero potencial de tu cripto hoy mismo.<\/p>\n\t\t        <a class=\"button\" href=\"https:\/\/app.confidopay.com\/\" title=\"Obtenga su tarjeta\" target=\"\">Obtenga su tarjeta<\/a>    <\/header>\n\t<span class=\"card_additional_text\"> *El dise\u00f1o final de la tarjeta puede ser diferente.<\/span>\t<div class=\"get_it_on\"><h4>P\u00f3ntelo<\/h4><ul><li><a href=\"\/es\/\"><img decoding=\"async\" width=\"244\" height=\"72\" loading=\"lazy\" src=\"https:\/\/confidopay.com\/wp-content\/uploads\/2025\/08\/google_play.png\" alt=\"\" \/><\/a><\/li><li><a href=\"\/es\/\"><img decoding=\"async\" width=\"240\" height=\"72\" loading=\"lazy\" src=\"https:\/\/confidopay.com\/wp-content\/uploads\/2025\/08\/app_store.png\" alt=\"\" \/><\/a><\/li><\/ul><\/div><\/div>\n<!-- \/cta_block -->\n\n\n<h2 class=\"wp-block-heading has-text-align-center\">Precios que le dan prioridad&nbsp;<\/h2>\n\n\n\n<p class=\"has-text-align-center\">&nbsp;Creemos en la transparencia y la equidad. Nuestros precios est\u00e1n dise\u00f1ados para ofrecerle el mejor valor mientras desbloquea el verdadero poder de su cripto.&nbsp;&nbsp;<\/p>\n\n\n\n<div class=\"wp-block-buttons is-content-justification-center is-layout-flex wp-container-core-buttons-is-layout-16018d1d wp-block-buttons-is-layout-flex\">\n<div class=\"wp-block-button\"><a class=\"wp-block-button__link wp-element-button\" href=\"https:\/\/app.confidopay.com\/\">Obtenga su tarjeta<\/a><\/div>\n<\/div>\n\n\n\n\n\n\n<!-- cards_list -->\n<div id=\"cards-block_54d2cadfcf850e22a7be63f8803df781\" class=\"cards_list\">\n    <ul>\n                    <li>\n                <h2 title=\"Cripto\">Cripto<\/h2>                <p>Comisi\u00f3n de cambio de criptomonedas<strong>0,1% + 1 EUR<\/strong><\/p>\n                <p>Comisi\u00f3n por retirada de criptomonedas*.<strong>0,1% + 1 EUR<\/strong><\/p>\n                <p>Tasa de dep\u00f3sito de criptomonedas<strong>0,1% + 1 EUR<\/strong><\/p>                <footer>*Esta tarifa es adicional a la tarifa basada en la red que cobra nuestro proveedor externo.<\/footer>            <\/li>\n                    <li>\n                <h2 title=\"Banca\">Banca<\/h2>                <p>Transferencia bancaria<strong>0,1% + 1 EUR<\/strong><\/p>\n                <p>Transferencia bancaria<strong>0,1% + 1 EUR<\/strong><\/p>\n                                            <\/li>\n                    <li>\n                <h2 title=\"Tarjetas\">Tarjetas<\/h2>                <p>Creaci\u00f3n de tarjetas f\u00edsicas<strong>0 EUR<\/strong><\/p>\n                <p>Creaci\u00f3n de tarjetas virtuales<strong>0 EUR<\/strong><\/p>\n                                            <\/li>\n            <\/ul>\n<\/div>\n<!-- \/cards_list -->\n\n\n\n<p class=\"has-text-align-center\">En Confidopay, nuestros usuarios son siempre lo primero. Nos dedicamos a mantener las comisiones m\u00e1s bajas posibles en el mercado, asegurando que usted obtenga el m\u00e1ximo valor de su cripto. Su libertad financiera y su satisfacci\u00f3n son nuestras principales prioridades.&nbsp;&nbsp;<\/p>\n\n\n\n<div class=\"wp-block-cover\"><span aria-hidden=\"true\" class=\"wp-block-cover__background has-background-dim-100 has-background-dim has-background-gradient\" style=\"background:linear-gradient(135deg,rgb(11,57,90) 0%,rgb(24,26,38) 100%)\"><\/span><div class=\"wp-block-cover__inner-container is-layout-constrained wp-block-cover-is-layout-constrained\">\n<h2 class=\"wp-block-heading has-text-align-center\"><strong>Estamos aqu\u00ed para ayudar - <\/strong>en cualquier momento y lugar.<\/h2>\n\n\n\n<p class=\"has-text-align-center\">Si tiene alguna pregunta, necesita ayuda o desea explorar oportunidades de asociaci\u00f3n, el equipo de Confidopay est\u00e1 preparado para ayudarle.<\/p>\n<\/div><\/div>\n\n\n\n\n\n\n<!-- contact_list -->\n<div id=\"contactlist-block_7a467e9195b0eaaa74fcd8d8ad35348e\" class=\"contact_list\">\n    <ul>\n                    <li>\n                Atenci\u00f3n al cliente                <div><img decoding=\"async\" width=\"0\" height=\"0\" loading=\"lazy\" srcset=\"https:\/\/confidopay.com\/wp-content\/uploads\/2025\/11\/mail.svg 480w, https:\/\/confidopay.com\/wp-content\/uploads\/2025\/11\/mail.svg 768w, https:\/\/confidopay.com\/wp-content\/uploads\/2025\/11\/mail.svg 960w, https:\/\/confidopay.com\/wp-content\/uploads\/2025\/11\/mail.svg 1200w, https:\/\/confidopay.com\/wp-content\/uploads\/2025\/11\/mail.svg 2000w, https:\/\/confidopay.com\/wp-content\/uploads\/2025\/11\/mail.svg 3000w\" sizes=\"auto, (max-width:479px) 480px, (min-width: 480px) and (max-width: 767px) 768px, (min-width: 768px) and (max-width: 959px) 960px, (min-width: 960px) and (max-width: 1200px) 1200px, 100vw\" src=\"https:\/\/confidopay.com\/wp-content\/uploads\/2025\/11\/mail.svg\" alt=\"\" \/><\/div>\t\t\t\t<h3 class=\"is-style-alt\"><a href=\"mailto:support@confidopay.com\" title=\"support@confidopay.com\" target=\"\">support@confidopay.com<\/a><\/h3>            <\/li>\n                    <li>\n                Consultas comerciales                <div><img decoding=\"async\" width=\"0\" height=\"0\" loading=\"lazy\" srcset=\"https:\/\/confidopay.com\/wp-content\/uploads\/2025\/11\/mail.svg 480w, https:\/\/confidopay.com\/wp-content\/uploads\/2025\/11\/mail.svg 768w, https:\/\/confidopay.com\/wp-content\/uploads\/2025\/11\/mail.svg 960w, https:\/\/confidopay.com\/wp-content\/uploads\/2025\/11\/mail.svg 1200w, https:\/\/confidopay.com\/wp-content\/uploads\/2025\/11\/mail.svg 2000w, https:\/\/confidopay.com\/wp-content\/uploads\/2025\/11\/mail.svg 3000w\" sizes=\"auto, (max-width:479px) 480px, (min-width: 480px) and (max-width: 767px) 768px, (min-width: 768px) and (max-width: 959px) 960px, (min-width: 960px) and (max-width: 1200px) 1200px, 100vw\" src=\"https:\/\/confidopay.com\/wp-content\/uploads\/2025\/11\/mail.svg\" alt=\"\" \/><\/div>\t\t\t\t<h3 class=\"is-style-alt\"><a href=\"mailto:sales@confidopay.com\" title=\"sales@confidopay.com\" target=\"\">sales@confidopay.com<\/a><\/h3>            <\/li>\n                    <li>\n                Ubicaci\u00f3n de la oficina                <div><img decoding=\"async\" width=\"0\" height=\"0\" loading=\"lazy\" srcset=\"https:\/\/confidopay.com\/wp-content\/uploads\/2025\/11\/location_on.svg 480w, https:\/\/confidopay.com\/wp-content\/uploads\/2025\/11\/location_on.svg 768w, https:\/\/confidopay.com\/wp-content\/uploads\/2025\/11\/location_on.svg 960w, https:\/\/confidopay.com\/wp-content\/uploads\/2025\/11\/location_on.svg 1200w, https:\/\/confidopay.com\/wp-content\/uploads\/2025\/11\/location_on.svg 2000w, https:\/\/confidopay.com\/wp-content\/uploads\/2025\/11\/location_on.svg 3000w\" sizes=\"auto, (max-width:479px) 480px, (min-width: 480px) and (max-width: 767px) 768px, (min-width: 768px) and (max-width: 959px) 960px, (min-width: 960px) and (max-width: 1200px) 1200px, 100vw\" src=\"https:\/\/confidopay.com\/wp-content\/uploads\/2025\/11\/location_on.svg\" alt=\"\" \/><\/div>\t\t\t\t<h3 class=\"is-style-alt\"><a href=\"\/es\/\" title=\"M\u0117sini\u0173 g. 5, Vilnius\" target=\"\">M\u0117sini\u0173 g. 5, Vilnius<\/a><\/h3>            <\/li>\n            <\/ul>\n<\/div>\n<!-- \/contact_list -->","protected":false},"excerpt":{"rendered":"<p>Who We Are We\u2019re a team of crypto enthusiasts, technologists, and everyday spenders who got tired of the friction between digital assets and real-world use. Confidopay was born out of a simple idea: what if spending crypto could be as easy as swiping a card? We\u2019ve lived the pain of high fees, clunky conversions, and [&hellip;]<\/p>","protected":false},"author":1,"featured_media":0,"parent":0,"menu_order":0,"comment_status":"closed","ping_status":"closed","template":"","meta":{"_acf_changed":false,"footnotes":""},"class_list":["post-268","page","type-page","status-publish","hentry"],"acf":[],"_links":{"self":[{"href":"https:\/\/confidopay.com\/es\/wp-json\/wp\/v2\/pages\/268","targetHints":{"allow":["GET"]}}],"collection":[{"href":"https:\/\/confidopay.com\/es\/wp-json\/wp\/v2\/pages"}],"about":[{"href":"https:\/\/confidopay.com\/es\/wp-json\/wp\/v2\/types\/page"}],"author":[{"embeddable":true,"href":"https:\/\/confidopay.com\/es\/wp-json\/wp\/v2\/users\/1"}],"replies":[{"embeddable":true,"href":"https:\/\/confidopay.com\/es\/wp-json\/wp\/v2\/comments?post=268"}],"version-history":[{"count":24,"href":"https:\/\/confidopay.com\/es\/wp-json\/wp\/v2\/pages\/268\/revisions"}],"predecessor-version":[{"id":414,"href":"https:\/\/confidopay.com\/es\/wp-json\/wp\/v2\/pages\/268\/revisions\/414"}],"wp:attachment":[{"href":"https:\/\/confidopay.com\/es\/wp-json\/wp\/v2\/media?parent=268"}],"curies":[{"name":"wp","href":"https:\/\/api.w.org\/{rel}","templated":true}]}}