{"id":267,"date":"2025-08-19T08:24:32","date_gmt":"2025-08-19T08:24:32","guid":{"rendered":"https:\/\/localhost\/wordpress\/?page_id=3"},"modified":"2026-01-28T12:36:01","modified_gmt":"2026-01-28T12:36:01","slug":"privacy-policy-2","status":"publish","type":"page","link":"https:\/\/confidopay.com\/es\/privacy-policy-2\/","title":{"rendered":"Pol\u00edtica de privacidad"},"content":{"rendered":"<h1 class=\"wp-block-heading\">Pol\u00edtica de privacidad del cliente<\/h1>\n\n\n\n<p>Last update: 28 January 2026<\/p>\n\n\n\n<p><strong>Nos comprometemos a proteger y respetar su privacidad.&nbsp;<br>Lo haremos:&nbsp;<\/strong><\/p>\n\n\n\n<ul class=\"wp-block-list\">\n<li><strong>Mantenga sus datos personales seguros y privados<\/strong>&nbsp;<\/li>\n\n\n\n<li><strong>Sus datos personales nunca se vender\u00e1n<\/strong><\/li>\n<\/ul>\n\n\n\n<hr class=\"wp-block-separator has-alpha-channel-opacity\"\/>\n\n\n\n<h2 class=\"wp-block-heading is-style-alt\">Informaci\u00f3n general<\/h2>\n\n\n\n<p>Confidopay UAB, con sede en M\u0117sini\u0173 g. 5, Vilnius, ser\u00e1 responsable del tratamiento de sus datos personales relativos a la prestaci\u00f3n de su producto o servicio. En esta capacidad, Confidopay funcionar\u00e1 como el \u2018controlador\u2019 designado de sus datos personales.<\/p>\n\n\n\n<p>Esta Pol\u00edtica de Privacidad se establece de conformidad con el Reglamento General de Protecci\u00f3n de Datos de 2017 (\u201cGDPR\u201d) y constituye un componente integral de Su relaci\u00f3n inicial y continua como cliente con nosotros y nuestro compromiso con Su privacidad.<\/p>\n\n\n\n<p>En esta Pol\u00edtica de Privacidad, Confidopay (en adelante: \u201cEmpresa\u201d, \u201cConfidopay App\u201d, \u201cnosotros\u201d, \u201cnuestro\u201d) le informar\u00e1 sobre la recogida, uso y tratamiento de datos personales cuando utilice nuestro sitio web https<a href=\"https:\/\/kvitka.gbhs.fr\/en\/kvitka-by-global-ukraine?hsLang=en\">:<\/a>\/\/confidopay.com (en adelante: \u201cSitio Web\u201d) y nuestra aplicaci\u00f3n m\u00f3vil (en adelante: \u201cAplicaci\u00f3n\u201d; denominados conjuntamente: \u201cServicios\u201d).<\/p>\n\n\n\n<p>Se\u00f1alaremos expl\u00edcitamente en caso de que alguna informaci\u00f3n de esta Pol\u00edtica de Privacidad se refiera exclusivamente a nuestro sitio web o App.<\/p>\n\n\n\n<p>En este contexto, datos personales significa toda la informaci\u00f3n detallada sobre circunstancias personales o f\u00e1cticas de una persona f\u00edsica espec\u00edfica o identificable, como nombre, n\u00famero de tel\u00e9fono o direcci\u00f3n. Procesamos sus datos personales en el marco de nuestra relaci\u00f3n comercial si es usted cliente de Confidopay App o cuando visita nuestro sitio web con fines informativos.<\/p>\n\n\n\n<p>Este aviso de privacidad describe nuestras pr\u00e1cticas de recopilaci\u00f3n de datos, c\u00f3mo utilizamos su informaci\u00f3n personal y sus derechos correspondientes.  Podr\u00e1 encontrar m\u00e1s informaci\u00f3n sobre c\u00f3mo ConfidoPay recopila, utiliza y protege sus datos cuando utiliza productos o servicios espec\u00edficos:<\/p>\n\n\n\n<ul class=\"wp-block-list\">\n<li>Proporcionados a trav\u00e9s de nuestra aplicaci\u00f3n tras el uso inicial de los productos o servicios pertinentes.<\/li>\n\n\n\n<li>Disponible en cualquier momento en nuestro sitio web:<a href=\"https:\/\/confidopay.com\/es\/\"> https:\/\/confidopay.com<\/a><\/li>\n\n\n\n<li>Dise\u00f1ado para proporcionar informaci\u00f3n completa sobre nuestras pr\u00e1cticas en materia de datos.<\/li>\n<\/ul>\n\n\n\n<p>A veces, tambi\u00e9n podemos proporcionarle explicaciones de privacidad \u2018justo a tiempo\u2019 en la aplicaci\u00f3n Confidopay. Cuando utilice un nuevo producto o servicio por primera vez:<\/p>\n\n\n\n<ul class=\"wp-block-list\">\n<li>Estas explicaciones le ayudar\u00e1n a comprender qu\u00e9 datos personales espec\u00edficos recopila, utiliza o comparte la Empresa sobre Usted para ese producto o servicio.<\/li>\n\n\n\n<li>Cuando proceda, se le pedir\u00e1 que revise sus preferencias de privacidad dentro de la aplicaci\u00f3n.<\/li>\n<\/ul>\n\n\n\n<p>Podemos proporcionar avisos de privacidad y explicaciones en idiomas distintos del ingl\u00e9s. Si hay discrepancias entre las versiones en otros idiomas y la versi\u00f3n en ingl\u00e9s, la versi\u00f3n en ingl\u00e9s es la autorizada. Si tiene alguna duda sobre c\u00f3mo utilizamos sus datos personales, puede ponerse en contacto con <a href=\"mailto:support@confidopay.com\">support@confidopay.com<\/a>.<\/p>\n\n\n\n<h2 class=\"wp-block-heading is-style-alt\">Servicios de terceros y pol\u00edticas de privacidad<\/h2>\n\n\n\n<p>Nuestra aplicaci\u00f3n puede integrar o proporcionar acceso a servicios, caracter\u00edsticas o funcionalidades ofrecidos por terceros proveedores. Tenga en cuenta que el uso de dichos servicios de terceros est\u00e1 sujeto a sus respectivas pol\u00edticas de privacidad y condiciones de servicio, que pueden diferir de las nuestras. No tenemos control sobre las pr\u00e1cticas de privacidad de estos proveedores y no asumimos responsabilidad alguna por ellas.<\/p>\n\n\n\n<p><strong>Le recomendamos encarecidamente que revise sus pol\u00edticas de privacidad para comprender c\u00f3mo se recopilan, procesan y protegen sus datos personales cuando utiliza sus servicios a trav\u00e9s de nuestra plataforma:<\/strong><\/p>\n\n\n\n<p><a href=\"https:\/\/storage.googleapis.com\/striga-public-docs\/Static%20Partner%20TCs\/Striga-PP.pdf\" target=\"_blank\" rel=\"noreferrer noopener\">Lightspark privacy policy<\/a><br><a href=\"https:\/\/wallester.com\/privacy\" target=\"_blank\" rel=\"noreferrer noopener\">Pol\u00edtica de privacidad de Wallester<\/a><\/p>\n\n\n\n<p>Al utilizar productos adicionales de Confidopay App o productos de nuestros socios comerciales, es posible que se recopilen, procesen y almacenen datos personales adicionales. A continuaci\u00f3n encontrar\u00e1 informaci\u00f3n detallada sobre el tratamiento de datos adicionales en las respectivas categor\u00edas de productos.<\/p>\n\n\n\n<h2 class=\"wp-block-heading is-style-alt\">\u00bfQu\u00e9 datos personales recopilamos?<\/h2>\n\n\n\n<p>La tabla siguiente explica qu\u00e9 datos personales recopilamos y utilizamos.<\/p>\n\n\n\n<figure class=\"wp-block-table\"><table class=\"has-fixed-layout\"><thead><tr><th>Tipo de datos personales<\/th><th>Detalles<\/th><\/tr><\/thead><tbody><tr><td>Informaci\u00f3n que nos facilita<\/td><td>Recopilamos la informaci\u00f3n que Usted nos proporciona cuando<ul><li>Rellenar formularios<\/li><li>Contacte con nosotros<\/li><li>Responder a cualquiera de nuestras encuestas<\/li><li>Reg\u00edstrese para utilizar la aplicaci\u00f3n Confidopay<\/li><li>Abrir una cuenta o utilizar cualquiera de nuestros servicios<\/li><li>Participar en debates o promociones en l\u00ednea<\/li><li>Hable con un miembro de nuestros equipos de redes sociales o de atenci\u00f3n al cliente (a trav\u00e9s de nuestro servicio de asistencia o de la aplicaci\u00f3n Confidopay)<\/li><li>Participar en un concurso o compartir informaci\u00f3n con nosotros en las redes sociales<\/li><li>P\u00f3ngase en contacto con nosotros por otros motivos<\/li><\/ul>Recopilaremos la siguiente informaci\u00f3n:<ul><li>Su nombre, direcci\u00f3n y fecha de nacimiento<\/li><li>Su direcci\u00f3n de correo electr\u00f3nico, n\u00famero de tel\u00e9fono y datos del dispositivo que utiliza (por ejemplo, su tel\u00e9fono, ordenador o tableta).<\/li><li>Su c\u00f3digo de referencia Confidopay App<\/li><li>Sus datos de registro<\/li><li>Datos de las cuentas financieras y de criptomonedas que abra con nosotros<\/li><li>Su pa\u00eds de residencia<\/li><li>Informaci\u00f3n que facilita al solicitar la apertura de una cuenta<\/li><li>Registros de nuestras conversaciones, si usted se pone en contacto con nosotros o nosotros con usted (incluidos los registros de llamadas telef\u00f3nicas), etc.<\/li><\/ul><\/td><\/tr><tr><td>Informaci\u00f3n recopilada de su uso de nuestros productos y servicios<\/td><td>Cuando utiliza nuestro sitio web o nuestra aplicaci\u00f3n m\u00f3vil, recopilamos la siguiente informaci\u00f3n:<ul><li>Informaci\u00f3n t\u00e9cnica, incluida la direcci\u00f3n de protocolo de Internet (IP) utilizada para conectar su ordenador a Internet, sus datos de acceso, el tipo y la versi\u00f3n del navegador, la configuraci\u00f3n de la zona horaria, el idioma del dispositivo, el sistema operativo y la plataforma, el tipo de dispositivo que utiliza, si su dispositivo utiliza una red privada virtual (VPN), un identificador \u00fanico del dispositivo (por ejemplo, el n\u00famero IMEI de su dispositivo o el n\u00famero de tel\u00e9fono m\u00f3vil utilizado por el dispositivo), informaci\u00f3n sobre la red m\u00f3vil, su sistema operativo m\u00f3vil y el tipo de navegador m\u00f3vil que utiliza.<\/li><li>Informaci\u00f3n sobre su visita, incluidos los enlaces en los que ha hecho clic, a trav\u00e9s y desde nuestro sitio web o aplicaci\u00f3n (incluidas la fecha y la hora), los servicios que ha visto o buscado, los tiempos de respuesta de las p\u00e1ginas, los errores de descarga, la duraci\u00f3n de las visitas a determinadas p\u00e1ginas, la informaci\u00f3n sobre la interacci\u00f3n con las p\u00e1ginas (como el desplazamiento y los clics) y los m\u00e9todos utilizados para salir de la p\u00e1gina.<\/li><li>informaci\u00f3n sobre transacciones y su uso de los productos de la aplicaci\u00f3n Confidopay (por ejemplo, pagos realizados o recibidos en su cuenta), incluida la fecha, la hora, el importe, las divisas, el tipo de cambio, los datos del beneficiario, los datos del dispositivo utilizado para efectuar el pago y el m\u00e9todo de pago utilizado.<\/li><\/ul><\/td><\/tr><tr><td>Informaci\u00f3n sobre su ubicaci\u00f3n<\/td><td>Con la activaci\u00f3n de los servicios de localizaci\u00f3n dentro de la aplicaci\u00f3n ConfidoPay, la plataforma utiliza la tecnolog\u00eda GPS para monitorizar y registrar la localizaci\u00f3n geogr\u00e1fica del Usuario.<\/td><\/tr><tr><td>Informaci\u00f3n compartida con terceros proveedores de servicios<\/td><td>Al prestar servicios a nuestra clientela, puede ser necesario obtener y distribuir informaci\u00f3n a terceros proveedores de servicios contratados para facilitar la prestaci\u00f3n de dichos servicios.<\/td><\/tr><tr><td>Informaci\u00f3n sobre tratamiento de datos<\/td><td>Sus datos se procesan en los servidores de Google Cloud ubicados en la Uni\u00f3n Europea.<\/td><\/tr><\/tbody><\/table><\/figure>\n\n\n\n<h2 class=\"wp-block-heading is-style-alt\">Uso de datos personales<\/h2>\n\n\n\n<p><em>Obligaciones legales<\/em><\/p>\n\n\n\n<p>En determinadas circunstancias, estamos legalmente obligados a recopilar y conservar sus datos personales.<\/p>\n\n\n\n<p><em>Intereses leg\u00edtimos<\/em><\/p>\n\n\n\n<p>Ocasionalmente, recopilamos y utilizamos sus datos personales cuando existe un prop\u00f3sito leg\u00edtimo para tal uso, y este enfoque se considera justificable cuando se sopesa con sus derechos humanos y libertades fundamentales.<\/p>\n\n\n\n<p><em>Inter\u00e9s p\u00fablico sustancial<\/em><\/p>\n\n\n\n<p>Al procesar sus datos personales, incluidos los datos sensibles (tambi\u00e9n denominados datos de categor\u00eda especial), cumplimos las normativas y directrices gubernamentales. Esto incluye obligaciones como la prevenci\u00f3n del fraude y la asistencia a clientes vulnerables.<\/p>\n\n\n\n<p><em>Consentimiento<\/em><\/p>\n\n\n\n<p>ConfidoPay puede recopilar sus datos personales o sensibles, en particular cuando usted consiente activamente, por ejemplo marcando una casilla de verificaci\u00f3n para autorizar el uso de datos espec\u00edficos. En la tabla siguiente se ofrecen m\u00e1s detalles sobre nuestras pr\u00e1cticas de utilizaci\u00f3n de datos.<\/p>\n\n\n\n<figure class=\"wp-block-table\"><table class=\"has-fixed-layout\"><thead><tr><th>Objetivo\/Actividad<\/th><th>Tipo de datos<\/th><th>Base jur\u00eddica del tratamiento, incluido el inter\u00e9s leg\u00edtimo<\/th><\/tr><\/thead><tbody><tr><td>Para abrir y mantener su cuenta.<\/td><td><ol><li>Datos de informaci\u00f3n b\u00e1sica<\/li><li>Datos de clientes KYC<\/li><li>Datos profesionales<\/li><li>Datos biom\u00e9tricos<\/li><\/ol><\/td><td><ol><li>Ejecuci\u00f3n de un contrato con usted.<\/li><li>Necesario para cumplir una obligaci\u00f3n legal.<\/li><li>Necesario para nuestros intereses leg\u00edtimos (iniciar una relaci\u00f3n continuada con el cliente).<\/li><li>Usted consiente expresamente en ello cuando crea una cuenta.<\/li><\/ol><\/td><\/tr><tr><td>Para venderle los Productos y prestarle servicios<\/td><td><ol><li>Datos de informaci\u00f3n b\u00e1sica<\/li><li>Datos de clientes KYC<\/li><li>Datos de preferencias<\/li><li>Datos de la cartera<\/li><li>Datos de la transacci\u00f3n<\/li><\/ol><\/td><td><ol><li>Ejecuci\u00f3n de un contrato con usted.<\/li><li>Necesario para cumplir una obligaci\u00f3n legal.<\/li><li>Necesario para nuestros intereses leg\u00edtimos (dirigir nuestra empresa).<\/li><li>Usted consiente expresamente en ello cuando crea una cuenta.<\/li><\/ol><\/td><\/tr><tr><td>Para gestionar la aplicaci\u00f3n Confidopay<\/td><td><ol><li>Datos de preferencias<\/li><li>Datos de la transacci\u00f3n<\/li><li>Datos de atenci\u00f3n al cliente<\/li><\/ol><\/td><td><ol><li>Necesario para nuestros intereses leg\u00edtimos (para el funcionamiento de nuestra empresa, la prestaci\u00f3n de servicios de administraci\u00f3n y TI, la seguridad de la red, la prevenci\u00f3n del fraude y en el contexto de un ejercicio de reorganizaci\u00f3n empresarial o reestructuraci\u00f3n del grupo);<\/li><li>Necesario para cumplir una obligaci\u00f3n legal.<\/li><li>Usted consiente expresamente en ello cuando crea una cuenta.<\/li><\/ol><\/td><\/tr><tr><td>Para publicidad, an\u00e1lisis de datos y recomendaciones<\/td><td><ol><li>Datos anal\u00edticos<\/li><li>Datos publicitarios<\/li><li>Datos de dispositivos, navegadores y aplicaciones<\/li><li>Datos de uso<\/li><li>Datos de la contraparte<\/li><\/ol><\/td><td><ol><li>Necesarios para nuestros intereses leg\u00edtimos (estudiar c\u00f3mo utilizan los usuarios nuestros servicios y nuestro sitio web, desarrollarlos, hacer crecer nuestro negocio y fundamentar nuestra estrategia de marketing). Estos datos no se comparten ni se venden a terceros con ning\u00fan fin.<\/li><li>Usted consiente expresamente en ello cuando crea una cuenta.<\/li><\/ol><\/td><\/tr><tr><td>Para cumplir las pol\u00edticas, directrices, normas y legislaci\u00f3n internas y externas (por ejemplo, para responder a solicitudes de aplicaci\u00f3n de la ley)<\/td><td><ol><li>Datos de informaci\u00f3n b\u00e1sica<\/li><li>Datos de clientes KYC<\/li><li>Datos profesionales<\/li><li>Datos de la transacci\u00f3n<\/li><li>Datos de la cartera<\/li><li>Datos financieros<\/li><li>Datos disponibles p\u00fablicamente<\/li><li>Datos de la contraparte<\/li><li>Datos de dispositivos, navegadores y aplicaciones<\/li><\/ol><\/td><td><ol><li>Necesario para cumplir una obligaci\u00f3n legal<\/li><li>Necesario para nuestros intereses leg\u00edtimos (garantizar que gestionamos una plataforma segura y cre\u00edble)<\/li><\/ol><\/td><\/tr><\/tbody><\/table><\/figure>\n\n\n\n<h2 class=\"wp-block-heading is-style-alt\">Derechos del cliente<\/h2>\n\n\n\n<p>En determinadas circunstancias, la legislaci\u00f3n sobre protecci\u00f3n de datos le otorga los siguientes derechos en relaci\u00f3n con sus datos personales:<\/p>\n\n\n\n<ul class=\"wp-block-list\">\n<li>Derecho de acceso, rectificaci\u00f3n o supresi\u00f3n de sus datos personales. Esto le permite recibir una copia de los datos personales que tenemos sobre usted y comprobar que los estamos procesando legalmente, corregir cualquier inexactitud o solicitar (en la medida permitida por la ley) la supresi\u00f3n de sus datos.<\/li>\n\n\n\n<li>Oponerse al tratamiento de sus datos personales cuando nos basemos en un inter\u00e9s leg\u00edtimo (o en los de un tercero) y haya algo en su situaci\u00f3n que le haga oponerse al tratamiento por este motivo, ya que considera que afecta a sus derechos y libertades fundamentales.<\/li>\n\n\n\n<li>Solicitar la limitaci\u00f3n del tratamiento de sus datos personales. Esto le permite pedirnos que suspendamos el tratamiento de sus datos personales en los siguientes casos:\n<ul class=\"wp-block-list\">\n<li>Si quiere que establezcamos la exactitud de los datos.<\/li>\n\n\n\n<li>Cuando el uso que hacemos de los datos es il\u00edcito, pero usted no quiere que los borremos.<\/li>\n\n\n\n<li>Cuando necesite que conservemos los datos aunque ya no los necesitemos, ya que los necesita para establecer, ejercer o defender reclamaciones legales.<\/li>\n\n\n\n<li>Se ha opuesto a que utilicemos sus datos, pero tenemos que verificar si tenemos motivos leg\u00edtimos imperiosos para utilizarlos.<\/li>\n<\/ul>\n<\/li>\n\n\n\n<li>Solicitar la transferencia de sus datos personales a usted o a un tercero.<\/li>\n\n\n\n<li>Retirar el consentimiento en cualquier momento cuando nos basemos en \u00e9l para tratar sus datos personales.<\/li>\n<\/ul>\n\n\n\n<p>Si desea ejercer alguno de los derechos antes mencionados, p\u00f3ngase en contacto con nosotros por escrito en la siguiente direcci\u00f3n <a href=\"mailto:support@confidopay.com\">support@confidopay.com<\/a>.<\/p>\n\n\n\n<p>Tenga en cuenta que, cuando se apliquen las excepciones pertinentes, algunos o todos estos derechos pueden no ser exigibles. Este ser\u00e1 el caso, por ejemplo, si tenemos motivos para sospechar que usted ha estado utilizando nuestra plataforma con fines il\u00edcitos. En estos casos, podemos negarnos, por ejemplo, a borrar sus datos personales y su registro de transacciones, o bien comprometernos a hacerlo en un determinado plazo razonable que nos permita confirmar o desestimar nuestras sospechas.<\/p>\n\n\n\n<p>No tendr\u00e1 que pagar nada por acceder a sus datos personales (ni por ejercer ninguno de los dem\u00e1s derechos). Sin embargo, podremos cobrarle una tasa razonable si su solicitud es poco razonable, repetitiva o excesiva. Alternativamente, podr\u00edamos negarnos a atender su solicitud en estas circunstancias.<\/p>\n\n\n\n<p>Intentamos responder a todas las solicitudes leg\u00edtimas en el plazo de un mes. Ocasionalmente podr\u00edamos tardar m\u00e1s de un mes si su solicitud es especialmente compleja o si ha realizado varias solicitudes. En tal caso, se lo notificaremos y le mantendremos informado.<\/p>\n\n\n\n<p>Conservamos sus datos s\u00f3lo el tiempo necesario y \u00fanicamente para el fin para el que los obtuvimos. Nuestros periodos de conservaci\u00f3n se basan en necesidades empresariales u obligaciones legales, y la informaci\u00f3n que ya no es necesaria se anonimiza de forma irreversible o se destruye de forma segura. Conservaremos sus datos relacionados con el ejercicio de cualquiera de los derechos expuestos anteriormente durante un periodo de 12 meses a partir del ejercicio pertinente de los derechos.<\/p>\n\n\n\n<h2 class=\"wp-block-heading is-style-alt\">Restricciones de edad<\/h2>\n\n\n\n<p>Nuestro sitio web y nuestros servicios no est\u00e1n destinados a menores de 18 a\u00f1os. <\/p>\n\n\n\n<p>No recopilamos conscientemente informaci\u00f3n personal de menores de 18 a\u00f1os. Si usted es menor de 18 a\u00f1os, no utilice ni nos proporcione ninguna informaci\u00f3n sin el consentimiento paterno. Si nos enteramos de que hemos recopilado o recibido informaci\u00f3n personal de un menor de 18 a\u00f1os sin verificar el consentimiento paterno, eliminaremos dicha informaci\u00f3n.<\/p>\n\n\n\n<h2 class=\"wp-block-heading is-style-alt\">Otras medidas de seguridad<\/h2>\n\n\n\n<p>Reconocemos la importancia de proteger y gestionar sus datos personales. Cualquier dato personal que procesemos ser\u00e1 tratado con el m\u00e1ximo cuidado y seguridad. En esta secci\u00f3n se exponen algunas de las medidas de seguridad que aplicamos.<\/p>\n\n\n\n<p>Utilizamos diversas medidas f\u00edsicas y t\u00e9cnicas para:<\/p>\n\n\n\n<ul class=\"wp-block-list\">\n<li>Proteja sus datos personales<\/li>\n\n\n\n<li>Impedir el acceso no autorizado a sus datos personales<\/li>\n\n\n\n<li>Aseg\u00farese de que sus datos personales no se utilicen o divulguen indebidamente.<\/li>\n<\/ul>\n\n\n\n<p>Los datos electr\u00f3nicos y las bases de datos se almacenan en sistemas inform\u00e1ticos seguros con control de acceso a la informaci\u00f3n por medios f\u00edsicos y electr\u00f3nicos. Nuestro personal recibe formaci\u00f3n sobre protecci\u00f3n de datos y seguridad de la informaci\u00f3n. Tenemos pol\u00edticas detalladas de seguridad y protecci\u00f3n de datos que el personal est\u00e1 obligado a seguir cuando maneja sus datos personales.<\/p>\n\n\n\n<p>Si utiliza una contrase\u00f1a para la aplicaci\u00f3n Confidopay, deber\u00e1 mantener la confidencialidad de dicha contrase\u00f1a.<\/p>\n\n\n\n<p>Por favor, no lo comparta con nadie.<\/p>\n\n\n\n<p>Siempre estamos mejorando y ampliando nuestros productos y servicios. Esto puede hacer que cambie nuestro tratamiento de datos. Cuando cambiemos algo, adaptaremos nuestras declaraciones de privacidad en consecuencia. Siempre podr\u00e1 encontrar la versi\u00f3n m\u00e1s reciente en nuestro sitio web y en la aplicaci\u00f3n.<\/p>\n\n\n\n<p>Si desea m\u00e1s informaci\u00f3n, p\u00f3ngase en contacto con nosotros enviando un correo electr\u00f3nico a <a href=\"mailto:support@confidopay.com\">support@confidopay.com<\/a>.<\/p>\n\n\n\n<p>Para cumplir nuestro compromiso con su privacidad, le rogamos que revise las pol\u00edticas de privacidad de nuestros socios comerciales:<\/p>\n\n\n\n<p><a href=\"https:\/\/storage.googleapis.com\/striga-public-docs\/Static%20Partner%20TCs\/Striga-PP.pdf\" target=\"_blank\" rel=\"noreferrer noopener\">Lightspark privacy policy<\/a><br><a href=\"https:\/\/wallester.com\/privacy\" target=\"_blank\" rel=\"noreferrer noopener\">Pol\u00edtica de privacidad de Wallester<\/a><\/p>\n\n\n\n<p><\/p>","protected":false},"excerpt":{"rendered":"<p>Customer privacy policy Last update: 28 January 2026 We\u2019re committed to protecting and respecting your privacy.&nbsp;We will:&nbsp; General information Confidopay UAB, located at M\u0117sini\u0173 g. 5, Vilnius, shall be responsible for the processing of your personal data pertaining to the provision of its product or service. In this capacity, Confidopay shall function as the designated [&hellip;]<\/p>","protected":false},"author":1,"featured_media":0,"parent":0,"menu_order":0,"comment_status":"closed","ping_status":"open","template":"","meta":{"_acf_changed":false,"footnotes":""},"class_list":["post-267","page","type-page","status-publish","hentry"],"acf":[],"_links":{"self":[{"href":"https:\/\/confidopay.com\/es\/wp-json\/wp\/v2\/pages\/267","targetHints":{"allow":["GET"]}}],"collection":[{"href":"https:\/\/confidopay.com\/es\/wp-json\/wp\/v2\/pages"}],"about":[{"href":"https:\/\/confidopay.com\/es\/wp-json\/wp\/v2\/types\/page"}],"author":[{"embeddable":true,"href":"https:\/\/confidopay.com\/es\/wp-json\/wp\/v2\/users\/1"}],"replies":[{"embeddable":true,"href":"https:\/\/confidopay.com\/es\/wp-json\/wp\/v2\/comments?post=267"}],"version-history":[{"count":6,"href":"https:\/\/confidopay.com\/es\/wp-json\/wp\/v2\/pages\/267\/revisions"}],"predecessor-version":[{"id":442,"href":"https:\/\/confidopay.com\/es\/wp-json\/wp\/v2\/pages\/267\/revisions\/442"}],"wp:attachment":[{"href":"https:\/\/confidopay.com\/es\/wp-json\/wp\/v2\/media?parent=267"}],"curies":[{"name":"wp","href":"https:\/\/api.w.org\/{rel}","templated":true}]}}