{"id":12,"date":"2025-08-19T08:27:10","date_gmt":"2025-08-19T08:27:10","guid":{"rendered":"https:\/\/localhost\/wordpress\/?page_id=12"},"modified":"2025-12-11T10:54:23","modified_gmt":"2025-12-11T10:54:23","slug":"fees","status":"publish","type":"page","link":"https:\/\/confidopay.com\/es\/fees\/","title":{"rendered":"Tarifas"},"content":{"rendered":"<h1 class=\"wp-block-heading has-text-align-center\">Precios que le dan prioridad<\/h1>\n\n\n\n<p class=\"has-text-align-center\">Creemos en la transparencia y la equidad. Nuestros precios est\u00e1n dise\u00f1ados para ofrecerle el mejor valor mientras desbloquea el verdadero poder de su cripto.<\/p>\n\n\n\n<div class=\"wp-block-buttons is-content-justification-center is-layout-flex wp-container-core-buttons-is-layout-16018d1d wp-block-buttons-is-layout-flex\">\n<div class=\"wp-block-button\"><a class=\"wp-block-button__link wp-element-button\" href=\"https:\/\/app.confidopay.com\/\">Obtenga su tarjeta<\/a><\/div>\n<\/div>\n\n\n\n\n\n\n<!-- cards_list -->\n<div id=\"cards-block_46ccb1d7295f6319015bfba6a26ce16d\" class=\"cards_list\">\n    <ul>\n                    <li>\n                <h2 title=\"Cripto\">Cripto<\/h2>                <p>Comisi\u00f3n de cambio de criptomonedas<strong>0,1% + 1 EUR<\/strong><\/p>\n                <p>Comisi\u00f3n por retirada de criptomonedas*.<strong>0,1% + 1 EUR<\/strong><\/p>\n                <p>Tasa de dep\u00f3sito de criptomonedas<strong>0,1% + 1 EUR<\/strong><\/p>                <footer>*Esta tarifa es adicional a la tarifa basada en la red que cobra nuestro proveedor externo.<\/footer>            <\/li>\n                    <li>\n                <h2 title=\"Banca\">Banca<\/h2>                <p>Transferencia bancaria<strong>0,1% + 1 EUR<\/strong><\/p>\n                <p>Transferencia bancaria<strong>0,1% + 1 EUR<\/strong><\/p>\n                                            <\/li>\n                    <li>\n                <h2 title=\"Tarjetas\">Tarjetas<\/h2>                <p>Creaci\u00f3n de tarjetas f\u00edsicas<strong>0 EUR<\/strong><\/p>\n                <p>Creaci\u00f3n de tarjetas virtuales<strong>0 EUR<\/strong><\/p>\n                                            <\/li>\n            <\/ul>\n<\/div>\n<!-- \/cards_list -->\n\n\n\n\n\n\n<!-- faq_list -->\n<div id=\"faq-block_f93a4882f9c053f81d9bf76410eae61d\" class=\"faq_list\">\n    <header>\n        <h2 title=\"Preguntas m\u00e1s frecuentes (FAQ)\">Preguntas m\u00e1s frecuentes (FAQ)<\/h2>        <p>Entendemos que tenga preguntas sobre el uso de nuestra innovadora tarjeta de d\u00e9bito criptogr\u00e1fica. Estamos aqu\u00ed para ofrecer respuestas claras, concisas y fiables basadas en nuestros procesos operativos y caracter\u00edsticas.<\/p>\n    <\/header>\n    <dl>\n                        <dt><h3 class=\"is-style-alt\">\u00bfQu\u00e9 es exactamente la tarjeta Confidopay y c\u00f3mo funciona?<\/h3><div class=\"plusminus\"><\/div><\/dt>\n            <dd>\n<p>Confidopay es una soluci\u00f3n de tarjeta de d\u00e9bito de criptomoneda que le permite convertir sin problemas su criptomoneda en moneda fiduciaria para el gasto diario. Utilizando API avanzadas y protocolos de transacci\u00f3n seguros, nuestra plataforma facilita conversiones casi instant\u00e1neas en el punto de venta o retirada. Esto significa que puede utilizar sus criptoactivos como moneda tradicional en cualquier lugar del mundo donde se acepten tarjetas de d\u00e9bito. Nuestro sistema funciona con un modelo de intercambio en tiempo real, lo que garantiza que reciba el valor de mercado actual por sus criptoconversiones, con unas comisiones transparentes y m\u00ednimas, tal y como se detalla en nuestra estructura de comisiones.<\/p>\n<\/dd>\n                    <dt><h3 class=\"is-style-alt\">\u00bfSon seguras mis transacciones con Confidopay?<\/h3><div class=\"plusminus\"><\/div><\/dt>\n            <dd>\n<p>S\u00ed, la seguridad es nuestra principal preocupaci\u00f3n. Empleamos protocolos de encriptaci\u00f3n y autenticaci\u00f3n multifactor de \u00faltima generaci\u00f3n para proteger sus fondos e informaci\u00f3n personal. Todas las transacciones se procesan a trav\u00e9s de sistemas que cumplen la normativa PCI DSS. Adem\u00e1s, proporcionamos seguimiento de las transacciones en tiempo real y notificaciones instant\u00e1neas para ayudarle a mantenerse informado de la actividad de su cuenta. Este s\u00f3lido marco de seguridad garantiza la m\u00e1xima seguridad para sus activos digitales e interacciones financieras.<\/p>\n<\/dd>\n                    <dt><h3 class=\"is-style-alt\">\u00bfCu\u00e1les son las comisiones asociadas al uso de la tarjeta Confidopay?<\/h3><div class=\"plusminus\"><\/div><\/dt>\n            <dd>\n<p>Estamos orgullosos de nuestra transparencia. Nuestra estructura de comisiones est\u00e1 dise\u00f1ada para ser sencilla y m\u00ednima, asegurando que usted retiene el m\u00e1ximo valor de sus criptoactivos. Como est\u00e1 documentado, cobramos una comisi\u00f3n de 0,1% + 1 EUR por intercambios, retiradas, dep\u00f3sitos y transferencias bancarias de criptomonedas. En particular, la creaci\u00f3n de tarjetas virtuales y f\u00edsicas es gratuita. Estas comisiones se ajustan a los est\u00e1ndares del sector para el intercambio de activos digitales y el procesamiento de transacciones. Revisamos y optimizamos continuamente nuestra estructura de comisiones para ofrecer las tarifas m\u00e1s competitivas.<\/p>\n<\/dd>\n                    <dt><h3 class=\"is-style-alt\">\u00bfC\u00f3mo elijo entre la tarjeta Confidopay virtual y la f\u00edsica?<\/h3><div class=\"plusminus\"><\/div><\/dt>\n            <dd>\n<p>La elecci\u00f3n depende de sus necesidades y preferencias individuales. Nuestra tarjeta virtual es ideal para compras seguras en l\u00ednea y transacciones digitales, ya que ofrece activaci\u00f3n instant\u00e1nea e integraci\u00f3n con monederos digitales como Google Wallet y Apple Wallet. La tarjeta f\u00edsica ofrece una mayor versatilidad para los gastos cotidianos, las retiradas en cajeros autom\u00e1ticos y los pagos \"toque y siga\", as\u00ed como para la integraci\u00f3n con monederos m\u00f3viles. Puede obtener ambas tarjetas y gestionarlas desde la misma cuenta para una mayor flexibilidad de gasto.<\/p>\n<\/dd>\n                    <dt><h3 class=\"is-style-alt\">\u00bfCon qu\u00e9 rapidez puedo acceder a mi tarjeta y utilizarla despu\u00e9s de inscribirme?<\/h3><div class=\"plusminus\"><\/div><\/dt>\n            <dd>\n<p>Nuestro proceso de incorporaci\u00f3n est\u00e1 dise\u00f1ado para ser r\u00e1pido y eficaz. Tras registrarse y verificar su cuenta, podr\u00e1 acceder inmediatamente a su tarjeta virtual y empezar a utilizarla. La tarjeta f\u00edsica puede solicitarse y se entregar\u00e1 seg\u00fan los plazos de env\u00edo est\u00e1ndar. Nuestra plataforma facilita la vinculaci\u00f3n inmediata de su tarjeta a su divisa preferida y a sus monederos de criptomonedas, lo que permite realizar transacciones casi instant\u00e1neas.<\/p>\n<\/dd>\n                    <dt><h3 class=\"is-style-alt\">\u00bfQu\u00e9 divisas admite la tarjeta Confidopay?<\/h3><div class=\"plusminus\"><\/div><\/dt>\n            <dd>\n<p>Confidopay actualmente soporta las siguientes criptomonedas: Bitcoin. Bitcoin en Lightning Network. Ethereum. USDC en Ethereum (ERC20). USDC en Polygon (ERC20). BNB en BNB Smart Chain. Estamos trabajando activamente para ampliar el n\u00famero de criptomonedas admitidas, con el fin de ofrecer a\u00fan m\u00e1s flexibilidad y opciones a nuestros usuarios.<\/p>\n<\/dd>\n                    <dt><h3 class=\"is-style-alt\">\u00bfQui\u00e9n puede ser usuario final de los servicios?<\/h3><div class=\"plusminus\"><\/div><\/dt>\n            <dd>\n<p><br>Actualmente prestamos Servicios y ponemos Servicios de Terceros a disposici\u00f3n de Usuarios Finales que sean personas f\u00edsicas con ciudadan\u00eda o residencia en un Estado Contratante del EEE o Suiza.<br>Actualmente hemos suspendido la incorporaci\u00f3n de usuarios finales residentes en Hungr\u00eda.<\/p>\n<\/dd>\n                    <dt><h3 class=\"is-style-alt\">\u00bfLas tarjetas de pago est\u00e1n disponibles para todos los clientes?<\/h3><div class=\"plusminus\"><\/div><\/dt>\n            <dd>\n<p><br>Las tarjetas de pago s\u00f3lo est\u00e1n disponibles para los residentes en el EEE.<\/p>\n<\/dd>\n                    <dt><h3 class=\"is-style-alt\">\u00bfQu\u00e9 se necesita para crear una cuenta de usuario final (Nivel 1)?<\/h3><div class=\"plusminus\"><\/div><\/dt>\n            <dd>\n<p>Se crea una cuenta de usuario final para las personas que re\u00fanan los requisitos y hayan completado el CSC. Los requisitos principales para la creaci\u00f3n de una cuenta (Nivel 1) son:<\/p>\n\n\n\n<p><strong>Prueba de identidad (PDI):<\/strong>&nbsp;Un documento v\u00e1lido para viajar dentro del EEE (para los ciudadanos del EEE y Suiza, un documento nacional de identidad o pasaporte; para los ciudadanos de otras jurisdicciones, un pasaporte).<\/p>\n\n\n\n<p><strong>Selfie.<\/strong><\/p>\n<\/dd>\n                    <dt><h3 class=\"is-style-alt\">\u00bfCu\u00e1les son los requisitos adicionales para los ciudadanos de terceros pa\u00edses que residen en el EEE o Suiza?<\/h3><div class=\"plusminus\"><\/div><\/dt>\n            <dd>\n<p><br>Los ciudadanos de terceros pa\u00edses que residen en el EEE o Suiza necesitan una segunda prueba de identidad (POI2), que es un permiso de residencia v\u00e1lido expedido por un Estado contratante del EEE o Suiza. En algunos casos limitados, podemos aceptar como PDI2 un documento de identidad expedido por un Estado contratante del EEE.<\/p>\n<\/dd>\n                    <dt><h3 class=\"is-style-alt\">\u00bfCu\u00e1ndo se necesita un justificante de domicilio?<\/h3><div class=\"plusminus\"><\/div><\/dt>\n            <dd>\n<p><br>En algunos casos, podemos requerir un documento de Prueba de Direcci\u00f3n (POA) en el Nivel 1 para aprobar KYC.<\/p>\n<\/dd>\n                    <dt><h3 class=\"is-style-alt\">\u00bfCu\u00e1ndo pasa un usuario final a la verificaci\u00f3n de nivel 2?<\/h3><div class=\"plusminus\"><\/div><\/dt>\n            <dd>\n<p><br>Un usuario final deber\u00e1 presentar documentaci\u00f3n de nivel 2 cuando el valor de sus transacciones entrantes alcance los 15.000 euros en activos virtuales o los 25.000 euros en total.<\/p>\n<\/dd>\n                    <dt><h3 class=\"is-style-alt\">\u00bfQu\u00e9 documentos se necesitan para la verificaci\u00f3n de nivel 2?<\/h3><div class=\"plusminus\"><\/div><\/dt>\n            <dd>\n<p>Los requisitos del Nivel 2 son:<\/p>\n\n\n\n<p><strong>Justificante de domicilio<\/strong>&nbsp;(si no se facilit\u00f3 en el Nivel 1): Debe ser una factura de servicios p\u00fablicos (por ejemplo, electricidad, gas, agua o tel\u00e9fono fijo) o un extracto de cuenta (por ejemplo, de una entidad de pago o un banco). No se aceptan facturas de m\u00f3vil. El documento debe estar a nombre del usuario final, coincidir con la direcci\u00f3n facilitada y no tener m\u00e1s de tres (3) meses de antig\u00fcedad.<\/p>\n\n\n\n<p><strong>Informaci\u00f3n sobre el origen de los fondos y documento(s)<\/strong>.<\/p>\n<\/dd>\n                    <dt><h3 class=\"is-style-alt\">\u00bfCu\u00e1l es el plazo para completar la verificaci\u00f3n de nivel 2?<\/h3><div class=\"plusminus\"><\/div><\/dt>\n            <dd>\n<p><br>El usuario final dispone de un plazo de 30 d\u00edas para completar su verificaci\u00f3n de nivel 2, durante el cual podr\u00e1 acceder a todas las funciones de su cuenta.<\/p>\n<\/dd>\n                    <dt><h3 class=\"is-style-alt\">\u00bfCu\u00e1les son los l\u00edmites de transacciones para los clientes individuales de los niveles 1 y 2?<\/h3><div class=\"plusminus\"><\/div><\/dt>\n            <dd>\n<p>Se aplican los siguientes l\u00edmites\/umbrales de transacci\u00f3n:<\/p>\n\n\n\n<figure class=\"wp-block-table\"><table class=\"has-fixed-layout\"><tbody><tr><td><strong>Nivel<\/strong><\/td><td><strong>Transacciones entrantes<\/strong><\/td><td><strong>Transacciones salientes<\/strong><\/td><\/tr><tr><td><strong>Nivel 1<\/strong><\/td><td>Pagos de activos virtuales: menos de 15.000 euros en total. Todos los pagos: menos de 25.000 \u20ac en total.<\/td><td>Todas las transacciones salientes\u00b9: 10.000 euros al mes. Pagos con tarjeta\u00b2: 10.000 euros al mes \/ 10.000 euros al d\u00eda. Retiradas en cajeros autom\u00e1ticos\u00b3: 3.000 euros al mes \/ 350 euros al d\u00eda.<\/td><\/tr><tr><td><strong>Nivel 2<\/strong><\/td><td>N\/A (Sin l\u00edmites especificados).<\/td><td>Sin l\u00edmites para las transacciones salientes, excepto para: Pagos con tarjeta: 15.000 euros al mes \/ 10.000 euros al d\u00eda. Retiradas en cajeros: 3.000 \u20ac al mes \/ 350 \u20ac al d\u00eda.<\/td><\/tr><\/tbody><\/table><\/figure>\n\n\n\n<p>\u00b9Las retiradas de Activos Virtuales y moneda fiduciaria, las transferencias de Activos Virtuales y las transacciones con Tarjeta se tienen en cuenta para el l\u00edmite total de transacciones salientes.<\/p>\n\n\n\n<p>\u00b2Los pagos con tarjeta est\u00e1n sujetos adem\u00e1s al l\u00edmite total mensual de salidas.<\/p>\n\n\n\n<p>Adem\u00e1s, las retiradas de dinero en efectivo est\u00e1n sujetas al l\u00edmite mensual total de salidas.<\/p>\n<\/dd>\n                    <dt><h3 class=\"is-style-alt\">\u00bfQu\u00e9 pa\u00edses est\u00e1n restringidos para los Servicios generales?<\/h3><div class=\"plusminus\"><\/div><\/dt>\n            <dd>\n<p>Actualmente, no podemos prestar o poner los Servicios a disposici\u00f3n de los residentes de las siguientes jurisdicciones: Afganist\u00e1n, Albania, Argelia, Angola, Armenia, Azerbaiy\u00e1n, Barbados, Bielorrusia, Bolivia, Botsuana, Burkina Faso, Burundi, Camboya, Camer\u00fan, Islas Caim\u00e1n, Rep\u00fablica Centroafricana, Chad, China, Costa de Marfil, Cuba, Rep\u00fablica Democr\u00e1tica del Congo, Corea del Norte, Egipto, Ghana, Gibraltar, Guinea, Guinea-Bissau, Guinea Ecuatorial, Hait\u00ed, Ir\u00e1n, Irak, Jamaica, Jap\u00f3n, Jordania, Kazajst\u00e1n, Kenia, Kirguist\u00e1n, Laos, L\u00edbano, Libia, Mal\u00ed, Mauricio, Moldavia, M\u00f3naco, Marruecos, Mozambique, Myanmar, Namibia, Nepal, Nicaragua, N\u00edger, Nigeria, Pakist\u00e1n, Autoridad Palestina, Panam\u00e1, Filipinas, Rusia, Arabia Saud\u00ed, Senegal, Somalia, Sud\u00e1frica, Sud\u00e1n del Sur, Sri Lanka, Sud\u00e1n, Siria, Tayikist\u00e1n, Tanzania, Trinidad y Tobago, T\u00fanez, Turkmenist\u00e1n, Turqu\u00eda, Uganda, Ucrania, Emiratos \u00c1rabes Unidos, Reino Unido de Gran Breta\u00f1a e Irlanda del Norte, Estados Unidos de Am\u00e9rica, Uzbekist\u00e1n, Vanuatu, Venezuela, Vietnam, Islas V\u00edrgenes (Reino Unido), Yemen, Zimbabue. El acceso a los Servicios puede estar restringido en los pa\u00edses, territorios, regiones y jurisdicciones indicados anteriormente.<\/p>\n<\/dd>\n                    <dt><h3 class=\"is-style-alt\">\u00bfPueden acceder a los Servicios los ciudadanos de la Federaci\u00f3n Rusa?<\/h3><div class=\"plusminus\"><\/div><\/dt>\n            <dd>\n<p><br>Por motivos normativos, actualmente no podemos ofrecer servicios a los ciudadanos de la Federaci\u00f3n Rusa, independientemente de su lugar de residencia. Una excepci\u00f3n se aplica a los ciudadanos de la Federaci\u00f3n Rusa que tambi\u00e9n tienen la ciudadan\u00eda de la UE\/EEE o Suiza, que son elegibles para nuestros Servicios.<\/p>\n<\/dd>\n                    <dt><h3 class=\"is-style-alt\">\u00bfD\u00f3nde se excluye el uso de tarjetas de pago?<\/h3><div class=\"plusminus\"><\/div><\/dt>\n            <dd>\n<p><br>No es posible utilizar la Tarjeta de Pago en los siguientes pa\u00edses, territorios, regiones o jurisdicciones: Afganist\u00e1n, Argelia, Bielorrusia, Burkina Faso, Camer\u00fan, Cuba, Rep\u00fablica Democr\u00e1tica del Congo, Egipto, Guinea Bissau, Hait\u00ed, Ir\u00e1n, Irak, Jordania, Kirguist\u00e1n, L\u00edbano, Libia, Mali, Marruecos, Mozambique, Myanmar, Nicaragua, N\u00edger, Nigeria, Corea del Norte, Pakist\u00e1n, Autoridad Palestina, Rusia, Arabia Saud\u00ed, Somalia, Sud\u00e1n del Sur, Sud\u00e1n, Siria, Tayikist\u00e1n, T\u00fanez, Turkmenist\u00e1n, Turkmenist\u00e1n, Ucrania*, Emiratos \u00c1rabes Unidos, Uzbekist\u00e1n, Venezuela, Yemen, Zimbabue.<\/p>\n<\/dd>\n                    <dt><h3 class=\"is-style-alt\">\u00bfExisten limitaciones espec\u00edficas para las transacciones con tarjeta en Ucrania?<\/h3><div class=\"plusminus\"><\/div><\/dt>\n            <dd>\n<p><br>Las transacciones con tarjeta en Ucrania pueden estar disponibles en determinadas aplicaciones. Sin embargo, no son posibles en zonas de Ucrania que no est\u00e1n bajo control gubernamental.<\/p>\n<\/dd>\n                <\/dl>\n<\/div>\n<!-- \/faq_list -->\n\n\n\n\n\n\n<!-- cta_block -->\n<div id=\"cta-block_249aedf291b0210d6ecf9b3dbe9cbac9\" class=\"cta_block\">\n    <header>\n\t\t        <h2><strong>Inicio<\/strong> Su viaje con Confidopay<\/h2>        <p>\u00bfListo para experimentar la libertad de gastar criptomonedas sin esfuerzo? Convierta sus activos digitales en dinero fiduciario con comisiones cercanas a cero y utilice su tarjeta en todo el mundo. Reg\u00edstrate en minutos y libera el verdadero potencial de tu cripto hoy mismo.<\/p>\n\t\t        <a class=\"button\" href=\"https:\/\/app.confidopay.com\/\" title=\"Obtenga su tarjeta\" target=\"\">Obtenga su tarjeta<\/a>    <\/header>\n\t<span class=\"card_additional_text\"> *El dise\u00f1o final de la tarjeta puede ser diferente.<\/span>\t<div class=\"get_it_on\"><h4>P\u00f3ntelo<\/h4><ul><li><a href=\"\/es\/\"><img decoding=\"async\" width=\"244\" height=\"72\" loading=\"lazy\" src=\"https:\/\/confidopay.com\/wp-content\/uploads\/2025\/08\/google_play.png\" alt=\"\" \/><\/a><\/li><li><a href=\"\/es\/\"><img decoding=\"async\" width=\"240\" height=\"72\" loading=\"lazy\" src=\"https:\/\/confidopay.com\/wp-content\/uploads\/2025\/08\/app_store.png\" alt=\"\" \/><\/a><\/li><\/ul><\/div><\/div>\n<!-- \/cta_block -->","protected":false},"excerpt":{"rendered":"<p>Pricing That Puts You First We believe in transparency and fairness. Our pricing is designed to give you the best value while unlocking the true power of your crypto.<\/p>","protected":false},"author":1,"featured_media":0,"parent":0,"menu_order":0,"comment_status":"closed","ping_status":"closed","template":"","meta":{"_acf_changed":false,"footnotes":""},"class_list":["post-12","page","type-page","status-publish","hentry"],"acf":[],"_links":{"self":[{"href":"https:\/\/confidopay.com\/es\/wp-json\/wp\/v2\/pages\/12","targetHints":{"allow":["GET"]}}],"collection":[{"href":"https:\/\/confidopay.com\/es\/wp-json\/wp\/v2\/pages"}],"about":[{"href":"https:\/\/confidopay.com\/es\/wp-json\/wp\/v2\/types\/page"}],"author":[{"embeddable":true,"href":"https:\/\/confidopay.com\/es\/wp-json\/wp\/v2\/users\/1"}],"replies":[{"embeddable":true,"href":"https:\/\/confidopay.com\/es\/wp-json\/wp\/v2\/comments?post=12"}],"version-history":[{"count":2,"href":"https:\/\/confidopay.com\/es\/wp-json\/wp\/v2\/pages\/12\/revisions"}],"predecessor-version":[{"id":415,"href":"https:\/\/confidopay.com\/es\/wp-json\/wp\/v2\/pages\/12\/revisions\/415"}],"wp:attachment":[{"href":"https:\/\/confidopay.com\/es\/wp-json\/wp\/v2\/media?parent=12"}],"curies":[{"name":"wp","href":"https:\/\/api.w.org\/{rel}","templated":true}]}}