{"id":267,"date":"2025-08-19T08:24:32","date_gmt":"2025-08-19T08:24:32","guid":{"rendered":"https:\/\/localhost\/wordpress\/?page_id=3"},"modified":"2026-01-28T12:36:01","modified_gmt":"2026-01-28T12:36:01","slug":"privacy-policy-2","status":"publish","type":"page","link":"https:\/\/confidopay.com\/de\/privacy-policy-2\/","title":{"rendered":"Datenschutzbestimmungen"},"content":{"rendered":"<h1 class=\"wp-block-heading\">Datenschutzbestimmungen f\u00fcr Kunden<\/h1>\n\n\n\n<p>Last update: 28 January 2026<\/p>\n\n\n\n<p><strong>Wir verpflichten uns, Ihre Privatsph\u00e4re zu sch\u00fctzen und zu respektieren.&nbsp;<br>Wir werden:&nbsp;<\/strong><\/p>\n\n\n\n<ul class=\"wp-block-list\">\n<li><strong>Halten Sie Ihre pers\u00f6nlichen Daten sicher und privat<\/strong>&nbsp;<\/li>\n\n\n\n<li><strong>Ihre pers\u00f6nlichen Daten werden niemals verkauft<\/strong><\/li>\n<\/ul>\n\n\n\n<hr class=\"wp-block-separator has-alpha-channel-opacity\"\/>\n\n\n\n<h2 class=\"wp-block-heading is-style-alt\">Allgemeine Informationen<\/h2>\n\n\n\n<p>Confidopay UAB, mit Sitz in M\u0117sini\u0173 g. 5, Vilnius, ist f\u00fcr die Verarbeitung Ihrer personenbezogenen Daten im Zusammenhang mit der Bereitstellung ihres Produkts oder ihrer Dienstleistung verantwortlich. In dieser Eigenschaft fungiert Confidopay als der designierte \u2018Verantwortliche\u2019 f\u00fcr Ihre personenbezogenen Daten.<\/p>\n\n\n\n<p>Diese Datenschutzrichtlinie wurde in \u00dcbereinstimmung mit den Allgemeinen Datenschutzbestimmungen 2017 (\u201cGDPR\u201d) erstellt und stellt einen integralen Bestandteil Ihrer anf\u00e4nglichen und laufenden Kundenbeziehung mit uns und unserer Verpflichtung zum Schutz Ihrer Daten dar.<\/p>\n\n\n\n<p>In dieser Datenschutzerkl\u00e4rung informiert Confidopay (im Folgenden: \u201cUnternehmen\u201d, \u201cConfidopay App\u201d, \u201cwir\u201d, \u201cunser\u201d) Sie \u00fcber die Erhebung, Nutzung und Verarbeitung personenbezogener Daten bei der Nutzung unserer Website https<a href=\"https:\/\/kvitka.gbhs.fr\/en\/kvitka-by-global-ukraine?hsLang=en\">:<\/a>\/\/confidopay.com (im Folgenden: \u201cWebsite\u201d) und unsere mobile App (im Folgenden: \u201cApp\u201d; gemeinsam: \u201cDienste\u201d).<\/p>\n\n\n\n<p>Wir werden ausdr\u00fccklich darauf hinweisen, wenn sich eine Information dieser Datenschutzerkl\u00e4rung ausschlie\u00dflich auf unsere Website oder App bezieht.<\/p>\n\n\n\n<p>Personenbezogene Daten sind in diesem Zusammenhang alle Einzelangaben \u00fcber pers\u00f6nliche oder sachliche Verh\u00e4ltnisse einer bestimmten oder bestimmbaren nat\u00fcrlichen Person, wie z. B. Name, Telefonnummer oder Anschrift. Wir verarbeiten Ihre personenbezogenen Daten entweder im Rahmen unserer Gesch\u00e4ftsbeziehung, wenn Sie Kunde der Confidopay App sind, oder wenn Sie unsere Website zu Informationszwecken besuchen.<\/p>\n\n\n\n<p>Dieser Datenschutzhinweis beschreibt unsere Datenerhebungspraktiken, wie wir Ihre pers\u00f6nlichen Daten verwenden und Ihre entsprechenden Rechte.  Weitere Einzelheiten dar\u00fcber, wie ConfidoPay Ihre Daten sammelt, verwendet und sch\u00fctzt, wenn Sie bestimmte Produkte oder Dienstleistungen nutzen, finden Sie hier:<\/p>\n\n\n\n<ul class=\"wp-block-list\">\n<li>Wird \u00fcber unsere App bei der ersten Nutzung der entsprechenden Produkte oder Dienstleistungen bereitgestellt.<\/li>\n\n\n\n<li>Jederzeit verf\u00fcgbar auf unserer Website:<a href=\"https:\/\/confidopay.com\/de\/\"> https:\/\/confidopay.com<\/a><\/li>\n\n\n\n<li>Umfassende Informationen \u00fcber unsere Datenpraktiken.<\/li>\n<\/ul>\n\n\n\n<p>Manchmal k\u00f6nnen wir Ihnen auch \u2018just in time\u2019 Datenschutzerkl\u00e4rungen in der Confidopay-App geben. Wenn Sie ein neues Produkt oder eine neue Dienstleistung zum ersten Mal nutzen:<\/p>\n\n\n\n<ul class=\"wp-block-list\">\n<li>Diese Erkl\u00e4rungen helfen Ihnen zu verstehen, welche spezifischen personenbezogenen Daten das Unternehmen \u00fcber Sie f\u00fcr das jeweilige Produkt oder die jeweilige Dienstleistung erhebt, verwendet oder weitergibt.<\/li>\n\n\n\n<li>Gegebenenfalls werden Sie aufgefordert, Ihre Datenschutzeinstellungen in der App zu \u00fcberpr\u00fcfen.<\/li>\n<\/ul>\n\n\n\n<p>Wir k\u00f6nnen Hinweise und Erl\u00e4uterungen zum Datenschutz in anderen Sprachen als Englisch bereitstellen. Bei Unstimmigkeiten zwischen anderen Sprachversionen und der englischen Version ist die englische Version ma\u00dfgebend. Wenn Sie Bedenken haben, wie wir Ihre personenbezogenen Daten verwenden, k\u00f6nnen Sie sich an folgende Adresse wenden <a href=\"mailto:support@confidopay.com\">support@confidopay.com<\/a>.<\/p>\n\n\n\n<h2 class=\"wp-block-heading is-style-alt\">Dienste von Drittanbietern und Datenschutzrichtlinien<\/h2>\n\n\n\n<p>Unsere Anwendung kann Dienste, Funktionen oder Funktionalit\u00e4ten von Drittanbietern integrieren oder den Zugang zu diesen erm\u00f6glichen. Bitte beachten Sie, dass die Nutzung solcher Dienste von Drittanbietern deren jeweiligen Datenschutzrichtlinien und Nutzungsbedingungen unterliegt, die von unseren abweichen k\u00f6nnen. Wir haben keine Kontrolle \u00fcber und \u00fcbernehmen keine Verantwortung f\u00fcr die Datenschutzpraktiken dieser Drittanbieter.<\/p>\n\n\n\n<p><strong>Wir empfehlen Ihnen dringend, deren Datenschutzrichtlinien zu lesen, um zu verstehen, wie Ihre pers\u00f6nlichen Daten gesammelt, verarbeitet und gesch\u00fctzt werden, wenn Sie deren Dienste \u00fcber unsere Plattform nutzen:<\/strong><\/p>\n\n\n\n<p><a href=\"https:\/\/storage.googleapis.com\/striga-public-docs\/Static%20Partner%20TCs\/Striga-PP.pdf\" target=\"_blank\" rel=\"noreferrer noopener\">Lightspark privacy policy<\/a><br><a href=\"https:\/\/wallester.com\/privacy\" target=\"_blank\" rel=\"noreferrer noopener\">Wallester Datenschutzrichtlinie<\/a><\/p>\n\n\n\n<p>Bei der Nutzung weiterer Produkte der Confidopay App oder von Produkten unserer Gesch\u00e4ftspartner k\u00f6nnen weitere personenbezogene Daten erhoben, verarbeitet und gespeichert werden. Details zur Verarbeitung weiterer Daten finden Sie in den jeweiligen Produktkategorien weiter unten.<\/p>\n\n\n\n<h2 class=\"wp-block-heading is-style-alt\">Welche personenbezogenen Daten sammeln wir?<\/h2>\n\n\n\n<p>In der nachstehenden Tabelle wird erl\u00e4utert, welche personenbezogenen Daten wir sammeln und verwenden.<\/p>\n\n\n\n<figure class=\"wp-block-table\"><table class=\"has-fixed-layout\"><thead><tr><th>Art der personenbezogenen Daten<\/th><th>Einzelheiten<\/th><\/tr><\/thead><tbody><tr><td>Informationen, die Sie uns geben<\/td><td>Wir sammeln Informationen, die Sie bereitstellen, wenn Sie:<ul><li>Ausf\u00fcllen von Formularen<\/li><li>Korrespondieren Sie mit uns<\/li><li>Beantworten Sie eine unserer Umfragen<\/li><li>Registrieren Sie sich f\u00fcr die Nutzung der Confidopay-App<\/li><li>Ein Konto er\u00f6ffnen oder eine unserer Dienstleistungen nutzen<\/li><li>Teilnahme an Online-Diskussionen oder Werbeaktionen<\/li><li>Sprechen Sie mit einem Mitglied unseres Social Media- oder Kundensupport-Teams (\u00fcber unseren Helpdesk oder die Confidopay-App)<\/li><li>Nehmen Sie an einem Wettbewerb teil oder teilen Sie Informationen mit uns in den sozialen Medien<\/li><li>Kontaktieren Sie uns aus anderen Gr\u00fcnden<\/li><\/ul>Wir werden die folgenden Informationen sammeln:<ul><li>Ihr Name, Ihre Adresse und Ihr Geburtsdatum<\/li><li>Ihre E-Mail-Adresse, Telefonnummer und Angaben zu dem von Ihnen verwendeten Ger\u00e4t (z. B. Ihr Telefon, Computer oder Tablet)<\/li><li>Ihr Confidopay App Empfehlungscode<\/li><li>Ihre Registrierungsinformationen<\/li><li>Einzelheiten zu Ihren speziellen Finanz- und Kryptokonten, die Sie bei uns er\u00f6ffnen<\/li><li>Ihr Wohnsitzland<\/li><li>Informationen, die Sie bei der Beantragung der Kontoer\u00f6ffnung angeben<\/li><li>Aufzeichnungen \u00fcber unsere Gespr\u00e4che, wenn Sie uns oder wir Sie kontaktieren (einschlie\u00dflich Aufzeichnungen von Telefongespr\u00e4chen), usw.<\/li><\/ul><\/td><\/tr><tr><td>Informationen, die durch Ihre Nutzung unserer Produkte und Dienstleistungen gesammelt werden<\/td><td>Jedes Mal, wenn Sie unsere Website oder unsere mobile App nutzen, erfassen wir die folgenden Informationen:<ul><li>Technische Informationen, einschlie\u00dflich der Internetprotokolladresse (IP), die f\u00fcr die Verbindung Ihres Computers mit dem Internet verwendet wird, Ihrer Anmeldeinformationen, des Browsertyps und der Browserversion, der Zeitzoneneinstellung, der Ger\u00e4tesprache, des Betriebssystems und der Plattform, des von Ihnen verwendeten Ger\u00e4tetyps, der Angabe, ob Ihr Ger\u00e4t ein virtuelles privates Netzwerk (VPN) verwendet, einer eindeutigen Ger\u00e4tekennung (z. B. die IMEI-Nummer Ihres Ger\u00e4ts oder die vom Ger\u00e4t verwendete Mobiltelefonnummer), Informationen \u00fcber das Mobilfunknetz, Ihr mobiles Betriebssystem und den von Ihnen verwendeten mobilen Browsertyp<\/li><li>Informationen \u00fcber Ihren Besuch, einschlie\u00dflich der Links, auf die Sie auf, durch und von unserer Website oder App aus geklickt haben (einschlie\u00dflich Datum und Uhrzeit), Dienste, die Sie angesehen oder nach denen Sie gesucht haben, Seitenreaktionszeiten, Download-Fehler, Dauer der Besuche auf bestimmten Seiten, Informationen \u00fcber die Seiteninteraktion (z. B. Scrollen und Klicks) und Methoden, mit denen Sie die Seite verlassen haben<\/li><li>Informationen \u00fcber Transaktionen und Ihre Nutzung der Confidopay-App-Produkte (z. B. Zahlungen auf und von Ihrem Konto), einschlie\u00dflich Datum, Uhrzeit, Betrag, W\u00e4hrungen, Wechselkurs, Angaben zum Beg\u00fcnstigten, Angaben zum Ger\u00e4t, das f\u00fcr die Zahlung verwendet wurde, und die verwendete Zahlungsmethode<\/li><\/ul><\/td><\/tr><tr><td>Informationen \u00fcber Ihren Standort<\/td><td>Mit der Aktivierung der Standortdienste innerhalb der ConfidoPay-Anwendung nutzt die Plattform die GPS-Technologie, um den geografischen Standort des Nutzers zu \u00fcberwachen und aufzuzeichnen.<\/td><\/tr><tr><td>Mit Drittanbietern geteilte Informationen<\/td><td>Bei der Erbringung von Dienstleistungen f\u00fcr unsere Kunden kann es erforderlich sein, Informationen zu erhalten und an Drittanbieter weiterzugeben, die mit der Erbringung der besagten Dienstleistungen beauftragt sind.<\/td><\/tr><tr><td>Informationen zur Datenverarbeitung<\/td><td>Ihre Daten werden auf Google Cloud-Servern in der Europ\u00e4ischen Union verarbeitet.<\/td><\/tr><\/tbody><\/table><\/figure>\n\n\n\n<h2 class=\"wp-block-heading is-style-alt\">Verwendung von personenbezogenen Daten<\/h2>\n\n\n\n<p><em>Rechtliche Verpflichtungen<\/em><\/p>\n\n\n\n<p>Unter bestimmten Umst\u00e4nden sind wir gesetzlich verpflichtet, Ihre pers\u00f6nlichen Daten zu erfassen und aufzubewahren.<\/p>\n\n\n\n<p><em>Berechtigte Interessen<\/em><\/p>\n\n\n\n<p>Gelegentlich erheben und verwenden wir Ihre personenbezogenen Daten, wenn ein legitimer Zweck f\u00fcr eine solche Verwendung besteht und dieses Vorgehen unter Abw\u00e4gung Ihrer grundlegenden Menschenrechte und Freiheiten als gerechtfertigt angesehen wird.<\/p>\n\n\n\n<p><em>Erhebliches \u00f6ffentliches Interesse<\/em><\/p>\n\n\n\n<p>Bei der Verarbeitung Ihrer personenbezogenen Daten, einschlie\u00dflich sensibler Daten (auch als besondere Datenkategorie bezeichnet), halten wir uns an staatliche Vorschriften und Richtlinien. Dazu geh\u00f6ren Verpflichtungen wie Betrugspr\u00e4vention und Unterst\u00fctzung f\u00fcr schutzbed\u00fcrftige Kunden.<\/p>\n\n\n\n<p><em>Zustimmung<\/em><\/p>\n\n\n\n<p>ConfidoPay kann Ihre pers\u00f6nlichen oder sensiblen Daten sammeln, insbesondere wenn Sie aktiv zustimmen, z. B. indem Sie ein Kontrollk\u00e4stchen markieren, um eine bestimmte Datennutzung zu genehmigen. Weitere Einzelheiten zu unseren Datennutzungspraktiken sind in der nachstehenden Tabelle aufgef\u00fchrt.<\/p>\n\n\n\n<figure class=\"wp-block-table\"><table class=\"has-fixed-layout\"><thead><tr><th>Zweck\/T\u00e4tigkeit<\/th><th>Art der Daten<\/th><th>Rechtm\u00e4\u00dfige Grundlage f\u00fcr die Verarbeitung einschlie\u00dflich des berechtigten Interesses<\/th><\/tr><\/thead><tbody><tr><td>Zur Er\u00f6ffnung und F\u00fchrung Ihres Kontos.<\/td><td><ol><li>Grundlegende Informationsdaten<\/li><li>KYC-Kundendaten<\/li><li>Professionelle Daten<\/li><li>Biometrische Daten<\/li><\/ol><\/td><td><ol><li>Erf\u00fcllung eines Vertrags mit Ihnen.<\/li><li>Erforderlich, um einer gesetzlichen Verpflichtung nachzukommen.<\/li><li>Erforderlich f\u00fcr unsere berechtigten Interessen (zur Aufnahme einer laufenden Kundenbeziehung).<\/li><li>Sie stimmen dem ausdr\u00fccklich zu, wenn Sie ein Konto erstellen.<\/li><\/ol><\/td><\/tr><tr><td>Um Ihnen die Produkte zu verkaufen und Dienstleistungen zu erbringen<\/td><td><ol><li>Grundlegende Informationsdaten<\/li><li>KYC-Kundendaten<\/li><li>Daten zu den Pr\u00e4ferenzen<\/li><li>Daten der Brieftasche<\/li><li>Transaktionsdaten<\/li><\/ol><\/td><td><ol><li>Erf\u00fcllung eines Vertrags mit Ihnen.<\/li><li>Erforderlich, um einer gesetzlichen Verpflichtung nachzukommen.<\/li><li>Erforderlich f\u00fcr unsere berechtigten Interessen (um unsere Gesch\u00e4fte zu f\u00fchren).<\/li><li>Sie stimmen dem ausdr\u00fccklich zu, wenn Sie ein Konto erstellen.<\/li><\/ol><\/td><\/tr><tr><td>So verwalten Sie die Confidopay-App<\/td><td><ol><li>Daten zu den Pr\u00e4ferenzen<\/li><li>Transaktionsdaten<\/li><li>Daten zur Kundenbetreuung<\/li><\/ol><\/td><td><ol><li>Erforderlich f\u00fcr unsere berechtigten Interessen (f\u00fcr die F\u00fchrung unserer Gesch\u00e4fte, die Bereitstellung von Verwaltungs- und IT-Diensten, die Netzwerksicherheit, die Verhinderung von Betrug und im Zusammenhang mit einer Unternehmensumstrukturierung oder einer Umstrukturierung der Gruppe);<\/li><li>Erforderlich, um einer gesetzlichen Verpflichtung nachzukommen.<\/li><li>Sie stimmen dem ausdr\u00fccklich zu, wenn Sie ein Konto erstellen.<\/li><\/ol><\/td><\/tr><tr><td>F\u00fcr Werbung, Datenanalyse und zur Abgabe von Empfehlungen<\/td><td><ol><li>Analytische Daten<\/li><li>Werbedaten<\/li><li>Ger\u00e4te-, Browser- und Anwendungsdaten<\/li><li>Verwendungsdaten<\/li><li>Daten des Gesch\u00e4ftspartners<\/li><\/ol><\/td><td><ol><li>Erforderlich f\u00fcr unsere legitimen Interessen (um zu untersuchen, wie die Nutzer unsere Dienste und unsere Website nutzen, um sie weiterzuentwickeln, um unser Gesch\u00e4ft auszubauen und um unsere Marketingstrategie zu informieren). Diese Daten werden nicht an Dritte weitergegeben\/verkauft, zu welchem Zweck auch immer.<\/li><li>Sie stimmen dem ausdr\u00fccklich zu, wenn Sie ein Konto erstellen.<\/li><\/ol><\/td><\/tr><tr><td>Zur Einhaltung interner und externer Strategien, Richtlinien, Vorschriften und Gesetze (z. B. zur Beantwortung von Anfragen der Strafverfolgungsbeh\u00f6rden)<\/td><td><ol><li>Grundlegende Informationsdaten<\/li><li>KYC-Kundendaten<\/li><li>Professionelle Daten<\/li><li>Transaktionsdaten<\/li><li>Daten der Brieftasche<\/li><li>Finanzielle Daten<\/li><li>\u00d6ffentlich verf\u00fcgbare Daten<\/li><li>Daten des Gesch\u00e4ftspartners<\/li><li>Ger\u00e4te-, Browser- und Anwendungsdaten<\/li><\/ol><\/td><td><ol><li>Erforderlich zur Erf\u00fcllung einer rechtlichen Verpflichtung<\/li><li>Erforderlich f\u00fcr unsere berechtigten Interessen (um sicherzustellen, dass wir eine sichere und glaubw\u00fcrdige Plattform betreiben)<\/li><\/ol><\/td><\/tr><\/tbody><\/table><\/figure>\n\n\n\n<h2 class=\"wp-block-heading is-style-alt\">Rechte der Kunden<\/h2>\n\n\n\n<p>Unter bestimmten Umst\u00e4nden haben Sie nach den Datenschutzgesetzen die folgenden Rechte in Bezug auf Ihre personenbezogenen Daten:<\/p>\n\n\n\n<ul class=\"wp-block-list\">\n<li>Recht auf Zugang, Berichtigung oder L\u00f6schung Ihrer personenbezogenen Daten. Damit k\u00f6nnen Sie eine Kopie der personenbezogenen Daten erhalten, die wir \u00fcber Sie gespeichert haben, und \u00fcberpr\u00fcfen, ob wir sie rechtm\u00e4\u00dfig verarbeiten, etwaige Ungenauigkeiten korrigieren oder (soweit gesetzlich zul\u00e4ssig) die L\u00f6schung Ihrer Daten verlangen.<\/li>\n\n\n\n<li>Widerspruch gegen die Verarbeitung Ihrer personenbezogenen Daten einlegen, wenn wir uns auf ein berechtigtes Interesse (oder das eines Dritten) berufen und es etwas in Ihrer Situation gibt, das Sie dazu veranlasst, der Verarbeitung aus diesem Grund zu widersprechen, da Sie der Meinung sind, dass diese Ihre Grundrechte und -freiheiten beeintr\u00e4chtigt.<\/li>\n\n\n\n<li>Antrag auf Einschr\u00e4nkung der Verarbeitung Ihrer personenbezogenen Daten. Damit k\u00f6nnen Sie uns bitten, die Verarbeitung Ihrer personenbezogenen Daten in den folgenden F\u00e4llen auszusetzen:\n<ul class=\"wp-block-list\">\n<li>Wenn Sie m\u00f6chten, dass wir die Richtigkeit der Daten \u00fcberpr\u00fcfen.<\/li>\n\n\n\n<li>Wenn die Verwendung der Daten durch uns unrechtm\u00e4\u00dfig ist, Sie aber nicht m\u00f6chten, dass wir die Daten l\u00f6schen.<\/li>\n\n\n\n<li>Wenn Sie die Daten ben\u00f6tigen, auch wenn wir sie nicht mehr ben\u00f6tigen, da Sie sie zur Begr\u00fcndung, Aus\u00fcbung oder Verteidigung von Rechtsanspr\u00fcchen ben\u00f6tigen.<\/li>\n\n\n\n<li>Sie haben der Verwendung Ihrer Daten widersprochen, aber wir m\u00fcssen pr\u00fcfen, ob wir zwingende legitime Gr\u00fcnde f\u00fcr die Verwendung der Daten haben.<\/li>\n<\/ul>\n<\/li>\n\n\n\n<li>die \u00dcbermittlung Ihrer personenbezogenen Daten an Sie oder an einen Dritten verlangen.<\/li>\n\n\n\n<li>Sie k\u00f6nnen Ihre Einwilligung jederzeit widerrufen, wenn wir uns auf die Einwilligung zur Verarbeitung Ihrer personenbezogenen Daten berufen.<\/li>\n<\/ul>\n\n\n\n<p>Wenn Sie eines der oben genannten Rechte aus\u00fcben m\u00f6chten, wenden Sie sich bitte schriftlich an folgende Adresse <a href=\"mailto:support@confidopay.com\">support@confidopay.com<\/a>.<\/p>\n\n\n\n<p>Bitte beachten Sie, dass unter Umst\u00e4nden einige oder alle dieser Rechte nicht durchsetzbar sind, wenn entsprechende Ausnahmen gelten. Dies ist beispielsweise der Fall, wenn wir den begr\u00fcndeten Verdacht haben, dass Sie unsere Plattform f\u00fcr rechtswidrige Zwecke genutzt haben. In diesen F\u00e4llen k\u00f6nnen wir uns entweder weigern, z. B. Ihre personenbezogenen Daten und Transaktionsprotokolle zu l\u00f6schen, oder wir erkl\u00e4ren uns bereit, dies innerhalb einer bestimmten angemessenen Frist zu tun, die es uns erm\u00f6glicht, unseren Verdacht zu best\u00e4tigen oder zu entkr\u00e4ften.<\/p>\n\n\n\n<p>F\u00fcr den Zugang zu Ihren personenbezogenen Daten (oder f\u00fcr die Aus\u00fcbung anderer Rechte) m\u00fcssen Sie keine Geb\u00fchren zahlen. Wir k\u00f6nnen jedoch eine angemessene Geb\u00fchr erheben, wenn Ihre Anfrage unangemessen, wiederholend oder \u00fcberm\u00e4\u00dfig ist. Alternativ k\u00f6nnen wir unter diesen Umst\u00e4nden die Beantwortung Ihrer Anfrage verweigern.<\/p>\n\n\n\n<p>Wir bem\u00fchen uns, alle berechtigten Anfragen innerhalb eines Monats zu beantworten. Gelegentlich kann es l\u00e4nger als einen Monat dauern, wenn Ihre Anfrage besonders komplex ist oder Sie eine Reihe von Anfragen gestellt haben. In diesem Fall werden wir Sie benachrichtigen und Sie auf dem Laufenden halten.<\/p>\n\n\n\n<p>Wir bewahren Ihre Daten nur so lange auf, wie es notwendig ist, und nur f\u00fcr den Zweck, f\u00fcr den wir sie erhalten haben. Unsere Aufbewahrungsfristen richten sich nach den gesch\u00e4ftlichen Erfordernissen oder gesetzlichen Verpflichtungen, und Ihre Daten, die nicht mehr ben\u00f6tigt werden, werden entweder unwiderruflich anonymisiert oder sicher vernichtet. Wir werden Ihre Daten im Zusammenhang mit der Aus\u00fcbung der oben genannten Rechte f\u00fcr einen Zeitraum von 12 Monaten nach der entsprechenden Aus\u00fcbung der Rechte aufbewahren.<\/p>\n\n\n\n<h2 class=\"wp-block-heading is-style-alt\">Altersbeschr\u00e4nkungen<\/h2>\n\n\n\n<p>Unsere Website und Dienste sind nicht f\u00fcr Kinder unter 18 Jahren bestimmt. <\/p>\n\n\n\n<p>Wir sammeln nicht wissentlich pers\u00f6nliche Daten von Kindern unter 18 Jahren. Wenn Sie unter 18 Jahre alt sind, d\u00fcrfen Sie ohne die Zustimmung Ihrer Eltern keine Informationen an uns weitergeben. Wenn wir erfahren, dass wir personenbezogene Daten von einem Kind unter 18 Jahren ohne \u00dcberpr\u00fcfung der elterlichen Zustimmung erfasst oder erhalten haben, werden wir diese Daten l\u00f6schen.<\/p>\n\n\n\n<h2 class=\"wp-block-heading is-style-alt\">Andere Sicherheitsma\u00dfnahmen<\/h2>\n\n\n\n<p>Wir sind uns bewusst, wie wichtig der Schutz und die Verwaltung Ihrer pers\u00f6nlichen Daten sind. Alle von uns verarbeiteten personenbezogenen Daten werden mit gr\u00f6\u00dftm\u00f6glicher Sorgfalt und Sicherheit behandelt. In diesem Abschnitt werden einige der von uns getroffenen Sicherheitsma\u00dfnahmen erl\u00e4utert.<\/p>\n\n\n\n<p>Wir setzen eine Vielzahl von physischen und technischen Ma\u00dfnahmen ein, um:<\/p>\n\n\n\n<ul class=\"wp-block-list\">\n<li>Sch\u00fctzen Sie Ihre pers\u00f6nlichen Daten<\/li>\n\n\n\n<li>Verhinderung des unbefugten Zugriffs auf Ihre pers\u00f6nlichen Daten<\/li>\n\n\n\n<li>Stellen Sie sicher, dass Ihre pers\u00f6nlichen Daten nicht missbr\u00e4uchlich verwendet oder weitergegeben werden.<\/li>\n<\/ul>\n\n\n\n<p>Elektronische Daten und Datenbanken werden auf sicheren Computersystemen gespeichert, wobei der Zugang zu den Informationen sowohl auf physischem als auch auf elektronischem Wege kontrolliert wird. Unsere Mitarbeiter erhalten Schulungen zum Datenschutz und zur Informationssicherheit. Wir haben detaillierte Sicherheits- und Datenschutzrichtlinien, an die sich unsere Mitarbeiter halten m\u00fcssen, wenn sie mit Ihren personenbezogenen Daten umgehen.<\/p>\n\n\n\n<p>Wenn Sie ein Passwort f\u00fcr die Confidopay-App verwenden, m\u00fcssen Sie dieses Passwort vertraulich behandeln.<\/p>\n\n\n\n<p>Bitte geben Sie sie nicht an Dritte weiter.<\/p>\n\n\n\n<p>Wir sind st\u00e4ndig dabei, unsere Produkte und Dienstleistungen zu verbessern und zu erweitern. Dies kann dazu f\u00fchren, dass sich unsere Datenverarbeitung \u00e4ndert. Wenn wir etwas \u00e4ndern, werden wir unsere Datenschutzerkl\u00e4rungen entsprechend anpassen. Die aktuelle Version finden Sie immer auf unserer Website und in der App.<\/p>\n\n\n\n<p>Wenn Sie weitere Informationen w\u00fcnschen, senden Sie uns bitte eine E-Mail an <a href=\"mailto:support@confidopay.com\">support@confidopay.com<\/a>.<\/p>\n\n\n\n<p>Um unsere Verpflichtung zum Schutz Ihrer Daten zu erf\u00fcllen, bitten wir Sie, die Datenschutzrichtlinien unserer Gesch\u00e4ftspartner zu lesen:<\/p>\n\n\n\n<p><a href=\"https:\/\/storage.googleapis.com\/striga-public-docs\/Static%20Partner%20TCs\/Striga-PP.pdf\" target=\"_blank\" rel=\"noreferrer noopener\">Lightspark privacy policy<\/a><br><a href=\"https:\/\/wallester.com\/privacy\" target=\"_blank\" rel=\"noreferrer noopener\">Wallester Datenschutzrichtlinie<\/a><\/p>\n\n\n\n<p><\/p>","protected":false},"excerpt":{"rendered":"<p>Customer privacy policy Last update: 28 January 2026 We\u2019re committed to protecting and respecting your privacy.&nbsp;We will:&nbsp; General information Confidopay UAB, located at M\u0117sini\u0173 g. 5, Vilnius, shall be responsible for the processing of your personal data pertaining to the provision of its product or service. In this capacity, Confidopay shall function as the designated [&hellip;]<\/p>","protected":false},"author":1,"featured_media":0,"parent":0,"menu_order":0,"comment_status":"closed","ping_status":"open","template":"","meta":{"_acf_changed":false,"footnotes":""},"class_list":["post-267","page","type-page","status-publish","hentry"],"acf":[],"_links":{"self":[{"href":"https:\/\/confidopay.com\/de\/wp-json\/wp\/v2\/pages\/267","targetHints":{"allow":["GET"]}}],"collection":[{"href":"https:\/\/confidopay.com\/de\/wp-json\/wp\/v2\/pages"}],"about":[{"href":"https:\/\/confidopay.com\/de\/wp-json\/wp\/v2\/types\/page"}],"author":[{"embeddable":true,"href":"https:\/\/confidopay.com\/de\/wp-json\/wp\/v2\/users\/1"}],"replies":[{"embeddable":true,"href":"https:\/\/confidopay.com\/de\/wp-json\/wp\/v2\/comments?post=267"}],"version-history":[{"count":6,"href":"https:\/\/confidopay.com\/de\/wp-json\/wp\/v2\/pages\/267\/revisions"}],"predecessor-version":[{"id":442,"href":"https:\/\/confidopay.com\/de\/wp-json\/wp\/v2\/pages\/267\/revisions\/442"}],"wp:attachment":[{"href":"https:\/\/confidopay.com\/de\/wp-json\/wp\/v2\/media?parent=267"}],"curies":[{"name":"wp","href":"https:\/\/api.w.org\/{rel}","templated":true}]}}