{"id":12,"date":"2025-08-19T08:27:10","date_gmt":"2025-08-19T08:27:10","guid":{"rendered":"https:\/\/localhost\/wordpress\/?page_id=12"},"modified":"2025-12-11T10:54:23","modified_gmt":"2025-12-11T10:54:23","slug":"fees","status":"publish","type":"page","link":"https:\/\/confidopay.com\/de\/fees\/","title":{"rendered":"Geb\u00fchren"},"content":{"rendered":"<h1 class=\"wp-block-heading has-text-align-center\">Preisgestaltung, bei der Sie an erster Stelle stehen<\/h1>\n\n\n\n<p class=\"has-text-align-center\">Wir glauben an Transparenz und Fairness. Unsere Preisgestaltung ist darauf ausgerichtet, Ihnen den besten Wert zu bieten, w\u00e4hrend Sie die wahre Kraft Ihrer Kryptow\u00e4hrung freisetzen k\u00f6nnen.<\/p>\n\n\n\n<div class=\"wp-block-buttons is-content-justification-center is-layout-flex wp-container-core-buttons-is-layout-16018d1d wp-block-buttons-is-layout-flex\">\n<div class=\"wp-block-button\"><a class=\"wp-block-button__link wp-element-button\" href=\"https:\/\/app.confidopay.com\/\">Holen Sie sich Ihre Karte<\/a><\/div>\n<\/div>\n\n\n\n\n\n\n<!-- cards_list -->\n<div id=\"cards-block_46ccb1d7295f6319015bfba6a26ce16d\" class=\"cards_list\">\n    <ul>\n                    <li>\n                <h2 title=\"Krypto\">Krypto<\/h2>                <p>Krypto-B\u00f6rsen-Geb\u00fchr<strong>0,1% + 1 EUR<\/strong><\/p>\n                <p>Krypto-Abhebungsgeb\u00fchr*<strong>0,1% + 1 EUR<\/strong><\/p>\n                <p>Krypto-Einzahlungsgeb\u00fchr<strong>0,1% + 1 EUR<\/strong><\/p>                <footer>*Diese Geb\u00fchr kommt zu der von unserem Drittanbieter erhobenen Netzgeb\u00fchr hinzu.<\/footer>            <\/li>\n                    <li>\n                <h2 title=\"Bankwesen\">Bankwesen<\/h2>                <p>Bank\u00fcberweisung In<strong>0,1% + 1 EUR<\/strong><\/p>\n                <p>Bank\u00fcberweisung aus<strong>0,1% + 1 EUR<\/strong><\/p>\n                                            <\/li>\n                    <li>\n                <h2 title=\"Karten\">Karten<\/h2>                <p>Erstellung physischer Karten<strong>0 EUR<\/strong><\/p>\n                <p>Erstellung virtueller Karten<strong>0 EUR<\/strong><\/p>\n                                            <\/li>\n            <\/ul>\n<\/div>\n<!-- \/cards_list -->\n\n\n\n\n\n\n<!-- faq_list -->\n<div id=\"faq-block_f93a4882f9c053f81d9bf76410eae61d\" class=\"faq_list\">\n    <header>\n        <h2 title=\"H\u00e4ufig gestellte Fragen (FAQ)\">H\u00e4ufig gestellte Fragen (FAQ)<\/h2>        <p>Wir wissen, dass Sie Fragen zur Nutzung unserer innovativen Krypto-Debitkarte haben. Wir sind hier, um klare, pr\u00e4zise und vertrauensw\u00fcrdige Antworten zu geben, die auf unseren operativen Prozessen und Funktionen basieren.<\/p>\n    <\/header>\n    <dl>\n                        <dt><h3 class=\"is-style-alt\">Was genau ist die Confidopay-Karte, und wie funktioniert sie?<\/h3><div class=\"plusminus\"><\/div><\/dt>\n            <dd>\n<p>Confidopay ist eine Krypto-Debitkartenl\u00f6sung, die es Ihnen erm\u00f6glicht, Ihre Kryptow\u00e4hrung nahtlos in Fiat-W\u00e4hrung f\u00fcr allt\u00e4gliche Ausgaben umzuwandeln. Durch die Verwendung von fortschrittlichen APIs und sicheren Transaktionsprotokollen erm\u00f6glicht unsere Plattform eine nahezu sofortige Konvertierung am Verkaufsort oder bei der Abhebung. Das bedeutet, dass Sie Ihre Kryptow\u00e4hrungen wie herk\u00f6mmliche W\u00e4hrungen \u00fcberall dort verwenden k\u00f6nnen, wo Debitkarten akzeptiert werden - weltweit. Unser System arbeitet mit einem Echtzeit-Tauschmodell, das sicherstellt, dass Sie den aktuellen Marktwert f\u00fcr Ihre Krypto-Konvertierungen erhalten, mit transparenten, minimalen Geb\u00fchren, wie in unserer Geb\u00fchrenstruktur beschrieben.<\/p>\n<\/dd>\n                    <dt><h3 class=\"is-style-alt\">Sind meine Transaktionen mit Confidopay sicher?<\/h3><div class=\"plusminus\"><\/div><\/dt>\n            <dd>\n<p>Ja, Sicherheit ist unser oberstes Gebot. Wir verwenden modernste Verschl\u00fcsselungs- und Multi-Faktor-Authentifizierungsprotokolle, um Ihre Gelder und pers\u00f6nlichen Daten zu sch\u00fctzen. Alle Transaktionen werden \u00fcber PCI DSS-konforme Systeme abgewickelt. Dar\u00fcber hinaus bieten wir Transaktions\u00fcberwachung in Echtzeit und sofortige Benachrichtigungen, damit Sie \u00fcber Ihre Kontobewegungen informiert bleiben. Dieser robuste Sicherheitsrahmen gew\u00e4hrleistet ein H\u00f6chstma\u00df an Sicherheit f\u00fcr Ihre digitalen Verm\u00f6genswerte und finanziellen Interaktionen.<\/p>\n<\/dd>\n                    <dt><h3 class=\"is-style-alt\">Welche Geb\u00fchren fallen bei der Verwendung der Confidopay-Karte an?<\/h3><div class=\"plusminus\"><\/div><\/dt>\n            <dd>\n<p>Wir sind stolz auf unsere Transparenz. Unsere Geb\u00fchrenstruktur ist so konzipiert, dass sie einfach und minimal ist, um sicherzustellen, dass Sie den maximalen Wert aus Ihren Krypto-Verm\u00f6genswerten erhalten. Wie dokumentiert, erheben wir eine Geb\u00fchr von 0,1% + 1 EUR f\u00fcr Kryptow\u00e4hrungsumtausch, Abhebungen, Einzahlungen und Bank\u00fcberweisungen. Insbesondere die Erstellung von virtuellen und physischen Karten ist kostenlos. Diese Geb\u00fchren entsprechen den Industriestandards f\u00fcr den Austausch digitaler Verm\u00f6genswerte und die Abwicklung von Transaktionen. Wir \u00fcberpr\u00fcfen und optimieren unsere Geb\u00fchrenstruktur kontinuierlich, um die wettbewerbsf\u00e4higsten Tarife anzubieten.<\/p>\n<\/dd>\n                    <dt><h3 class=\"is-style-alt\">Wie kann ich zwischen der virtuellen und der physischen Confidopay-Karte w\u00e4hlen?<\/h3><div class=\"plusminus\"><\/div><\/dt>\n            <dd>\n<p>Die Wahl h\u00e4ngt von Ihren individuellen Bed\u00fcrfnissen und Vorlieben ab. Unsere virtuelle Karte ist ideal f\u00fcr sicheres Online-Shopping und digitale Transaktionen und bietet sofortige Aktivierung und Integration mit digitalen Geldb\u00f6rsen wie Google Wallet und Apple Wallet. Die physische Karte bietet eine gr\u00f6\u00dfere Vielseitigkeit f\u00fcr allt\u00e4gliche Ausgaben, Abhebungen am Geldautomaten und Tap-and-Go-Zahlungen sowie die Integration von mobilen Geldb\u00f6rsen. Sie k\u00f6nnen beide Karten erhalten und sie innerhalb desselben Kontos verwalten, um eine umfassende Ausgabenflexibilit\u00e4t zu erhalten.<\/p>\n<\/dd>\n                    <dt><h3 class=\"is-style-alt\">Wie schnell kann ich nach der Anmeldung auf meine Karte zugreifen und sie benutzen?<\/h3><div class=\"plusminus\"><\/div><\/dt>\n            <dd>\n<p>Unser Onboarding-Prozess ist auf Schnelligkeit und Effizienz ausgelegt. Nach der Registrierung und Verifizierung Ihres Kontos k\u00f6nnen Sie sofort auf Ihre virtuelle Karte zugreifen und sie nutzen. Die physische Karte kann bestellt werden und wird innerhalb der \u00fcblichen Versandzeiten geliefert. Unsere Plattform erm\u00f6glicht die sofortige Verkn\u00fcpfung Ihrer Karte mit Ihren bevorzugten W\u00e4hrungen und Krypto-Wallets, was nahezu sofortige Transaktionen erm\u00f6glicht.<\/p>\n<\/dd>\n                    <dt><h3 class=\"is-style-alt\">Welche W\u00e4hrungen werden von der Confidopay-Karte unterst\u00fctzt?<\/h3><div class=\"plusminus\"><\/div><\/dt>\n            <dd>\n<p>Confidopay unterst\u00fctzt derzeit die folgenden Kryptow\u00e4hrungen: Bitcoin. Bitcoin auf Lightning Network. Ethereum. USDC auf Ethereum (ERC20). USDC auf Polygon (ERC20). BNB auf der BNB Smart Chain. Wir arbeiten aktiv daran, unsere unterst\u00fctzten Kryptow\u00e4hrungen zu erweitern, um unseren Nutzern noch mehr Flexibilit\u00e4t und Auswahl zu bieten.<\/p>\n<\/dd>\n                    <dt><h3 class=\"is-style-alt\">Wer ist berechtigt, Endnutzer der Dienste zu werden?<\/h3><div class=\"plusminus\"><\/div><\/dt>\n            <dd>\n<p><br>Wir bieten derzeit Dienste an und stellen Dienste von Dritten f\u00fcr Endnutzer zur Verf\u00fcgung, die nat\u00fcrliche Personen mit Staatsangeh\u00f6rigkeit oder Wohnsitz in einem EWR-Vertragsstaat oder der Schweiz sind.<br>We have currently suspended onboarding End Users residing in Hungary.<\/p>\n<\/dd>\n                    <dt><h3 class=\"is-style-alt\">Sind Zahlungskarten f\u00fcr alle zugelassenen Kunden erh\u00e4ltlich?<\/h3><div class=\"plusminus\"><\/div><\/dt>\n            <dd>\n<p><br>Zahlungskarten sind nur f\u00fcr Einwohner des EWR verf\u00fcgbar.<\/p>\n<\/dd>\n                    <dt><h3 class=\"is-style-alt\">Was ist erforderlich, um ein Endbenutzerkonto (Stufe 1) zu erstellen?<\/h3><div class=\"plusminus\"><\/div><\/dt>\n            <dd>\n<p>Ein Endbenutzerkonto wird f\u00fcr berechtigte Personen eingerichtet, die die KYC abgeschlossen haben. Die Hauptanforderungen f\u00fcr die Kontoerstellung (Stufe 1) sind:<\/p>\n\n\n\n<p><strong>Identit\u00e4tsnachweis (POI):<\/strong>&nbsp;Ein f\u00fcr Reisen innerhalb des EWR g\u00fcltiges Dokument (f\u00fcr B\u00fcrger des EWR und der Schweiz: Personalausweis oder Reisepass; f\u00fcr B\u00fcrger anderer L\u00e4nder: Reisepass).<\/p>\n\n\n\n<p><strong>Selfie.<\/strong><\/p>\n<\/dd>\n                    <dt><h3 class=\"is-style-alt\">Welche zus\u00e4tzlichen Anforderungen gelten f\u00fcr Drittstaatsangeh\u00f6rige mit Wohnsitz im EWR oder in der Schweiz?<\/h3><div class=\"plusminus\"><\/div><\/dt>\n            <dd>\n<p><br>Drittstaatsangeh\u00f6rige mit Wohnsitz im EWR oder in der Schweiz ben\u00f6tigen einen zweiten Identit\u00e4tsnachweis (POI2), d. h. einen von einem EWR-Vertragsstaat oder der Schweiz ausgestellten g\u00fcltigen Aufenthaltstitel. In bestimmten begrenzten F\u00e4llen k\u00f6nnen wir einen von einem EWR-Vertragsstaat ausgestellten Personalausweis als POI2 akzeptieren.<\/p>\n<\/dd>\n                    <dt><h3 class=\"is-style-alt\">Wann ist ein Adressennachweis (POA) erforderlich?<\/h3><div class=\"plusminus\"><\/div><\/dt>\n            <dd>\n<p><br>In einigen F\u00e4llen k\u00f6nnen wir einen Adressnachweis (POA) in Tier 1 verlangen, um KYC zu genehmigen.<\/p>\n<\/dd>\n                    <dt><h3 class=\"is-style-alt\">Wann wird ein Endnutzer auf Stufe 2 verifiziert?<\/h3><div class=\"plusminus\"><\/div><\/dt>\n            <dd>\n<p><br>Ein Endnutzer muss eine Tier-2-Dokumentation vorlegen, sobald der Wert seiner eingehenden Transaktionen 15.000 EUR in virtuellen Verm\u00f6genswerten oder 25.000 EUR insgesamt erreicht.<\/p>\n<\/dd>\n                    <dt><h3 class=\"is-style-alt\">Welche Dokumente sind f\u00fcr die \u00dcberpr\u00fcfung der Stufe 2 erforderlich?<\/h3><div class=\"plusminus\"><\/div><\/dt>\n            <dd>\n<p>Die Anforderungen der Stufe 2 sind:<\/p>\n\n\n\n<p><strong>Dokument zum Nachweis der Adresse (POA)<\/strong>&nbsp;(falls nicht in Stufe 1 angegeben): Es muss sich entweder um eine Rechnung eines Versorgungsunternehmens (z. B. f\u00fcr Strom, Gas, Wasser oder Festnetz) oder um einen Kontoauszug (z. B. von einem Zahlungsinstitut oder einer Bank) handeln. Handy-Rechnungen werden nicht akzeptiert. Das Dokument muss auf den Namen des Endnutzers lauten, mit der angegebenen Adresse \u00fcbereinstimmen und nicht \u00e4lter als drei (3) Monate sein.<\/p>\n\n\n\n<p><strong>Angaben zur Mittelherkunft und Dokument(e)<\/strong>.<\/p>\n<\/dd>\n                    <dt><h3 class=\"is-style-alt\">Wann ist die Frist f\u00fcr den Abschluss der Stufe-2-\u00dcberpr\u00fcfung?<\/h3><div class=\"plusminus\"><\/div><\/dt>\n            <dd>\n<p><br>Der Endnutzer hat 30 Tage Zeit, um die Verifizierung der Stufe 2 abzuschlie\u00dfen; w\u00e4hrend dieser Zeit bleibt der Zugang zu allen Funktionen des Kontos erhalten.<\/p>\n<\/dd>\n                    <dt><h3 class=\"is-style-alt\">Wie hoch sind die Transaktionslimits f\u00fcr Einzelkunden in Tier 1 und Tier 2?<\/h3><div class=\"plusminus\"><\/div><\/dt>\n            <dd>\n<p>Es gelten die folgenden Transaktionsgrenzen\/Schwellenwerte:<\/p>\n\n\n\n<figure class=\"wp-block-table\"><table class=\"has-fixed-layout\"><tbody><tr><td><strong>Ebene<\/strong><\/td><td><strong>Eingehende Transaktionen<\/strong><\/td><td><strong>Outbound-Transaktionen<\/strong><\/td><\/tr><tr><td><strong>Stufe 1<\/strong><\/td><td>Einzahlungen von virtuellen Verm\u00f6genswerten: weniger als 15.000 \u20ac insgesamt. Alle Einzahlungen: weniger als 25.000 \u20ac insgesamt.<\/td><td>Alle ausgehenden Transaktionen\u00b9: 10.000 \u20ac pro Monat. Kartenzahlungen\u00b2: 10.000 \u20ac pro Monat \/ 10.000 \u20ac pro Tag. Abhebungen am Geldautomaten\u00b3: 3.000 \u20ac pro Monat \/ 350 \u20ac pro Tag.<\/td><\/tr><tr><td><strong>Stufe 2<\/strong><\/td><td>N\/A (keine festgelegten Grenzwerte).<\/td><td>Keine Grenzen f\u00fcr ausgehende Transaktionen, au\u00dfer f\u00fcr: Kartenzahlungen: 15.000 \u20ac pro Monat \/ 10.000 \u20ac pro Tag. Abhebungen am Geldautomaten: 3.000 \u20ac pro Monat \/ 350 \u20ac pro Tag.<\/td><\/tr><\/tbody><\/table><\/figure>\n\n\n\n<p>\u00b9Abhebungen von virtuellen Verm\u00f6genswerten und Fiat-W\u00e4hrungen, \u00dcberweisungen von virtuellen Verm\u00f6genswerten und Kartentransaktionen werden auf das Gesamtlimit f\u00fcr ausgehende Transaktionen angerechnet.<\/p>\n\n\n\n<p>\u00b2Kartenzahlungen unterliegen au\u00dferdem dem monatlichen Gesamtlimit f\u00fcr ausgehende Zahlungen.<\/p>\n\n\n\n<p>F\u00fcr Abhebungen von Geldautomaten gilt au\u00dferdem das monatliche Gesamtlimit f\u00fcr Auszahlungen.<\/p>\n<\/dd>\n                    <dt><h3 class=\"is-style-alt\">Welche L\u00e4nder sind f\u00fcr die allgemeinen Dienste gesperrt?<\/h3><div class=\"plusminus\"><\/div><\/dt>\n            <dd>\n<p>Currently, we are unable to provide or make Services available to residents of the following jurisdictions: Afghanistan, Albania, Algeria, Angola, Armenia, Azerbaijan, Barbados, Belarus, Bolivia, Botswana, Burkina Faso, Burundi, Cambodia, Cameroon, Cayman Islands, Central African Republic, Chad, China, C\u00f4te d&#8217;Ivoire (Ivory Coast), Cuba, Democratic Republic of Congo, Democratic People\u2019s Republic of Korea (North Korea), Egypt, Equatorial Guinea, Ghana, Gibraltar, Guinea, Guinea-Bissau, Haiti, Iran, Iraq, Jamaica, Japan, Jordan, Kazakhstan, Kenya, Kyrgyzstan, Laos, Lebanon, Libya, Mali, Mauritius, Moldova, Monaco, Morocco, Mozambique, Myanmar, Namibia, Nepal, Nicaragua, Niger, Nigeria, Pakistan, Palestinian Authority, Panama, Philippines, Russia, Saudi Arabia, Senegal, Somalia, South Africa, South Sudan, Sri Lanka, Sudan, Syria, Tajikistan, Tanzania, Trinidad and Tobago, Tunisia, Turkmenistan, T\u00fcrkiye, Uganda, Ukraine, United Arab Emirates, United Kingdom of Great Britain and Northern Ireland, United States of America, Uzbekistan, Vanuatu, Venezuela, Vietnam, Virgin Islands (UK), Yemen, Zimbabwe. Access to Services may be restricted in the countries, territories, regions, and jurisdictions provided above.<\/p>\n<\/dd>\n                    <dt><h3 class=\"is-style-alt\">K\u00f6nnen B\u00fcrger der Russischen F\u00f6deration die Dienste in Anspruch nehmen?<\/h3><div class=\"plusminus\"><\/div><\/dt>\n            <dd>\n<p><br>Aus rechtlichen Gr\u00fcnden k\u00f6nnen wir B\u00fcrgern der Russischen F\u00f6deration derzeit keine Dienste anbieten, unabh\u00e4ngig von ihrem Wohnsitz. Eine Ausnahme gilt f\u00fcr B\u00fcrger der Russischen F\u00f6deration, die auch die Staatsb\u00fcrgerschaft der EU\/EWR oder der Schweiz besitzen und f\u00fcr unsere Dienstleistungen in Frage kommen.<\/p>\n<\/dd>\n                    <dt><h3 class=\"is-style-alt\">Wo ist die Verwendung von Zahlungskarten ausgeschlossen?<\/h3><div class=\"plusminus\"><\/div><\/dt>\n            <dd>\n<p><br>Using the Payment Card is not possible within the following countries, territories, regions, or jurisdictions: Afghanistan, Algeria, Belarus, Burkina Faso, Cameroon, Cuba, Democratic Republic of Congo, Egypt, Guinea Bissau, Haiti, Iran, Iraq, Jordan, Kyrgyzstan, Lebanon, Libya, Mali, Morocco, Mozambique, Myanmar, Nicaragua, Niger, Nigeria, North Korea, Pakistan, Palestinian Authority, Russia, Saudi Arabia, Somalia, South Sudan, Sudan, Syria, Tajikistan, Tunisia, Turkmenistan, T\u00fcrkiye, Ukraine*, United Arab Emirates, Uzbekistan, Venezuela, Yemen, Zimbabwe.<\/p>\n<\/dd>\n                    <dt><h3 class=\"is-style-alt\">Gibt es besondere Beschr\u00e4nkungen f\u00fcr Kartentransaktionen in der Ukraine?<\/h3><div class=\"plusminus\"><\/div><\/dt>\n            <dd>\n<p><br>Kartentransaktionen in der Ukraine k\u00f6nnen in bestimmten Anwendungen m\u00f6glich sein. Sie sind jedoch in Gebieten der Ukraine, die nicht unter staatlicher Kontrolle stehen, nicht m\u00f6glich.<\/p>\n<\/dd>\n                <\/dl>\n<\/div>\n<!-- \/faq_list -->\n\n\n\n\n\n\n<!-- cta_block -->\n<div id=\"cta-block_249aedf291b0210d6ecf9b3dbe9cbac9\" class=\"cta_block\">\n    <header>\n\t\t        <h2><strong>Start<\/strong> Ihre Reise mit Confidopay<\/h2>        <p>Sind Sie bereit, die Freiheit des m\u00fchelosen Krypto-Ausgebens zu erleben? Wandeln Sie Ihr digitales Verm\u00f6gen in Fiat um, ohne dass Geb\u00fchren anfallen, und nutzen Sie Ihre Karte weltweit. Melden Sie sich in wenigen Minuten an und erschlie\u00dfen Sie noch heute das wahre Potenzial Ihrer Kryptow\u00e4hrung.<\/p>\n\t\t        <a class=\"button\" href=\"https:\/\/app.confidopay.com\/\" title=\"Holen Sie sich Ihre Karte\" target=\"\">Holen Sie sich Ihre Karte<\/a>    <\/header>\n\t<span class=\"card_additional_text\"> *The final design of the card may be different.<\/span>\t<div class=\"get_it_on\"><h4>Weiter geht's<\/h4><ul><li><a href=\"\/de\/\"><img decoding=\"async\" width=\"244\" height=\"72\" loading=\"lazy\" src=\"https:\/\/confidopay.com\/wp-content\/uploads\/2025\/08\/google_play.png\" alt=\"\" \/><\/a><\/li><li><a href=\"\/de\/\"><img decoding=\"async\" width=\"240\" height=\"72\" loading=\"lazy\" src=\"https:\/\/confidopay.com\/wp-content\/uploads\/2025\/08\/app_store.png\" alt=\"\" \/><\/a><\/li><\/ul><\/div><\/div>\n<!-- \/cta_block -->","protected":false},"excerpt":{"rendered":"<p>Pricing That Puts You First We believe in transparency and fairness. Our pricing is designed to give you the best value while unlocking the true power of your crypto.<\/p>","protected":false},"author":1,"featured_media":0,"parent":0,"menu_order":0,"comment_status":"closed","ping_status":"closed","template":"","meta":{"_acf_changed":false,"footnotes":""},"class_list":["post-12","page","type-page","status-publish","hentry"],"acf":[],"_links":{"self":[{"href":"https:\/\/confidopay.com\/de\/wp-json\/wp\/v2\/pages\/12","targetHints":{"allow":["GET"]}}],"collection":[{"href":"https:\/\/confidopay.com\/de\/wp-json\/wp\/v2\/pages"}],"about":[{"href":"https:\/\/confidopay.com\/de\/wp-json\/wp\/v2\/types\/page"}],"author":[{"embeddable":true,"href":"https:\/\/confidopay.com\/de\/wp-json\/wp\/v2\/users\/1"}],"replies":[{"embeddable":true,"href":"https:\/\/confidopay.com\/de\/wp-json\/wp\/v2\/comments?post=12"}],"version-history":[{"count":2,"href":"https:\/\/confidopay.com\/de\/wp-json\/wp\/v2\/pages\/12\/revisions"}],"predecessor-version":[{"id":415,"href":"https:\/\/confidopay.com\/de\/wp-json\/wp\/v2\/pages\/12\/revisions\/415"}],"wp:attachment":[{"href":"https:\/\/confidopay.com\/de\/wp-json\/wp\/v2\/media?parent=12"}],"curies":[{"name":"wp","href":"https:\/\/api.w.org\/{rel}","templated":true}]}}