{"id":14,"date":"2025-08-19T08:27:18","date_gmt":"2025-08-19T08:27:18","guid":{"rendered":"https:\/\/localhost\/wordpress\/?page_id=14"},"modified":"2025-11-05T11:06:17","modified_gmt":"2025-11-05T11:06:17","slug":"contacts","status":"publish","type":"page","link":"https:\/\/confidopay.com\/cs\/contacts\/","title":{"rendered":"Kontakty"},"content":{"rendered":"<div class=\"wp-block-columns is-layout-flex wp-container-core-columns-is-layout-9d6595d7 wp-block-columns-is-layout-flex\">\n<div class=\"wp-block-column is-layout-flow wp-block-column-is-layout-flow\" style=\"flex-basis:73%\">\n<div class=\"wp-block-cover\"><span aria-hidden=\"true\" class=\"wp-block-cover__background has-background-dim-100 has-background-dim has-background-gradient\" style=\"background:linear-gradient(135deg,rgb(11,57,90) 0%,rgb(24,26,38) 100%)\"><\/span><div class=\"wp-block-cover__inner-container is-layout-constrained wp-block-cover-is-layout-constrained\">\n<h1 class=\"wp-block-heading\"><strong>Jsme tady<\/strong> pomoci - kdykoli a kdekoli.<\/h1>\n\n\n\n<p>A\u0165 u\u017e m\u00e1te dotaz, pot\u0159ebujete podporu nebo chcete prozkoumat mo\u017enosti partnerstv\u00ed, t\u00fdm Confidopay je p\u0159ipraven v\u00e1m pomoci.<\/p>\n\n\n\n<div class=\"wpcf7 no-js\" id=\"wpcf7-f80-o1\" lang=\"en-US\" dir=\"ltr\" data-wpcf7-id=\"80\">\n<div class=\"screen-reader-response\"><p role=\"status\" aria-live=\"polite\" aria-atomic=\"true\"><\/p> <ul><\/ul><\/div>\n<form action=\"\/cs\/wp-json\/wp\/v2\/pages\/14#wpcf7-f80-o1\" method=\"post\" class=\"wpcf7-form init\" aria-label=\"Contact form\" novalidate=\"novalidate\" data-status=\"init\" data-trp-original-action=\"\/cs\/wp-json\/wp\/v2\/pages\/14#wpcf7-f80-o1\">\n<fieldset class=\"hidden-fields-container\"><input type=\"hidden\" name=\"_wpcf7\" value=\"80\" \/><input type=\"hidden\" name=\"_wpcf7_version\" value=\"6.1.4\" \/><input type=\"hidden\" name=\"_wpcf7_locale\" value=\"en_US\" \/><input type=\"hidden\" name=\"_wpcf7_unit_tag\" value=\"wpcf7-f80-o1\" \/><input type=\"hidden\" name=\"_wpcf7_container_post\" value=\"0\" \/><input type=\"hidden\" name=\"_wpcf7_posted_data_hash\" value=\"\" \/><input type=\"hidden\" name=\"_wpcf7_recaptcha_response\" value=\"\" \/>\n<\/fieldset>\n<ul>\n\t<li>\n\t\t<p><span class=\"wpcf7-form-control-wrap\" data-name=\"your-name\"><input size=\"40\" maxlength=\"400\" class=\"wpcf7-form-control wpcf7-text wpcf7-validates-as-required\" autocomplete=\"name\" aria-required=\"true\" aria-invalid=\"false\" placeholder=\"N\u00e1zev\" value=\"\" type=\"text\" name=\"your-name\" \/><\/span>\n\t\t<\/p>\n\t<\/li>\n\t<li>\n\t\t<p><span class=\"wpcf7-form-control-wrap\" data-name=\"your-surname\"><input size=\"40\" maxlength=\"400\" class=\"wpcf7-form-control wpcf7-text wpcf7-validates-as-required\" aria-required=\"true\" aria-invalid=\"false\" placeholder=\"P\u0159\u00edjmen\u00ed\" value=\"\" type=\"text\" name=\"your-surname\" \/><\/span>\n\t\t<\/p>\n\t<\/li>\n\t<li>\n\t\t<p><span class=\"wpcf7-form-control-wrap\" data-name=\"your-email\"><input size=\"40\" maxlength=\"400\" class=\"wpcf7-form-control wpcf7-email wpcf7-validates-as-required wpcf7-text wpcf7-validates-as-email\" autocomplete=\"email\" aria-required=\"true\" aria-invalid=\"false\" placeholder=\"E-mail\" value=\"\" type=\"email\" name=\"your-email\" \/><\/span>\n\t\t<\/p>\n\t<\/li>\n\t<li>\n\t\t<p><span class=\"wpcf7-form-control-wrap\" data-name=\"your-tel\"><input size=\"40\" maxlength=\"400\" class=\"wpcf7-form-control wpcf7-tel wpcf7-text wpcf7-validates-as-tel\" aria-invalid=\"false\" placeholder=\"Telefon\" value=\"\" type=\"tel\" name=\"your-tel\" \/><\/span>\n\t\t<\/p>\n\t<\/li>\n\t<li>\n\t\t<p><span class=\"wpcf7-form-control-wrap\" data-name=\"your-message\"><textarea cols=\"40\" rows=\"10\" maxlength=\"2000\" class=\"wpcf7-form-control wpcf7-textarea\" aria-invalid=\"false\" placeholder=\"Va\u0161e zpr\u00e1va\" name=\"your-message\"><\/textarea><\/span>\n\t\t<\/p>\n\t<\/li>\n\t<li>\n\t\t<p><input class=\"wpcf7-form-control wpcf7-submit has-spinner\" type=\"submit\" value=\"Odeslat\" \/>\n\t\t<\/p>\n\t<\/li>\n<\/ul><div class=\"wpcf7-response-output\" aria-hidden=\"true\"><\/div>\n<input type=\"hidden\" name=\"trp-form-language\" value=\"cs\"\/><\/form>\n<\/div>\n\n<\/div><\/div>\n<\/div>\n\n\n\n<div class=\"wp-block-column is-layout-flow wp-block-column-is-layout-flow\" style=\"flex-basis:27%\">\n\n\n\n<!-- social_media -->\n<div id=\"social_media-block_e7531d84ab7facd75664696c2e341abf\" class=\"social_media\">\n    <ul>\n                    <li>\n                <a href=\"mailto:support@confidopay.com\" title=\"Z\u00e1kaznick\u00e1 podpora\" target=\"\">\n                    <strong><img decoding=\"async\" width=\"0\" height=\"0\" loading=\"lazy\" srcset=\"https:\/\/confidopay.com\/wp-content\/uploads\/2025\/11\/drafts_24dp_000_FILL0_wght400_GRAD0_opsz24.svg 480w, https:\/\/confidopay.com\/wp-content\/uploads\/2025\/11\/drafts_24dp_000_FILL0_wght400_GRAD0_opsz24.svg 768w, https:\/\/confidopay.com\/wp-content\/uploads\/2025\/11\/drafts_24dp_000_FILL0_wght400_GRAD0_opsz24.svg 960w, https:\/\/confidopay.com\/wp-content\/uploads\/2025\/11\/drafts_24dp_000_FILL0_wght400_GRAD0_opsz24.svg 1200w, https:\/\/confidopay.com\/wp-content\/uploads\/2025\/11\/drafts_24dp_000_FILL0_wght400_GRAD0_opsz24.svg 2000w, https:\/\/confidopay.com\/wp-content\/uploads\/2025\/11\/drafts_24dp_000_FILL0_wght400_GRAD0_opsz24.svg 3000w\" sizes=\"auto, (max-width:479px) 480px, (min-width: 480px) and (max-width: 767px) 768px, (min-width: 768px) and (max-width: 959px) 960px, (min-width: 960px) and (max-width: 1200px) 1200px, 100vw\" src=\"https:\/\/confidopay.com\/wp-content\/uploads\/2025\/11\/drafts_24dp_000_FILL0_wght400_GRAD0_opsz24.svg\" alt=\"\" \/> Z\u00e1kaznick\u00e1 podpora<\/strong>\n                    <span>Napi\u0161te n\u00e1m<\/span>                <\/a>\n            <\/li>                    <li>\n                <a href=\"mailto:sales@confidopay.com\" title=\"Obchodn\u00ed dotazy\" target=\"\">\n                    <strong><img decoding=\"async\" width=\"0\" height=\"0\" loading=\"lazy\" srcset=\"https:\/\/confidopay.com\/wp-content\/uploads\/2025\/11\/drafts_24dp_000_FILL0_wght400_GRAD0_opsz24.svg 480w, https:\/\/confidopay.com\/wp-content\/uploads\/2025\/11\/drafts_24dp_000_FILL0_wght400_GRAD0_opsz24.svg 768w, https:\/\/confidopay.com\/wp-content\/uploads\/2025\/11\/drafts_24dp_000_FILL0_wght400_GRAD0_opsz24.svg 960w, https:\/\/confidopay.com\/wp-content\/uploads\/2025\/11\/drafts_24dp_000_FILL0_wght400_GRAD0_opsz24.svg 1200w, https:\/\/confidopay.com\/wp-content\/uploads\/2025\/11\/drafts_24dp_000_FILL0_wght400_GRAD0_opsz24.svg 2000w, https:\/\/confidopay.com\/wp-content\/uploads\/2025\/11\/drafts_24dp_000_FILL0_wght400_GRAD0_opsz24.svg 3000w\" sizes=\"auto, (max-width:479px) 480px, (min-width: 480px) and (max-width: 767px) 768px, (min-width: 768px) and (max-width: 959px) 960px, (min-width: 960px) and (max-width: 1200px) 1200px, 100vw\" src=\"https:\/\/confidopay.com\/wp-content\/uploads\/2025\/11\/drafts_24dp_000_FILL0_wght400_GRAD0_opsz24.svg\" alt=\"\" \/> Obchodn\u00ed dotazy<\/strong>\n                    <span>Napi\u0161te n\u00e1m<\/span>                <\/a>\n            <\/li>            <\/ul>\n<\/div>\n<!-- \/social_media -->\n<\/div>\n<\/div>","protected":false},"excerpt":{"rendered":"","protected":false},"author":1,"featured_media":0,"parent":0,"menu_order":0,"comment_status":"closed","ping_status":"closed","template":"","meta":{"_acf_changed":false,"footnotes":""},"class_list":["post-14","page","type-page","status-publish","hentry"],"acf":[],"_links":{"self":[{"href":"https:\/\/confidopay.com\/cs\/wp-json\/wp\/v2\/pages\/14","targetHints":{"allow":["GET"]}}],"collection":[{"href":"https:\/\/confidopay.com\/cs\/wp-json\/wp\/v2\/pages"}],"about":[{"href":"https:\/\/confidopay.com\/cs\/wp-json\/wp\/v2\/types\/page"}],"author":[{"embeddable":true,"href":"https:\/\/confidopay.com\/cs\/wp-json\/wp\/v2\/users\/1"}],"replies":[{"embeddable":true,"href":"https:\/\/confidopay.com\/cs\/wp-json\/wp\/v2\/comments?post=14"}],"version-history":[{"count":9,"href":"https:\/\/confidopay.com\/cs\/wp-json\/wp\/v2\/pages\/14\/revisions"}],"predecessor-version":[{"id":347,"href":"https:\/\/confidopay.com\/cs\/wp-json\/wp\/v2\/pages\/14\/revisions\/347"}],"wp:attachment":[{"href":"https:\/\/confidopay.com\/cs\/wp-json\/wp\/v2\/media?parent=14"}],"curies":[{"name":"wp","href":"https:\/\/api.w.org\/{rel}","templated":true}]}}