{"id":12,"date":"2025-08-19T08:27:10","date_gmt":"2025-08-19T08:27:10","guid":{"rendered":"https:\/\/localhost\/wordpress\/?page_id=12"},"modified":"2025-12-11T10:54:23","modified_gmt":"2025-12-11T10:54:23","slug":"fees","status":"publish","type":"page","link":"https:\/\/confidopay.com\/cs\/fees\/","title":{"rendered":"Poplatky"},"content":{"rendered":"<h1 class=\"wp-block-heading has-text-align-center\">Ceny, kter\u00e9 v\u00e1s stav\u00ed na prvn\u00ed m\u00edsto<\/h1>\n\n\n\n<p class=\"has-text-align-center\">V\u011b\u0159\u00edme v transparentnost a spravedlnost. Na\u0161e ceny jsou navr\u017eeny tak, aby v\u00e1m poskytly nejlep\u0161\u00ed hodnotu a z\u00e1rove\u0148 odemkly skute\u010dnou s\u00edlu va\u0161\u00ed kryptografie.<\/p>\n\n\n\n<div class=\"wp-block-buttons is-content-justification-center is-layout-flex wp-container-core-buttons-is-layout-16018d1d wp-block-buttons-is-layout-flex\">\n<div class=\"wp-block-button\"><a class=\"wp-block-button__link wp-element-button\" href=\"https:\/\/app.confidopay.com\/\">Z\u00edskejte svou kartu<\/a><\/div>\n<\/div>\n\n\n\n\n\n\n<!-- cards_list -->\n<div id=\"cards-block_46ccb1d7295f6319015bfba6a26ce16d\" class=\"cards_list\">\n    <ul>\n                    <li>\n                <h2 title=\"Crypto\">Crypto<\/h2>                <p>Poplatek za kryptografickou v\u00fdm\u011bnu<strong>0,1% + 1 EUR<\/strong><\/p>\n                <p>Poplatek za v\u00fdb\u011br kryptopen\u011bz*<strong>0,1% + 1 EUR<\/strong><\/p>\n                <p>Poplatek za kryptografick\u00fd vklad<strong>0,1% + 1 EUR<\/strong><\/p>                <footer>*Tento poplatek se p\u0159ipo\u010d\u00edt\u00e1v\u00e1 k poplatku za s\u00ed\u0165ov\u00fd poplatek, kter\u00fd vyb\u00edr\u00e1 n\u00e1\u0161 poskytovatel - t\u0159et\u00ed strana.<\/footer>            <\/li>\n                    <li>\n                <h2 title=\"Bankovnictv\u00ed\">Bankovnictv\u00ed<\/h2>                <p>Bankovn\u00ed p\u0159evod<strong>0,1% + 1 EUR<\/strong><\/p>\n                <p>Bankovn\u00ed p\u0159evod ven<strong>0,1% + 1 EUR<\/strong><\/p>\n                                            <\/li>\n                    <li>\n                <h2 title=\"Karty\">Karty<\/h2>                <p>Vytvo\u0159en\u00ed fyzick\u00e9 karty<strong>0 EUR<\/strong><\/p>\n                <p>Vytvo\u0159en\u00ed virtu\u00e1ln\u00ed karty<strong>0 EUR<\/strong><\/p>\n                                            <\/li>\n            <\/ul>\n<\/div>\n<!-- \/cards_list -->\n\n\n\n\n\n\n<!-- faq_list -->\n<div id=\"faq-block_f93a4882f9c053f81d9bf76410eae61d\" class=\"faq_list\">\n    <header>\n        <h2 title=\"\u010casto kladen\u00e9 ot\u00e1zky (FAQ)\">\u010casto kladen\u00e9 ot\u00e1zky (FAQ)<\/h2>        <p>Ch\u00e1peme, \u017ee m\u00e1te ot\u00e1zky ohledn\u011b pou\u017e\u00edv\u00e1n\u00ed na\u0161\u00ed inovativn\u00ed kryptografick\u00e9 debetn\u00ed karty. Jsme zde, abychom v\u00e1m poskytli jasn\u00e9, stru\u010dn\u00e9 a d\u016fv\u011bryhodn\u00e9 odpov\u011bdi zalo\u017een\u00e9 na na\u0161ich provozn\u00edch procesech a funkc\u00edch.<\/p>\n    <\/header>\n    <dl>\n                        <dt><h3 class=\"is-style-alt\">Co p\u0159esn\u011b je karta Confidopay a jak funguje?<\/h3><div class=\"plusminus\"><\/div><\/dt>\n            <dd>\n<p>Confidopay je \u0159e\u0161en\u00ed kryptografick\u00e9 debetn\u00ed karty, kter\u00e9 v\u00e1m umo\u017en\u00ed bezprobl\u00e9movou konverzi kryptom\u011bn na fiat m\u011bnu pro ka\u017edodenn\u00ed v\u00fddaje. D\u00edky vyu\u017eit\u00ed pokro\u010dil\u00fdch rozhran\u00ed API a bezpe\u010dn\u00fdch transak\u010dn\u00edch protokol\u016f na\u0161e platforma usnad\u0148uje t\u00e9m\u011b\u0159 okam\u017eit\u00e9 konverze v m\u00edst\u011b prodeje nebo v\u00fdb\u011bru. To znamen\u00e1, \u017ee sv\u00e1 kryptoaktivita m\u016f\u017eete pou\u017e\u00edvat jako tradi\u010dn\u00ed m\u011bnu kdekoli na sv\u011bt\u011b, kde jsou p\u0159ij\u00edm\u00e1ny debetn\u00ed karty. N\u00e1\u0161 syst\u00e9m funguje na modelu sm\u011bny v re\u00e1ln\u00e9m \u010dase, kter\u00fd zaji\u0161\u0165uje, \u017ee za sv\u00e9 kryptokonverze obdr\u017e\u00edte aktu\u00e1ln\u00ed tr\u017en\u00ed hodnotu, a to s transparentn\u00edmi a minim\u00e1ln\u00edmi poplatky, jak je podrobn\u011b pops\u00e1no v na\u0161\u00ed struktu\u0159e poplatk\u016f.<\/p>\n<\/dd>\n                    <dt><h3 class=\"is-style-alt\">Jsou m\u00e9 transakce s Confidopay bezpe\u010dn\u00e9?<\/h3><div class=\"plusminus\"><\/div><\/dt>\n            <dd>\n<p>Ano, bezpe\u010dnost je na\u0161\u00edm prvo\u0159ad\u00fdm z\u00e1jmem. K ochran\u011b va\u0161ich finan\u010dn\u00edch prost\u0159edk\u016f a osobn\u00edch \u00fadaj\u016f pou\u017e\u00edv\u00e1me nejmodern\u011bj\u0161\u00ed \u0161ifrov\u00e1n\u00ed a v\u00edcefaktorov\u00e9 ov\u011b\u0159ovac\u00ed protokoly. V\u0161echny transakce jsou zpracov\u00e1v\u00e1ny prost\u0159ednictv\u00edm syst\u00e9m\u016f vyhovuj\u00edc\u00edch standardu PCI DSS. Krom\u011b toho poskytujeme sledov\u00e1n\u00ed transakc\u00ed v re\u00e1ln\u00e9m \u010dase a okam\u017eit\u00e1 ozn\u00e1men\u00ed, kter\u00e1 v\u00e1m pomohou z\u016fstat informov\u00e1ni o aktivit\u011b na va\u0161em \u00fa\u010dtu. Tento robustn\u00ed bezpe\u010dnostn\u00ed r\u00e1mec je zaveden s c\u00edlem zajistit maxim\u00e1ln\u00ed bezpe\u010dnost va\u0161ich digit\u00e1ln\u00edch aktiv a finan\u010dn\u00edch interakc\u00ed.<\/p>\n<\/dd>\n                    <dt><h3 class=\"is-style-alt\">Jak\u00e9 jsou poplatky spojen\u00e9 s pou\u017e\u00edv\u00e1n\u00edm karty Confidopay?<\/h3><div class=\"plusminus\"><\/div><\/dt>\n            <dd>\n<p>Zakl\u00e1d\u00e1me si na transparentnosti. Na\u0161e struktura poplatk\u016f je navr\u017eena tak, aby byla jednoduch\u00e1 a minim\u00e1ln\u00ed, a zajistila v\u00e1m maxim\u00e1ln\u00ed hodnotu va\u0161ich kryptoaktiv. Jak je zdokumentov\u00e1no, \u00fa\u010dtujeme poplatek 0,1% + 1 EUR za krypto sm\u011bny, v\u00fdb\u011bry, vklady a bankovn\u00ed p\u0159evody. Pozoruhodn\u00e9 je, \u017ee vytvo\u0159en\u00ed virtu\u00e1ln\u00edch i fyzick\u00fdch karet je zdarma. Tyto poplatky jsou v souladu s pr\u016fmyslov\u00fdmi standardy pro v\u00fdm\u011bnu digit\u00e1ln\u00edch aktiv a zpracov\u00e1n\u00ed transakc\u00ed. Na\u0161i strukturu poplatk\u016f pr\u016fb\u011b\u017en\u011b revidujeme a optimalizujeme, abychom poskytovali co nejkonkurenceschopn\u011bj\u0161\u00ed sazby.<\/p>\n<\/dd>\n                    <dt><h3 class=\"is-style-alt\">Jak si mohu vybrat mezi virtu\u00e1ln\u00ed a fyzickou kartou Confidopay?<\/h3><div class=\"plusminus\"><\/div><\/dt>\n            <dd>\n<p>V\u00fdb\u011br z\u00e1vis\u00ed na va\u0161ich individu\u00e1ln\u00edch pot\u0159eb\u00e1ch a preferenc\u00edch. Na\u0161e virtu\u00e1ln\u00ed karta je ide\u00e1ln\u00ed pro bezpe\u010dn\u00e9 online nakupov\u00e1n\u00ed a digit\u00e1ln\u00ed transakce, poskytuje okam\u017eitou aktivaci a integraci s digit\u00e1ln\u00edmi pen\u011b\u017eenkami, jako jsou Google Wallet a Apple Wallet. Fyzick\u00e1 karta nab\u00edz\u00ed \u0161ir\u0161\u00ed v\u0161estrannost pro ka\u017edodenn\u00ed v\u00fddaje, v\u00fdb\u011bry z bankomat\u016f a platby \"tap-and-go\" a tak\u00e9 integraci s mobiln\u00ed pen\u011b\u017eenkou. M\u016f\u017eete z\u00edskat ob\u011b karty a spravovat je v r\u00e1mci jednoho \u00fa\u010dtu, \u010d\u00edm\u017e z\u00edsk\u00e1te komplexn\u00ed flexibilitu v\u00fddaj\u016f.<\/p>\n<\/dd>\n                    <dt><h3 class=\"is-style-alt\">Jak rychle m\u00e1m po registraci p\u0159\u00edstup ke kart\u011b a jak ji mohu pou\u017e\u00edvat?<\/h3><div class=\"plusminus\"><\/div><\/dt>\n            <dd>\n<p>N\u00e1\u0161 proces n\u00e1stupu je navr\u017een tak, aby byl rychl\u00fd a efektivn\u00ed. Po registraci a ov\u011b\u0159en\u00ed \u00fa\u010dtu m\u016f\u017eete okam\u017eit\u011b z\u00edskat p\u0159\u00edstup ke sv\u00e9 virtu\u00e1ln\u00ed kart\u011b a za\u010d\u00edt ji pou\u017e\u00edvat. Fyzickou kartu si m\u016f\u017eete objednat a bude v\u00e1m doru\u010dena podle standardn\u00edch dodac\u00edch lh\u016ft. Na\u0161e platforma usnad\u0148uje okam\u017eit\u00e9 propojen\u00ed va\u0161\u00ed karty s preferovanou m\u011bnou a kryptopen\u011b\u017eenkami, co\u017e umo\u017e\u0148uje t\u00e9m\u011b\u0159 okam\u017eit\u00e9 transakce.<\/p>\n<\/dd>\n                    <dt><h3 class=\"is-style-alt\">Jak\u00e9 m\u011bny podporuje karta Confidopay?<\/h3><div class=\"plusminus\"><\/div><\/dt>\n            <dd>\n<p>Confidopay v sou\u010dasn\u00e9 dob\u011b podporuje n\u00e1sleduj\u00edc\u00ed kryptom\u011bny: Bitcoin. Bitcoin na Lightning Network. Ethereum. USDC na platform\u011b Ethereum (ERC20). USDC na Polygonu (ERC20). BNB na inteligentn\u00edm \u0159et\u011bzci BNB. Aktivn\u011b pracujeme na roz\u0161\u00ed\u0159en\u00ed podporovan\u00fdch kryptom\u011bn, abychom na\u0161im u\u017eivatel\u016fm poskytli je\u0161t\u011b v\u011bt\u0161\u00ed flexibilitu a mo\u017enost v\u00fdb\u011bru.<\/p>\n<\/dd>\n                    <dt><h3 class=\"is-style-alt\">Kdo se m\u016f\u017ee st\u00e1t koncov\u00fdm u\u017eivatelem slu\u017eeb?<\/h3><div class=\"plusminus\"><\/div><\/dt>\n            <dd>\n<p><br>V sou\u010dasn\u00e9 dob\u011b poskytujeme Slu\u017eby a zp\u0159\u00edstup\u0148ujeme Slu\u017eby t\u0159et\u00edch stran Koncov\u00fdm u\u017eivatel\u016fm, kte\u0159\u00ed jsou fyzick\u00fdmi osobami s ob\u010danstv\u00edm nebo bydli\u0161t\u011bm ve smluvn\u00edm st\u00e1t\u011b EHP nebo ve \u0160v\u00fdcarsku.<br>We have currently suspended onboarding End Users residing in Hungary.<\/p>\n<\/dd>\n                    <dt><h3 class=\"is-style-alt\">Jsou platebn\u00ed karty dostupn\u00e9 v\u0161em opr\u00e1vn\u011bn\u00fdm z\u00e1kazn\u00edk\u016fm?<\/h3><div class=\"plusminus\"><\/div><\/dt>\n            <dd>\n<p><br>Platebn\u00ed karty jsou k dispozici pouze pro obyvatele EHP.<\/p>\n<\/dd>\n                    <dt><h3 class=\"is-style-alt\">Co je t\u0159eba k vytvo\u0159en\u00ed \u00fa\u010dtu koncov\u00e9ho u\u017eivatele (\u00farove\u0148 1)?<\/h3><div class=\"plusminus\"><\/div><\/dt>\n            <dd>\n<p>\u00da\u010det koncov\u00e9ho u\u017eivatele je vytvo\u0159en pro opr\u00e1vn\u011bn\u00e9 osoby, kter\u00e9 splnily podm\u00ednky KYC. Z\u00e1kladn\u00ed po\u017eadavky na vytvo\u0159en\u00ed \u00fa\u010dtu (\u00farove\u0148 1) jsou:<\/p>\n\n\n\n<p><strong>Doklad o toto\u017enosti (POI):<\/strong>&nbsp;Doklad platn\u00fd pro cestov\u00e1n\u00ed v r\u00e1mci EHP (pro ob\u010dany EHP a \u0160v\u00fdcarska je to ob\u010dansk\u00fd pr\u016fkaz nebo cestovn\u00ed pas; pro ob\u010dany jin\u00fdch st\u00e1t\u016f je to cestovn\u00ed pas).<\/p>\n\n\n\n<p><strong>Selfie.<\/strong><\/p>\n<\/dd>\n                    <dt><h3 class=\"is-style-alt\">Jak\u00e9 jsou dal\u0161\u00ed po\u017eadavky na ob\u010dany t\u0159et\u00edch zem\u00ed s pobytem v EHP nebo \u0160v\u00fdcarsku?<\/h3><div class=\"plusminus\"><\/div><\/dt>\n            <dd>\n<p><br>Ob\u010dan\u00e9 t\u0159et\u00edch zem\u00ed s pobytem v EHP nebo \u0160v\u00fdcarsku pot\u0159ebuj\u00ed druh\u00fd doklad toto\u017enosti (POI2), kter\u00fdm je platn\u00e9 povolen\u00ed k pobytu vydan\u00e9 smluvn\u00edm st\u00e1tem EHP nebo \u0160v\u00fdcarskem. V ur\u010dit\u00fdch omezen\u00fdch p\u0159\u00edpadech m\u016f\u017eeme jako POI2 akceptovat pr\u016fkaz toto\u017enosti vydan\u00fd smluvn\u00edm st\u00e1tem EHP.<\/p>\n<\/dd>\n                    <dt><h3 class=\"is-style-alt\">Kdy je vy\u017eadov\u00e1n doklad o adrese (POA)?<\/h3><div class=\"plusminus\"><\/div><\/dt>\n            <dd>\n<p><br>V n\u011bkter\u00fdch p\u0159\u00edpadech m\u016f\u017eeme pro schv\u00e1len\u00ed KYC vy\u017eadovat doklad o adrese (POA) v \u00farovni 1.<\/p>\n<\/dd>\n                    <dt><h3 class=\"is-style-alt\">Kdy koncov\u00fd u\u017eivatel p\u0159ech\u00e1z\u00ed na ov\u011b\u0159en\u00ed \u00farovn\u011b 2?<\/h3><div class=\"plusminus\"><\/div><\/dt>\n            <dd>\n<p><br>Koncov\u00fd u\u017eivatel je povinen p\u0159edlo\u017eit dokumentaci \u00farovn\u011b 2, jakmile hodnota jeho p\u0159\u00edchoz\u00edch transakc\u00ed dos\u00e1hne 15 000 EUR ve virtu\u00e1ln\u00edch aktivech nebo 25 000 EUR celkov\u011b.<\/p>\n<\/dd>\n                    <dt><h3 class=\"is-style-alt\">Jak\u00e9 dokumenty jsou vy\u017eadov\u00e1ny pro ov\u011b\u0159en\u00ed \u00farovn\u011b 2?<\/h3><div class=\"plusminus\"><\/div><\/dt>\n            <dd>\n<p>Po\u017eadavky \u00farovn\u011b 2 jsou:<\/p>\n\n\n\n<p><strong>Doklad o adrese (POA)<\/strong>&nbsp;(pokud nen\u00ed uvedeno v \u00farovni 1): Mus\u00ed to b\u00fdt bu\u010f \u00fa\u010det za slu\u017eby (nap\u0159. za elekt\u0159inu, plyn, vodu nebo pevnou linku), nebo v\u00fdpis z \u00fa\u010dtu (nap\u0159. od platebn\u00ed instituce nebo banky). \u00da\u010dty za mobiln\u00ed telefon se nep\u0159ij\u00edmaj\u00ed. Dokument mus\u00ed b\u00fdt naps\u00e1n na jm\u00e9no koncov\u00e9ho u\u017eivatele, mus\u00ed odpov\u00eddat uveden\u00e9 adrese a nesm\u00ed b\u00fdt star\u0161\u00ed ne\u017e t\u0159i (3) m\u011bs\u00edce.<\/p>\n\n\n\n<p><strong>Informace o zdroji finan\u010dn\u00edch prost\u0159edk\u016f a dokument(y)<\/strong>.<\/p>\n<\/dd>\n                    <dt><h3 class=\"is-style-alt\">Jak\u00e1 je lh\u016fta pro dokon\u010den\u00ed ov\u011b\u0159en\u00ed \u00farovn\u011b 2?<\/h3><div class=\"plusminus\"><\/div><\/dt>\n            <dd>\n<p><br>Koncov\u00fd u\u017eivatel m\u00e1 30denn\u00ed lh\u016ftu na dokon\u010den\u00ed ov\u011b\u0159en\u00ed \u00farovn\u011b 2, b\u011bhem n\u00ed\u017e m\u00e1 nad\u00e1le p\u0159\u00edstup k pln\u00fdm funkc\u00edm \u00fa\u010dtu.<\/p>\n<\/dd>\n                    <dt><h3 class=\"is-style-alt\">Jak\u00e9 jsou limity transakc\u00ed pro jednotliv\u00e9 z\u00e1kazn\u00edky v Tier 1 a Tier 2?<\/h3><div class=\"plusminus\"><\/div><\/dt>\n            <dd>\n<p>Plat\u00ed n\u00e1sleduj\u00edc\u00ed limity\/prahy transakc\u00ed:<\/p>\n\n\n\n<figure class=\"wp-block-table\"><table class=\"has-fixed-layout\"><tbody><tr><td><strong>\u00darove\u0148<\/strong><\/td><td><strong>P\u0159\u00edchoz\u00ed transakce<\/strong><\/td><td><strong>Odchoz\u00ed transakce<\/strong><\/td><\/tr><tr><td><strong>\u00darove\u0148 1<\/strong><\/td><td>V\u00fdplaty virtu\u00e1ln\u00edch aktiv: celkem m\u00e9n\u011b ne\u017e 15 000 EUR. V\u0161echny v\u00fdplaty: celkem m\u00e9n\u011b ne\u017e 25 000 EUR.<\/td><td>V\u0161echny odchoz\u00ed transakce\u00b9: 10 000 EUR m\u011bs\u00ed\u010dn\u011b. Platby kartou\u00b2: 10 000 EUR m\u011bs\u00ed\u010dn\u011b \/ 10 000 EUR denn\u011b. V\u00fdb\u011bry z bankomat\u016f\u00b3: 3 000 EUR m\u011bs\u00ed\u010dn\u011b \/ 350 EUR denn\u011b.<\/td><\/tr><tr><td><strong>\u00darove\u0148 2<\/strong><\/td><td>N\/A (\u017d\u00e1dn\u00e9 stanoven\u00e9 limity).<\/td><td>\u017d\u00e1dn\u00e9 limity pro odchoz\u00ed transakce, s v\u00fdjimkou: Platby kartou: 15 000 EUR m\u011bs\u00ed\u010dn\u011b \/ 10 000 EUR denn\u011b. V\u00fdb\u011bry z bankomat\u016f: 3 000 EUR m\u011bs\u00ed\u010dn\u011b \/ 350 EUR denn\u011b.<\/td><\/tr><\/tbody><\/table><\/figure>\n\n\n\n<p>\u00b9 V\u00fdb\u011bry virtu\u00e1ln\u00edch aktiv a fiat m\u011bn, p\u0159evody virtu\u00e1ln\u00edch aktiv a transakce kartou se zapo\u010d\u00edt\u00e1vaj\u00ed do celkov\u00e9ho limitu odchoz\u00edch transakc\u00ed.<\/p>\n\n\n\n<p>\u00b2Platby kartou d\u00e1le podl\u00e9haj\u00ed celkov\u00e9mu m\u011bs\u00ed\u010dn\u00edmu limitu odchoz\u00edch plateb.<\/p>\n\n\n\n<p>\u00b3ATM v\u00fdb\u011bry d\u00e1le podl\u00e9haj\u00ed celkov\u00e9mu m\u011bs\u00ed\u010dn\u00edmu limitu pro odchoz\u00ed platby.<\/p>\n<\/dd>\n                    <dt><h3 class=\"is-style-alt\">Kter\u00e9 zem\u011b jsou pro v\u0161eobecn\u00e9 slu\u017eby omezeny?<\/h3><div class=\"plusminus\"><\/div><\/dt>\n            <dd>\n<p>Currently, we are unable to provide or make Services available to residents of the following jurisdictions: Afghanistan, Albania, Algeria, Angola, Armenia, Azerbaijan, Barbados, Belarus, Bolivia, Botswana, Burkina Faso, Burundi, Cambodia, Cameroon, Cayman Islands, Central African Republic, Chad, China, C\u00f4te d&#8217;Ivoire (Ivory Coast), Cuba, Democratic Republic of Congo, Democratic People\u2019s Republic of Korea (North Korea), Egypt, Equatorial Guinea, Ghana, Gibraltar, Guinea, Guinea-Bissau, Haiti, Iran, Iraq, Jamaica, Japan, Jordan, Kazakhstan, Kenya, Kyrgyzstan, Laos, Lebanon, Libya, Mali, Mauritius, Moldova, Monaco, Morocco, Mozambique, Myanmar, Namibia, Nepal, Nicaragua, Niger, Nigeria, Pakistan, Palestinian Authority, Panama, Philippines, Russia, Saudi Arabia, Senegal, Somalia, South Africa, South Sudan, Sri Lanka, Sudan, Syria, Tajikistan, Tanzania, Trinidad and Tobago, Tunisia, Turkmenistan, T\u00fcrkiye, Uganda, Ukraine, United Arab Emirates, United Kingdom of Great Britain and Northern Ireland, United States of America, Uzbekistan, Vanuatu, Venezuela, Vietnam, Virgin Islands (UK), Yemen, Zimbabwe. Access to Services may be restricted in the countries, territories, regions, and jurisdictions provided above.<\/p>\n<\/dd>\n                    <dt><h3 class=\"is-style-alt\">Maj\u00ed n\u00e1rok na slu\u017eby ob\u010dan\u00e9 Rusk\u00e9 federace?<\/h3><div class=\"plusminus\"><\/div><\/dt>\n            <dd>\n<p><br>Z regula\u010dn\u00edch d\u016fvod\u016f nem\u016f\u017eeme v sou\u010dasn\u00e9 dob\u011b nab\u00edzet Slu\u017eby ob\u010dan\u016fm Rusk\u00e9 federace bez ohledu na jejich bydli\u0161t\u011b. V\u00fdjimka se vztahuje na ob\u010dany Rusk\u00e9 federace, kte\u0159\u00ed maj\u00ed z\u00e1rove\u0148 ob\u010danstv\u00ed EU\/EHP nebo \u0160v\u00fdcarska a kte\u0159\u00ed mohou vyu\u017e\u00edvat na\u0161e Slu\u017eby.<\/p>\n<\/dd>\n                    <dt><h3 class=\"is-style-alt\">Kde je pou\u017eit\u00ed platebn\u00ed karty vylou\u010deno?<\/h3><div class=\"plusminus\"><\/div><\/dt>\n            <dd>\n<p><br>Using the Payment Card is not possible within the following countries, territories, regions, or jurisdictions: Afghanistan, Algeria, Belarus, Burkina Faso, Cameroon, Cuba, Democratic Republic of Congo, Egypt, Guinea Bissau, Haiti, Iran, Iraq, Jordan, Kyrgyzstan, Lebanon, Libya, Mali, Morocco, Mozambique, Myanmar, Nicaragua, Niger, Nigeria, North Korea, Pakistan, Palestinian Authority, Russia, Saudi Arabia, Somalia, South Sudan, Sudan, Syria, Tajikistan, Tunisia, Turkmenistan, T\u00fcrkiye, Ukraine*, United Arab Emirates, Uzbekistan, Venezuela, Yemen, Zimbabwe.<\/p>\n<\/dd>\n                    <dt><h3 class=\"is-style-alt\">Existuj\u00ed na Ukrajin\u011b n\u011bjak\u00e1 zvl\u00e1\u0161tn\u00ed omezen\u00ed pro transakce s kartami?<\/h3><div class=\"plusminus\"><\/div><\/dt>\n            <dd>\n<p><br>V n\u011bkter\u00fdch aplikac\u00edch mohou b\u00fdt k dispozici karetn\u00ed transakce na Ukrajin\u011b. Nejsou v\u0161ak mo\u017en\u00e9 v oblastech Ukrajiny, kter\u00e9 nejsou pod kontrolou vl\u00e1dy.<\/p>\n<\/dd>\n                <\/dl>\n<\/div>\n<!-- \/faq_list -->\n\n\n\n\n\n\n<!-- cta_block -->\n<div id=\"cta-block_249aedf291b0210d6ecf9b3dbe9cbac9\" class=\"cta_block\">\n    <header>\n\t\t        <h2><strong>Start<\/strong> Va\u0161e cesta s Confidopay<\/h2>        <p>Jste p\u0159ipraveni za\u017e\u00edt svobodu bez n\u00e1mahy p\u0159i utr\u00e1cen\u00ed za kryptom\u011bny? P\u0159eve\u010fte sv\u00e1 digit\u00e1ln\u00ed aktiva na fiat s t\u00e9m\u011b\u0159 nulov\u00fdmi poplatky a pou\u017e\u00edvejte svou kartu po cel\u00e9m sv\u011bt\u011b. Zaregistrujte se b\u011bhem n\u011bkolika minut a odemkn\u011bte skute\u010dn\u00fd potenci\u00e1l sv\u00fdch kryptom\u011bn je\u0161t\u011b dnes.<\/p>\n\t\t        <a class=\"button\" href=\"https:\/\/app.confidopay.com\/\" title=\"Z\u00edskejte svou kartu\" target=\"\">Z\u00edskejte svou kartu<\/a>    <\/header>\n\t<span class=\"card_additional_text\"> *The final design of the card may be different.<\/span>\t<div class=\"get_it_on\"><h4>Z\u00edskejte ji<\/h4><ul><li><a href=\"\/cs\/\"><img decoding=\"async\" width=\"244\" height=\"72\" loading=\"lazy\" src=\"https:\/\/confidopay.com\/wp-content\/uploads\/2025\/08\/google_play.png\" alt=\"\" \/><\/a><\/li><li><a href=\"\/cs\/\"><img decoding=\"async\" width=\"240\" height=\"72\" loading=\"lazy\" src=\"https:\/\/confidopay.com\/wp-content\/uploads\/2025\/08\/app_store.png\" alt=\"\" \/><\/a><\/li><\/ul><\/div><\/div>\n<!-- \/cta_block -->","protected":false},"excerpt":{"rendered":"<p>Pricing That Puts You First We believe in transparency and fairness. Our pricing is designed to give you the best value while unlocking the true power of your crypto.<\/p>","protected":false},"author":1,"featured_media":0,"parent":0,"menu_order":0,"comment_status":"closed","ping_status":"closed","template":"","meta":{"_acf_changed":false,"footnotes":""},"class_list":["post-12","page","type-page","status-publish","hentry"],"acf":[],"_links":{"self":[{"href":"https:\/\/confidopay.com\/cs\/wp-json\/wp\/v2\/pages\/12","targetHints":{"allow":["GET"]}}],"collection":[{"href":"https:\/\/confidopay.com\/cs\/wp-json\/wp\/v2\/pages"}],"about":[{"href":"https:\/\/confidopay.com\/cs\/wp-json\/wp\/v2\/types\/page"}],"author":[{"embeddable":true,"href":"https:\/\/confidopay.com\/cs\/wp-json\/wp\/v2\/users\/1"}],"replies":[{"embeddable":true,"href":"https:\/\/confidopay.com\/cs\/wp-json\/wp\/v2\/comments?post=12"}],"version-history":[{"count":2,"href":"https:\/\/confidopay.com\/cs\/wp-json\/wp\/v2\/pages\/12\/revisions"}],"predecessor-version":[{"id":415,"href":"https:\/\/confidopay.com\/cs\/wp-json\/wp\/v2\/pages\/12\/revisions\/415"}],"wp:attachment":[{"href":"https:\/\/confidopay.com\/cs\/wp-json\/wp\/v2\/media?parent=12"}],"curies":[{"name":"wp","href":"https:\/\/api.w.org\/{rel}","templated":true}]}}